{"id":69230,"date":"2023-05-05T17:26:58","date_gmt":"2023-05-05T17:26:58","guid":{"rendered":"https:\/\/harristweed-shop.be\/product\/harris-tweed-pet-610-blauwe-visgraat-2\/"},"modified":"2026-04-22T11:33:58","modified_gmt":"2026-04-22T11:33:58","slug":"harris-tweed-pet-610-blauwe-visgraat-2","status":"publish","type":"product","link":"https:\/\/harristweed-shop.be\/fr\/produit\/casquette-harris-tweed-610-bleu-a-chevrons-2\/","title":{"rendered":"Casquette plate Henry en tweed Harris \u00e0 chevrons bleus"},"content":{"rendered":"<p>Casquette plate unisexe &quot;Henry Cap&quot; en Harris Tweed original - style avec tradition.<\/p>\n<p>D\u00e9couvrez la casquette \u00ab\u00a0Henry\u00a0\u00bb, un accessoire alliant avec brio tradition, savoir-faire artisanal et \u00e9l\u00e9gance contemporaine. Son magnifique tissu en pure laine vierge, tiss\u00e9 \u00e0 la main dans les H\u00e9brides ext\u00e9rieures en \u00c9cosse, incarne une \u00e9l\u00e9gance intemporelle et un savoir-faire authentique, et est bien plus qu&#039;une simple d\u00e9claration de style.<\/p>\n<p>La casquette \u00ab\u00a0Henry\u00a0\u00bb reprend la forme classique de la casquette plate et la r\u00e9interpr\u00e8te avec un raffinement moderne. Sa calotte plate, sa visi\u00e8re flexible et sa coupe ergonomique lui conf\u00e8rent une silhouette \u00e9l\u00e9gante et raffin\u00e9e, agr\u00e9ablement l\u00e9g\u00e8re, id\u00e9ale pour les activit\u00e9s sportives comme pour le quotidien. Ce mod\u00e8le s&#039;adapte parfaitement et sublime votre style, qu&#039;il soit associ\u00e9 \u00e0 une veste en tweed, un manteau ou une tenue d\u00e9contract\u00e9e.<\/p>\n<p>La casquette plate, autrefois incontournable pour le travail et la chasse dans les ann\u00e9es 1930, est depuis longtemps devenue un incontournable des tenues d\u00e9contract\u00e9es et \u00e9l\u00e9gantes. La casquette \u00ab\u00a0Henry\u00a0\u00bb perp\u00e9tue cette tradition et la modernise avec subtilit\u00e9. Mod\u00e8le unisexe, elle convient aussi bien aux hommes qu&#039;aux femmes et peut \u00eatre port\u00e9e de fa\u00e7on classique ou moderne, selon votre tenue.<\/p>\n<p>Affichez une d\u00e9claration audacieuse de style et de qualit\u00e9 avec un accessoire charg\u00e9 d&#039;histoire : la casquette Harris Tweed \u00ab Henry Cap \u00bb - un incontournable pour tous ceux qui appr\u00e9cient la mode avec du caract\u00e8re.<\/p>\n<p>\u2013 Fabriqu\u00e9 en Harris Tweed original 100%<br \/>\n<br \/>\u2013 Des mod\u00e8les assortis aux vestes et gilets Harris Tweed<br \/>\n<br \/>\u2013 Grand confort de port<\/p>\n<p>Coupe\u00a0: La taille du chapeau est indiqu\u00e9e en centim\u00e8tres. Mesurez votre tour de t\u00eate pour d\u00e9terminer la taille id\u00e9ale.<\/p>\n<p>Tissu ext\u00e9rieur : laine vierge 100%<br \/>Doublure : polyester 100%<\/p>","protected":false},"excerpt":{"rendered":"<p>Casquette plate Harris Tweed Henry en chevrons bleus 610.<\/p>\n<p>D\u00e9couvrez la casquette \u00ab\u00a0Henry\u00a0\u00bb, un accessoire alliant avec brio tradition, savoir-faire artisanal et \u00e9l\u00e9gance contemporaine. Son magnifique tissu en pure laine vierge, tiss\u00e9 \u00e0 la main dans les H\u00e9brides ext\u00e9rieures en \u00c9cosse, incarne une \u00e9l\u00e9gance intemporelle et un savoir-faire authentique, et est bien plus qu&#039;une simple d\u00e9claration de style.<\/p>","protected":false},"featured_media":537406,"template":"","meta":[],"product_brand":[],"product_cat":[1166,1120,1119,1164,433,547,542,83],"product_tag":[],"class_list":{"0":"post-69230","1":"product","2":"type-product","3":"status-publish","4":"has-post-thumbnail","6":"product_cat-harris-tweed-caps-schiebermutze","7":"product_cat-harris-tweed-flat-caps-harris-tweed-hoeden-petten-en-caps","8":"product_cat-harris-tweed-hoeden-petten-en-caps","9":"product_cat-harris-tweed-mutzen-und-hute","10":"product_cat-harris-tweed-petten","11":"product_cat-harris-tweed-mutzen","12":"product_cat-hute-und-caps","13":"product_cat-petten-en-caps","14":"pa_merk-harristweed","16":"first","17":"instock","18":"taxable","19":"shipping-taxable","20":"purchasable","21":"product-type-variable"},"df_price":69.95,"df_sale_price":"","df_regular_price":69.95,"df_image_link":"https:\/\/harristweed-shop.be\/wp-content\/uploads\/2023\/05\/6c04da392e588a7dfedfa693a7f8a8fe_Harris_Tweed_Pet_610_Blauwe_Visgraat-225x300.jpeg","_links":{"self":[{"href":"https:\/\/harristweed-shop.be\/fr\/wp-json\/wp\/v2\/product\/69230","targetHints":{"allow":["GET"]}}],"collection":[{"href":"https:\/\/harristweed-shop.be\/fr\/wp-json\/wp\/v2\/product"}],"about":[{"href":"https:\/\/harristweed-shop.be\/fr\/wp-json\/wp\/v2\/types\/product"}],"wp:featuredmedia":[{"embeddable":true,"href":"https:\/\/harristweed-shop.be\/fr\/wp-json\/wp\/v2\/media\/537406"}],"wp:attachment":[{"href":"https:\/\/harristweed-shop.be\/fr\/wp-json\/wp\/v2\/media?parent=69230"}],"wp:term":[{"taxonomy":"product_brand","embeddable":true,"href":"https:\/\/harristweed-shop.be\/fr\/wp-json\/wp\/v2\/product_brand?post=69230"},{"taxonomy":"product_cat","embeddable":true,"href":"https:\/\/harristweed-shop.be\/fr\/wp-json\/wp\/v2\/product_cat?post=69230"},{"taxonomy":"product_tag","embeddable":true,"href":"https:\/\/harristweed-shop.be\/fr\/wp-json\/wp\/v2\/product_tag?post=69230"}],"curies":[{"name":"wp","href":"https:\/\/api.w.org\/{rel}","templated":true}]}}