{"id":65195,"date":"2023-05-05T16:42:59","date_gmt":"2023-05-05T16:42:59","guid":{"rendered":"https:\/\/harristweed-shop.be\/product\/sokken-blauw-stip\/"},"modified":"2026-05-02T15:34:06","modified_gmt":"2026-05-02T15:34:06","slug":"sokken-blauw-stip","status":"publish","type":"product","link":"https:\/\/harristweed-shop.be\/fr\/produit\/chaussettes-a-pois-bleus\/","title":{"rendered":"Chaussettes en coton pour homme Intrecci bleu royal"},"content":{"rendered":"<p>Les chaussettes bleu roi de la collection Intrecci de Carlo Lanza allient avec brio design italien et \u00e9l\u00e9gance masculine contemporaine. Leur couleur riche, associ\u00e9e \u00e0 un motif raffin\u00e9, cr\u00e9e un style \u00e0 la fois audacieux et discret. Parfaites pour ceux qui souhaitent apporter une touche d&#039;originalit\u00e9 \u00e0 leur tenue professionnelle ou afficher un style impeccable en toute d\u00e9contraction. Ces chaussettes pour homme sont confectionn\u00e9es en coton \u00e9gyptien de premi\u00e8re qualit\u00e9. Ce mat\u00e9riau est reconnu pour sa durabilit\u00e9, sa douceur et sa respirabilit\u00e9, des qualit\u00e9s qui garantissent un confort optimal jour apr\u00e8s jour. R\u00e9sistantes \u00e0 la d\u00e9coloration, ces chaussettes conservent leur forme et leur ajustement m\u00eame apr\u00e8s de nombreux lavages. Chaque chaussette est soigneusement fabriqu\u00e9e en Italie et poss\u00e8de une couture aux orteils finie \u00e0 la main, vous assurant ainsi un confort optimal et l&#039;absence de frottements et de points de pression dans vos chaussures. Gr\u00e2ce \u00e0 leur bord-c\u00f4te plus haut, elles restent parfaitement en place toute la journ\u00e9e. En qu\u00eate de chaussettes de caract\u00e8re ? Ces chaussettes bleu roi pour homme sont un excellent choix. Soumises \u00e0 un contr\u00f4le qualit\u00e9 rigoureux et pr\u00e9lav\u00e9es pour \u00e9viter tout r\u00e9tr\u00e9cissement, elles incarnent la v\u00e9ritable qualit\u00e9 italienne. Lavez les chaussettes \u00e0 l&#039;envers \u00e0 30 degr\u00e9s Celsius et laissez-les s\u00e9cher \u00e0 l&#039;air libre. Elles resteront ainsi belles et confortables. Ces chaussettes \u00e9l\u00e9gantes pour hommes sont un cadeau id\u00e9al \u00e0 s&#039;offrir ou \u00e0 offrir \u00e0 tout homme de go\u00fbt. Acheter des chaussettes pour hommes devient un choix \u00e0 la fois styl\u00e9 et responsable.<\/p>\n<p>Toutes les chaussettes et bas haut de gamme de la marque Carlo Lanza sont confectionn\u00e9s artisanalement avec le plus grand soin dans une usine italienne. Ici, la fabrication de chaussettes est un v\u00e9ritable art. Au sein de cette entreprise familiale, seuls les tissus les plus fins au monde sont utilis\u00e9s pour garantir la qualit\u00e9 de leurs produits. Cependant, ces mati\u00e8res \u00e9tant d\u00e9licates, il est important de manipuler et de nettoyer vos chaussettes et bas haut de gamme avec pr\u00e9caution.<\/p>\n<p>Nos chaussettes de qualit\u00e9 finissent souvent par se retrouver dans le tas de linge sale et, malheureusement, elles ne re\u00e7oivent pas beaucoup d&#039;attention. Cependant, nous souhaitons vous donner quelques conseils pour laver vos chaussettes et pr\u00e9server ainsi leur belle couleur. Si vous suivez les conseils ci-dessous apr\u00e8s avoir achet\u00e9 nos chaussettes, vous constaterez qu&#039;ils prolongeront leur dur\u00e9e de vie\u00a0:<\/p>\n<ul>\n<li>Lavez vos chaussettes \u00e0 une temp\u00e9rature maximale de 30 degr\u00e9s.<\/li>\n<li>Il est pr\u00e9f\u00e9rable de laver ses chaussettes \u00e0 l&#039;envers.<\/li>\n<li>Faites s\u00e9cher vos chaussettes sur l&#039;\u00e9tendoir \u00e0 linge et non dans le s\u00e8che-linge.<\/li>\n<li>\u00c9vitez autant que possible de porter des chaussettes \u00e0 l&#039;int\u00e9rieur. Portez des chaussons ou des tongs confortables pour pr\u00e9server vos chaussettes.<\/li>\n<\/ul>\n<p>Marque : Carlo Lanza<br \/>\nMati\u00e8re : 80% coton \u00e9gyptien | 16% polyamide | 4% \u00e9lasthanne<br \/>\nTraitement suppl\u00e9mentaire : le fil d&#039;\u00e9cosse apporte un \u00e9clat soyeux sur les chaussettes<br \/>\nDisponible dans les tailles : S (39-43) et M (44-48).<br \/>\nLongueur de la chaussette \u00e0 partir du talon : \u00b1 27 cm<br \/>\nD\u00e9tails\u00a0: Bout remaill\u00e9 \u00e0 la main. Le bout et le talon sont renforc\u00e9s de nylon, ce qui les rend tr\u00e8s r\u00e9sistants.<br \/>\nLabel de qualit\u00e9 Oeko Tex\u00ae<br \/>\nFabriqu\u00e9 en Italie<\/p>","protected":false},"excerpt":{"rendered":"<p>Chaussettes pour hommes en coton Intrecci bleu royal.<\/p>\n<p>Les chaussettes bleu roi de la collection Intrecci de Carlo Lanza allient avec brio design italien et \u00e9l\u00e9gance masculine moderne. Leur couleur riche, associ\u00e9e \u00e0 un motif raffin\u00e9, cr\u00e9e un style \u00e0 la fois audacieux et discret.<\/p>","protected":false},"featured_media":65198,"template":"","meta":[],"product_brand":[],"product_cat":[925,134],"product_tag":[],"class_list":{"0":"post-65195","1":"product","2":"type-product","3":"status-publish","4":"has-post-thumbnail","6":"product_cat-socken","7":"product_cat-sokken","8":"pa_merk-carlolanza","10":"first","11":"instock","12":"taxable","13":"shipping-taxable","14":"purchasable","15":"product-type-variable"},"df_price":17.95,"df_sale_price":"","df_regular_price":17.95,"df_image_link":"https:\/\/harristweed-shop.be\/wp-content\/uploads\/2023\/05\/fc397a5517e89b818c48046359f3234b_100079_20201_5428-300x300.jpg","_links":{"self":[{"href":"https:\/\/harristweed-shop.be\/fr\/wp-json\/wp\/v2\/product\/65195","targetHints":{"allow":["GET"]}}],"collection":[{"href":"https:\/\/harristweed-shop.be\/fr\/wp-json\/wp\/v2\/product"}],"about":[{"href":"https:\/\/harristweed-shop.be\/fr\/wp-json\/wp\/v2\/types\/product"}],"wp:featuredmedia":[{"embeddable":true,"href":"https:\/\/harristweed-shop.be\/fr\/wp-json\/wp\/v2\/media\/65198"}],"wp:attachment":[{"href":"https:\/\/harristweed-shop.be\/fr\/wp-json\/wp\/v2\/media?parent=65195"}],"wp:term":[{"taxonomy":"product_brand","embeddable":true,"href":"https:\/\/harristweed-shop.be\/fr\/wp-json\/wp\/v2\/product_brand?post=65195"},{"taxonomy":"product_cat","embeddable":true,"href":"https:\/\/harristweed-shop.be\/fr\/wp-json\/wp\/v2\/product_cat?post=65195"},{"taxonomy":"product_tag","embeddable":true,"href":"https:\/\/harristweed-shop.be\/fr\/wp-json\/wp\/v2\/product_tag?post=65195"}],"curies":[{"name":"wp","href":"https:\/\/api.w.org\/{rel}","templated":true}]}}