{"id":65190,"date":"2023-05-05T16:42:55","date_gmt":"2023-05-05T16:42:55","guid":{"rendered":"https:\/\/harristweed-shop.be\/product\/sokken-grijs-stip\/"},"modified":"2026-05-05T05:47:31","modified_gmt":"2026-05-05T05:47:31","slug":"sokken-grijs-stip","status":"publish","type":"product","link":"https:\/\/harristweed-shop.be\/fr\/produit\/chaussettes-a-pois-gris\/","title":{"rendered":"Chaussettes homme en coton Intrecci gris"},"content":{"rendered":"<p>Les chaussettes grises de la collection Intrecci de Carlo Lanza sont un incontournable pour tout homme qui privil\u00e9gie style et simplicit\u00e9. Leur motif discret apporte une touche d&#039;originalit\u00e9 \u00e0 la chaussette noire classique sans en alt\u00e9rer la polyvalence. Confectionn\u00e9es en coton \u00e9gyptien de premi\u00e8re qualit\u00e9, ces chaussettes offrent un \u00e9quilibre parfait entre douceur, r\u00e9sistance et respirabilit\u00e9. Gr\u00e2ce \u00e0 la couture des orteils finie \u00e0 la main et au bord-c\u00f4te sur\u00e9lev\u00e9, elles garantissent un confort optimal tout au long de la journ\u00e9e, sans glisser ni irriter la peau. Enti\u00e8rement fabriqu\u00e9es en Italie, elles font l&#039;objet d&#039;un contr\u00f4le qualit\u00e9 rigoureux. Pr\u00e9lav\u00e9es et repass\u00e9es, elles vous assurent une qualit\u00e9 durable. Choisir les chaussettes Carlo Lanza, c&#039;est opter pour le mod\u00e8le id\u00e9al en toute occasion. Leur entretien est simple\u00a0: lavez-les \u00e0 l&#039;envers \u00e0 30\u00a0\u00b0C maximum et laissez-les s\u00e9cher \u00e0 l&#039;air libre. \u00c0 porter soi-m\u00eame ou \u00e0 offrir, ces chaussettes noires incarnent l&#039;\u00e9l\u00e9gance intemporelle.<\/p>\n<p>Toutes les chaussettes et bas haut de gamme de la marque Carlo Lanza sont confectionn\u00e9s artisanalement avec le plus grand soin dans une usine italienne. Ici, la fabrication de chaussettes est un v\u00e9ritable art. Au sein de cette entreprise familiale, seuls les tissus les plus fins au monde sont utilis\u00e9s pour garantir la qualit\u00e9 de leurs produits. Cependant, ces mati\u00e8res \u00e9tant d\u00e9licates, il est important de manipuler et de nettoyer vos chaussettes et bas haut de gamme avec pr\u00e9caution.<\/p>\n<p>Nos chaussettes de qualit\u00e9 finissent souvent par se retrouver dans le tas de linge sale et, malheureusement, elles ne re\u00e7oivent pas beaucoup d&#039;attention. Cependant, nous souhaitons vous donner quelques conseils pour laver vos chaussettes et pr\u00e9server ainsi leur belle couleur. Si vous suivez les conseils ci-dessous apr\u00e8s avoir achet\u00e9 nos chaussettes, vous constaterez qu&#039;ils prolongeront leur dur\u00e9e de vie\u00a0:<\/p>\n<ul>\n<li>Lavez vos chaussettes \u00e0 une temp\u00e9rature maximale de 30 degr\u00e9s.<\/li>\n<li>Il est pr\u00e9f\u00e9rable de laver ses chaussettes \u00e0 l&#039;envers.<\/li>\n<li>Faites s\u00e9cher vos chaussettes sur l&#039;\u00e9tendoir \u00e0 linge et non dans le s\u00e8che-linge.<\/li>\n<li>\u00c9vitez autant que possible de porter des chaussettes \u00e0 l&#039;int\u00e9rieur. Portez des chaussons ou des tongs confortables pour pr\u00e9server vos chaussettes.<\/li>\n<\/ul>\n<p>Marque : Carlo Lanza<br \/>\nMati\u00e8re : 80% coton \u00e9gyptien | 16% polyamide | 4% \u00e9lasthanne<br \/>\nTraitement suppl\u00e9mentaire : le fil d&#039;\u00e9cosse apporte un \u00e9clat soyeux sur les chaussettes<br \/>\nDisponible dans les tailles : S (39-43) et M (44-48).<br \/>\nLongueur de la chaussette \u00e0 partir du talon : \u00b1 27 cm<br \/>\nD\u00e9tails\u00a0: Bout remaill\u00e9 \u00e0 la main. Le bout et le talon sont renforc\u00e9s de nylon, ce qui les rend tr\u00e8s r\u00e9sistants.<br \/>\nLabel de qualit\u00e9 Oeko Tex\u00ae<br \/>\nFabriqu\u00e9 en Italie<\/p>","protected":false},"excerpt":{"rendered":"<p>Chaussettes pour hommes en coton Intrecci gris.<\/p>\n<p>Les chaussettes grises de la collection Intrecci de Carlo Lanza sont un incontournable pour tout homme soucieux d&#039;\u00e9l\u00e9gance et de simplicit\u00e9. Leur motif discret apporte une touche d&#039;originalit\u00e9 \u00e0 la chaussette noire classique, sans rien perdre de sa polyvalence.<\/p>","protected":false},"featured_media":65193,"template":"","meta":[],"product_brand":[],"product_cat":[925,134],"product_tag":[],"class_list":{"0":"post-65190","1":"product","2":"type-product","3":"status-publish","4":"has-post-thumbnail","6":"product_cat-socken","7":"product_cat-sokken","8":"pa_merk-carlolanza","10":"first","11":"instock","12":"taxable","13":"shipping-taxable","14":"purchasable","15":"product-type-variable"},"df_price":17.95,"df_sale_price":"","df_regular_price":17.95,"df_image_link":"https:\/\/harristweed-shop.be\/wp-content\/uploads\/2023\/05\/cd5844b54fc4246eb3dda64561a467e3_100078_20201_5430-300x300.jpg","_links":{"self":[{"href":"https:\/\/harristweed-shop.be\/fr\/wp-json\/wp\/v2\/product\/65190","targetHints":{"allow":["GET"]}}],"collection":[{"href":"https:\/\/harristweed-shop.be\/fr\/wp-json\/wp\/v2\/product"}],"about":[{"href":"https:\/\/harristweed-shop.be\/fr\/wp-json\/wp\/v2\/types\/product"}],"wp:featuredmedia":[{"embeddable":true,"href":"https:\/\/harristweed-shop.be\/fr\/wp-json\/wp\/v2\/media\/65193"}],"wp:attachment":[{"href":"https:\/\/harristweed-shop.be\/fr\/wp-json\/wp\/v2\/media?parent=65190"}],"wp:term":[{"taxonomy":"product_brand","embeddable":true,"href":"https:\/\/harristweed-shop.be\/fr\/wp-json\/wp\/v2\/product_brand?post=65190"},{"taxonomy":"product_cat","embeddable":true,"href":"https:\/\/harristweed-shop.be\/fr\/wp-json\/wp\/v2\/product_cat?post=65190"},{"taxonomy":"product_tag","embeddable":true,"href":"https:\/\/harristweed-shop.be\/fr\/wp-json\/wp\/v2\/product_tag?post=65190"}],"curies":[{"name":"wp","href":"https:\/\/api.w.org\/{rel}","templated":true}]}}