{"id":64416,"date":"2023-05-05T16:08:25","date_gmt":"2023-05-05T16:08:25","guid":{"rendered":"https:\/\/harristweed-shop.be\/product\/sokken-blauw\/"},"modified":"2026-05-05T16:03:55","modified_gmt":"2026-05-05T16:03:55","slug":"sokken-blauw","status":"publish","type":"product","link":"https:\/\/harristweed-shop.be\/fr\/produit\/chaussettes-bleues\/","title":{"rendered":"Chaussettes pour hommes en coton bleu cobalt azzurro"},"content":{"rendered":"<p>Les chaussettes bleu cobalt pour homme de la collection Carlo Lanza Azzurro allient robustesse et \u00e9l\u00e9gance. Leur couleur vibrante apporte instantan\u00e9ment du caract\u00e8re \u00e0 toutes les tenues et cr\u00e9e un look moderne et intemporel. Confectionn\u00e9es en coton \u00e9gyptien doux, ces chaussettes garantissent un confort durable et un ajustement parfait. Les coutures finies \u00e0 la main et les zones renforc\u00e9es assurent un confort optimal, m\u00eame apr\u00e8s une longue journ\u00e9e. Le bord-c\u00f4te extra-haut emp\u00eache les chaussettes de glisser et les rend id\u00e9ales pour les occasions plus formelles. Chaque chaussette Carlo Lanza est fabriqu\u00e9e en Italie, avec un souci du d\u00e9tail et de la qualit\u00e9. Lav\u00e9es et repass\u00e9es pour \u00e9viter le r\u00e9tr\u00e9cissement, elles font l&#039;objet d&#039;un contr\u00f4le qualit\u00e9 rigoureux. Vous recherchez des chaussettes pour homme alliant style et durabilit\u00e9\u00a0? Ces chaussettes bleu cobalt sont un excellent choix. Elles se marient parfaitement avec des tons clairs de beige ou de gris. Lavez-les \u00e0 30\u00a0\u00b0C maximum, \u00e0 l&#039;envers, et ne les mettez pas au s\u00e8che-linge. Les chaussettes id\u00e9ales pour les hommes qui appr\u00e9cient le confort et la couleur.<\/p>\n<p>Toutes les chaussettes et bas haut de gamme de la marque Carlo Lanza sont confectionn\u00e9s artisanalement avec le plus grand soin dans une usine italienne. Ici, la fabrication de chaussettes est un v\u00e9ritable art. Au sein de cette entreprise familiale, seuls les tissus les plus fins au monde sont utilis\u00e9s pour garantir la qualit\u00e9 de leurs produits. Cependant, ces mati\u00e8res \u00e9tant d\u00e9licates, il est important de manipuler et de nettoyer vos chaussettes et bas haut de gamme avec pr\u00e9caution.<\/p>\n<p>Nos chaussettes de qualit\u00e9 finissent souvent par se retrouver dans le tas de linge sale et, malheureusement, elles ne re\u00e7oivent pas beaucoup d&#039;attention. Cependant, nous souhaitons vous donner quelques conseils pour laver vos chaussettes et pr\u00e9server ainsi leur belle couleur. Si vous suivez les conseils ci-dessous apr\u00e8s avoir achet\u00e9 nos chaussettes, vous constaterez qu&#039;ils prolongeront leur dur\u00e9e de vie\u00a0:<\/p>\n<ul>\n<li>Lavez vos chaussettes \u00e0 une temp\u00e9rature maximale de 30 degr\u00e9s.<\/li>\n<li>Il est pr\u00e9f\u00e9rable de laver ses chaussettes \u00e0 l&#039;envers.<\/li>\n<li>Faites s\u00e9cher vos chaussettes sur l&#039;\u00e9tendoir \u00e0 linge et non dans le s\u00e8che-linge.<\/li>\n<li>\u00c9vitez autant que possible de porter des chaussettes \u00e0 l&#039;int\u00e9rieur. Portez des chaussons ou des tongs confortables pour pr\u00e9server vos chaussettes.<\/li>\n<\/ul>\n<p>Marque : Carlo Lanza<br \/>\nMati\u00e8re : 80% coton \u00e9gyptien | 16% polyamide | 4% \u00e9lasthanne<br \/>\nTraitement suppl\u00e9mentaire : le fil d&#039;\u00e9cosse apporte un \u00e9clat soyeux sur les chaussettes<br \/>\nDisponible dans les tailles : S (39-43) et M (44-48).<br \/>\nLongueur de la chaussette \u00e0 partir du talon : \u00b1 27 cm<br \/>\nD\u00e9tails\u00a0: Bout remaill\u00e9 \u00e0 la main. Le bout et le talon sont renforc\u00e9s de nylon, ce qui les rend tr\u00e8s r\u00e9sistants.<br \/>\nLabel de qualit\u00e9 Oeko Tex\u00ae<br \/>\nFabriqu\u00e9 en Italie<\/p>","protected":false},"excerpt":{"rendered":"<p>Chaussettes pour hommes en coton bleu cobalt azzurro.<\/p>\n<p>Les chaussettes bleu cobalt pour homme de la collection Azzurro de Carlo Lanza allient robustesse et \u00e9l\u00e9gance. Leur couleur vibrante apporte instantan\u00e9ment du caract\u00e8re \u00e0 n&#039;importe quelle tenue et cr\u00e9e un style moderne et intemporel.<\/p>","protected":false},"featured_media":64419,"template":"","meta":[],"product_brand":[],"product_cat":[925,134],"product_tag":[],"class_list":{"0":"post-64416","1":"product","2":"type-product","3":"status-publish","4":"has-post-thumbnail","6":"product_cat-socken","7":"product_cat-sokken","8":"pa_merk-carlolanza","10":"first","11":"instock","12":"taxable","13":"shipping-taxable","14":"purchasable","15":"product-type-variable"},"df_price":17.95,"df_sale_price":"","df_regular_price":17.95,"df_image_link":"https:\/\/harristweed-shop.be\/wp-content\/uploads\/2023\/05\/f49e2d7157621c1798ddcdd126f9c713_100054_20201_4546-300x300.jpg","_links":{"self":[{"href":"https:\/\/harristweed-shop.be\/fr\/wp-json\/wp\/v2\/product\/64416","targetHints":{"allow":["GET"]}}],"collection":[{"href":"https:\/\/harristweed-shop.be\/fr\/wp-json\/wp\/v2\/product"}],"about":[{"href":"https:\/\/harristweed-shop.be\/fr\/wp-json\/wp\/v2\/types\/product"}],"wp:featuredmedia":[{"embeddable":true,"href":"https:\/\/harristweed-shop.be\/fr\/wp-json\/wp\/v2\/media\/64419"}],"wp:attachment":[{"href":"https:\/\/harristweed-shop.be\/fr\/wp-json\/wp\/v2\/media?parent=64416"}],"wp:term":[{"taxonomy":"product_brand","embeddable":true,"href":"https:\/\/harristweed-shop.be\/fr\/wp-json\/wp\/v2\/product_brand?post=64416"},{"taxonomy":"product_cat","embeddable":true,"href":"https:\/\/harristweed-shop.be\/fr\/wp-json\/wp\/v2\/product_cat?post=64416"},{"taxonomy":"product_tag","embeddable":true,"href":"https:\/\/harristweed-shop.be\/fr\/wp-json\/wp\/v2\/product_tag?post=64416"}],"curies":[{"name":"wp","href":"https:\/\/api.w.org\/{rel}","templated":true}]}}