{"id":64394,"date":"2023-05-05T16:08:05","date_gmt":"2023-05-05T16:08:05","guid":{"rendered":"https:\/\/harristweed-shop.be\/product\/sokken-geel\/"},"modified":"2026-04-21T16:33:57","modified_gmt":"2026-04-21T16:33:57","slug":"sokken-geel","status":"publish","type":"product","link":"https:\/\/harristweed-shop.be\/fr\/produit\/chaussettes-jaunes\/","title":{"rendered":"Chaussettes Homme Coton Tutti Colori Jaune"},"content":{"rendered":"<p>Les chaussettes jaune clair de la collection Tutti Colori illuminent vos pieds. Leur couleur fra\u00eeche et gaie est id\u00e9ale pour une tenue estivale et apporte une touche ludique \u00e0 votre style. Confectionn\u00e9es en coton \u00e9gyptien, ces chaussettes pour homme offrent douceur et respirabilit\u00e9. La couture des orteils, r\u00e9alis\u00e9e \u00e0 la main, pr\u00e9vient les frottements, et le bord-c\u00f4te sur\u00e9lev\u00e9 assure un maintien parfait. Comme toutes les chaussettes Carlo Lanza, elles sont fabriqu\u00e9es en Italie, pr\u00e9lav\u00e9es et repass\u00e9es pour une qualit\u00e9 optimale. Optez pour des chaussettes pour homme alliant confort, design et souci du d\u00e9tail. Portez le jaune clair avec du blanc, du bleu clair ou du beige pour une combinaison fra\u00eeche et \u00e9l\u00e9gante. Lavage \u00e0 30 \u00b0C, \u00e0 l&#039;envers, s\u00e9chage \u00e0 l&#039;air libre.<\/p>\n<p>Toutes les chaussettes et bas haut de gamme de la marque Carlo Lanza sont confectionn\u00e9s artisanalement avec le plus grand soin dans une usine italienne. Ici, la fabrication de chaussettes est un v\u00e9ritable art. Au sein de cette entreprise familiale, seuls les tissus les plus fins au monde sont utilis\u00e9s pour garantir la qualit\u00e9 de leurs produits. Cependant, ces mati\u00e8res \u00e9tant d\u00e9licates, il est important de manipuler et de nettoyer vos chaussettes et bas haut de gamme avec pr\u00e9caution.<\/p>\n<p>Nos chaussettes de qualit\u00e9 finissent souvent par se retrouver dans le tas de linge sale et, malheureusement, elles ne re\u00e7oivent pas beaucoup d&#039;attention. Cependant, nous souhaitons vous donner quelques conseils pour laver vos chaussettes et pr\u00e9server ainsi leur belle couleur. Si vous suivez les conseils ci-dessous apr\u00e8s avoir achet\u00e9 nos chaussettes, vous constaterez qu&#039;ils prolongeront leur dur\u00e9e de vie\u00a0:<\/p>\n<ul>\n<li>Lavez vos chaussettes \u00e0 une temp\u00e9rature maximale de 30 degr\u00e9s.<\/li>\n<li>Il est pr\u00e9f\u00e9rable de laver ses chaussettes \u00e0 l&#039;envers.<\/li>\n<li>Faites s\u00e9cher vos chaussettes sur l&#039;\u00e9tendoir \u00e0 linge et non dans le s\u00e8che-linge.<\/li>\n<li>\u00c9vitez autant que possible de porter des chaussettes \u00e0 l&#039;int\u00e9rieur. Portez des chaussons ou des tongs confortables pour pr\u00e9server vos chaussettes.<\/li>\n<\/ul>\n<p>Marque : Carlo Lanza<br \/>\nMati\u00e8re : 80% coton \u00e9gyptien | 16% polyamide | 4% \u00e9lasthanne<br \/>\nTraitement suppl\u00e9mentaire : le fil d&#039;\u00e9cosse apporte un \u00e9clat soyeux sur les chaussettes<br \/>\nDisponible dans les tailles : S (39-43) et M (44-48).<br \/>\nLongueur de la chaussette \u00e0 partir du talon : \u00b1 27 cm<br \/>\nD\u00e9tails\u00a0: Bout remaill\u00e9 \u00e0 la main. Le bout et le talon sont renforc\u00e9s de nylon, ce qui les rend tr\u00e8s r\u00e9sistants.<br \/>\nLabel de qualit\u00e9 Oeko Tex\u00ae<br \/>\nFabriqu\u00e9 en Italie<\/p><\/p>","protected":false},"excerpt":{"rendered":"<p>Chaussettes pour hommes en coton jaune.<\/p>\n<p>Les chaussettes jaune clair de la collection Tutti Colori illuminent vos pieds. Leur couleur fra\u00eeche et gaie est id\u00e9ale pour une tenue estivale et apporte une touche ludique \u00e0 votre style. Confectionn\u00e9es en coton \u00e9gyptien, ces chaussettes pour homme offrent douceur et respirabilit\u00e9.<\/p>","protected":false},"featured_media":64397,"template":"","meta":[],"product_brand":[],"product_cat":[925,134],"product_tag":[],"class_list":{"0":"post-64394","1":"product","2":"type-product","3":"status-publish","4":"has-post-thumbnail","6":"product_cat-socken","7":"product_cat-sokken","8":"pa_merk-carlolanza","10":"first","11":"outofstock","12":"taxable","13":"shipping-taxable","14":"product-type-variable"},"df_price":"","df_sale_price":"","df_regular_price":"","df_image_link":"https:\/\/harristweed-shop.be\/wp-content\/uploads\/2023\/05\/e925cdfc45cafc66b4fb6a0ed9894e27_100049_20201_4531-300x300.jpg","_links":{"self":[{"href":"https:\/\/harristweed-shop.be\/fr\/wp-json\/wp\/v2\/product\/64394","targetHints":{"allow":["GET"]}}],"collection":[{"href":"https:\/\/harristweed-shop.be\/fr\/wp-json\/wp\/v2\/product"}],"about":[{"href":"https:\/\/harristweed-shop.be\/fr\/wp-json\/wp\/v2\/types\/product"}],"wp:featuredmedia":[{"embeddable":true,"href":"https:\/\/harristweed-shop.be\/fr\/wp-json\/wp\/v2\/media\/64397"}],"wp:attachment":[{"href":"https:\/\/harristweed-shop.be\/fr\/wp-json\/wp\/v2\/media?parent=64394"}],"wp:term":[{"taxonomy":"product_brand","embeddable":true,"href":"https:\/\/harristweed-shop.be\/fr\/wp-json\/wp\/v2\/product_brand?post=64394"},{"taxonomy":"product_cat","embeddable":true,"href":"https:\/\/harristweed-shop.be\/fr\/wp-json\/wp\/v2\/product_cat?post=64394"},{"taxonomy":"product_tag","embeddable":true,"href":"https:\/\/harristweed-shop.be\/fr\/wp-json\/wp\/v2\/product_tag?post=64394"}],"curies":[{"name":"wp","href":"https:\/\/api.w.org\/{rel}","templated":true}]}}