{"id":64114,"date":"2023-05-05T16:01:02","date_gmt":"2023-05-05T16:01:02","guid":{"rendered":"https:\/\/harristweed-shop.be\/product\/harris-tweed-cap-brown-barleycorn\/"},"modified":"2026-04-09T00:40:36","modified_gmt":"2026-04-09T00:40:36","slug":"harris-tweed-cap-brown-barleycorn","status":"publish","type":"product","link":"https:\/\/harristweed-shop.be\/fr\/produit\/casquette-harris-en-tweed-marron-orgecorn\/","title":{"rendered":"Casquette Harris Tweed, grain d&#039;orge marron"},"content":{"rendered":"<p>Une casquette de baseball pour ceux qui souhaitent allier tradition et modernit\u00e9. Son design classique est r\u00e9alis\u00e9 en v\u00e9ritable Harris Tweed britannique, avec une visi\u00e8re en cuir robuste et authentique. Doublure en serg\u00e9 de coton noir. Une bride r\u00e9glable en cuir avec boucle en laiton antique assure un ajustement parfait \u00e0 la Glencairn.<\/p>\n<p>V\u00e9ritable Harris Tweed<\/p>\n<p>Visi\u00e8re en cuir v\u00e9ritable<\/p>\n<p>Sangle r\u00e9glable<\/p>\n<p>Enti\u00e8rement doubl\u00e9<\/p>","protected":false},"excerpt":{"rendered":"<p>Une casquette de baseball pour ceux qui souhaitent allier tradition et modernit\u00e9. Son design classique est r\u00e9alis\u00e9 en v\u00e9ritable Harris Tweed britannique, avec une visi\u00e8re en cuir robuste et authentique. Doublure en serg\u00e9 de coton noir. Une bride r\u00e9glable en cuir avec boucle en laiton antique assure un ajustement parfait \u00e0 la Glencairn.<\/p>","protected":false},"featured_media":64115,"template":"","meta":[],"product_brand":[],"product_cat":[432,1171,1122,1119,1164,433,543,547,542,83],"product_tag":[],"class_list":{"0":"post-64114","1":"product","2":"type-product","3":"status-publish","4":"has-post-thumbnail","6":"product_cat-harris-tweed-baseball-caps","7":"product_cat-harris-tweed-baseballkappen","8":"product_cat-harris-tweed-caps-baseball-harris-tweed-hoeden-petten-en-caps","9":"product_cat-harris-tweed-hoeden-petten-en-caps","10":"product_cat-harris-tweed-mutzen-und-hute","11":"product_cat-harris-tweed-petten","12":"product_cat-harris-tweed-baseballmutzen","13":"product_cat-harris-tweed-mutzen","14":"product_cat-hute-und-caps","15":"product_cat-petten-en-caps","16":"pa_merk-harristweed","18":"first","19":"outofstock","20":"taxable","21":"shipping-taxable","22":"purchasable","23":"product-type-simple"},"df_price":59.95,"df_sale_price":"","df_regular_price":59.95,"df_image_link":"https:\/\/harristweed-shop.be\/wp-content\/uploads\/2023\/05\/ed5dd1092dd84e22e0a31a105d95804a_101525_20192_4518-300x218.jpg","_links":{"self":[{"href":"https:\/\/harristweed-shop.be\/fr\/wp-json\/wp\/v2\/product\/64114","targetHints":{"allow":["GET"]}}],"collection":[{"href":"https:\/\/harristweed-shop.be\/fr\/wp-json\/wp\/v2\/product"}],"about":[{"href":"https:\/\/harristweed-shop.be\/fr\/wp-json\/wp\/v2\/types\/product"}],"wp:featuredmedia":[{"embeddable":true,"href":"https:\/\/harristweed-shop.be\/fr\/wp-json\/wp\/v2\/media\/64115"}],"wp:attachment":[{"href":"https:\/\/harristweed-shop.be\/fr\/wp-json\/wp\/v2\/media?parent=64114"}],"wp:term":[{"taxonomy":"product_brand","embeddable":true,"href":"https:\/\/harristweed-shop.be\/fr\/wp-json\/wp\/v2\/product_brand?post=64114"},{"taxonomy":"product_cat","embeddable":true,"href":"https:\/\/harristweed-shop.be\/fr\/wp-json\/wp\/v2\/product_cat?post=64114"},{"taxonomy":"product_tag","embeddable":true,"href":"https:\/\/harristweed-shop.be\/fr\/wp-json\/wp\/v2\/product_tag?post=64114"}],"curies":[{"name":"wp","href":"https:\/\/api.w.org\/{rel}","templated":true}]}}