{"id":6409,"date":"2021-02-12T15:01:57","date_gmt":"2021-02-12T15:01:57","guid":{"rendered":"https:\/\/harristweed-shop.be\/?post_type=product&#038;p=6409"},"modified":"2023-05-31T12:50:50","modified_gmt":"2023-05-31T12:50:50","slug":"angus-waistcoat-mustard-blue","status":"publish","type":"product","link":"https:\/\/harristweed-shop.be\/fr\/produit\/gilet-angus-bleu-moutarde\/","title":{"rendered":"GILET ANGUS \u2013 MOUTARDE\/BLEU"},"content":{"rendered":"<ul>\n<li>\n<div>\n<p>Un gilet classique \u00e0 5 boutons, agr\u00e9ment\u00e9 d&#039;un col \u00e9l\u00e9gant, \u00e0 porter avec ou sans veste. Con\u00e7us pour compl\u00e9ter nos vestes, les gilets Angus sont disponibles dans une vari\u00e9t\u00e9 de tweeds et arborent une \u00e9l\u00e9gante doublure cachemire au dos.<\/p>\n<ul>\n<li>Gilet Angus en tweed Yorkshire \u00e0 carreaux moutarde\/bleu<\/li>\n<li>Tweed provenant de Yorkshire Mills<\/li>\n<li>Tiss\u00e9 \u00e0 partir de pure laine<\/li>\n<li>Doublure arri\u00e8re en cachemire dor\u00e9\/bleu<\/li>\n<li>Ceinture et boucle arri\u00e8re<\/li>\n<li>Poches passepoil\u00e9es \u00e0 rabat<\/li>\n<li>Couture moderne<\/li>\n<\/ul>\n<\/div>\n<p><img decoding=\"async\" class=\"alignnone wp-image-3443\" src=\"https:\/\/harristweed-shop.be\/wp-content\/uploads\/2020\/08\/logo-1.png\" alt=\"\" width=\"180\" height=\"166\" srcset=\"https:\/\/harristweed-shop.be\/wp-content\/uploads\/2020\/08\/logo-1.png 500w, https:\/\/harristweed-shop.be\/wp-content\/uploads\/2020\/08\/logo-1-262x242.png 262w, https:\/\/harristweed-shop.be\/wp-content\/uploads\/2020\/08\/logo-1-300x277.png 300w\" sizes=\"(max-width: 180px) 100vw, 180px\" \/>\u00a0 \u00a0 \u00a0 \u00a0\u00a0<img decoding=\"async\" class=\"alignnone wp-image-5181\" src=\"https:\/\/harristweed-shop.be\/wp-content\/uploads\/2020\/10\/5ba724e4-f7b8-4d16-864b-2da25288fdc0.png\" alt=\"\" width=\"173\" height=\"167\" \/><\/li>\n<\/ul>","protected":false},"excerpt":{"rendered":"<p>Magnifique gilet en Yorkshire Tweed original 100% de Moon.<\/p>\n<p>Belle couleur tabac. 100% fabriqu\u00e9 en Angleterre.<\/p>\n<p><img decoding=\"async\" class=\"alignnone wp-image-5181\" src=\"https:\/\/harristweed-shop.be\/wp-content\/uploads\/2020\/10\/5ba724e4-f7b8-4d16-864b-2da25288fdc0.png\" alt=\"\" width=\"164\" height=\"158\" \/>\u00a0 \u00a0\u00a0<img loading=\"lazy\" decoding=\"async\" class=\"alignnone wp-image-3443\" src=\"https:\/\/harristweed-shop.be\/wp-content\/uploads\/2020\/08\/logo-1.png\" alt=\"\" width=\"149\" height=\"137\" srcset=\"https:\/\/harristweed-shop.be\/wp-content\/uploads\/2020\/08\/logo-1.png 500w, https:\/\/harristweed-shop.be\/wp-content\/uploads\/2020\/08\/logo-1-262x242.png 262w, https:\/\/harristweed-shop.be\/wp-content\/uploads\/2020\/08\/logo-1-300x277.png 300w\" sizes=\"(max-width: 149px) 100vw, 149px\" \/><\/p>","protected":false},"featured_media":6419,"template":"","meta":[],"product_brand":[],"product_cat":[88],"product_tag":[],"class_list":{"0":"post-6409","1":"product","2":"type-product","3":"status-publish","4":"has-post-thumbnail","6":"product_cat-vestjes-en-gilets","7":"pa_merk-bucktrout","9":"first","10":"outofstock","11":"taxable","12":"shipping-taxable","13":"product-type-variable"},"df_price":"","df_sale_price":"","df_regular_price":"","df_image_link":"https:\/\/harristweed-shop.be\/wp-content\/uploads\/2021\/02\/ANGUS-WAISTCOAT-MUSTARD_BLUE-225x300.jpg","_links":{"self":[{"href":"https:\/\/harristweed-shop.be\/fr\/wp-json\/wp\/v2\/product\/6409","targetHints":{"allow":["GET"]}}],"collection":[{"href":"https:\/\/harristweed-shop.be\/fr\/wp-json\/wp\/v2\/product"}],"about":[{"href":"https:\/\/harristweed-shop.be\/fr\/wp-json\/wp\/v2\/types\/product"}],"wp:featuredmedia":[{"embeddable":true,"href":"https:\/\/harristweed-shop.be\/fr\/wp-json\/wp\/v2\/media\/6419"}],"wp:attachment":[{"href":"https:\/\/harristweed-shop.be\/fr\/wp-json\/wp\/v2\/media?parent=6409"}],"wp:term":[{"taxonomy":"product_brand","embeddable":true,"href":"https:\/\/harristweed-shop.be\/fr\/wp-json\/wp\/v2\/product_brand?post=6409"},{"taxonomy":"product_cat","embeddable":true,"href":"https:\/\/harristweed-shop.be\/fr\/wp-json\/wp\/v2\/product_cat?post=6409"},{"taxonomy":"product_tag","embeddable":true,"href":"https:\/\/harristweed-shop.be\/fr\/wp-json\/wp\/v2\/product_tag?post=6409"}],"curies":[{"name":"wp","href":"https:\/\/api.w.org\/{rel}","templated":true}]}}