{"id":63900,"date":"2023-05-05T15:55:24","date_gmt":"2023-05-05T15:55:24","guid":{"rendered":"https:\/\/harristweed-shop.be\/product\/vintage-bretel-set-3\/"},"modified":"2026-04-09T00:55:20","modified_gmt":"2026-04-09T00:55:20","slug":"vintage-bretel-set-3","status":"publish","type":"product","link":"https:\/\/harristweed-shop.be\/fr\/produit\/ensemble-de-3-bretelles-vintage\/","title":{"rendered":"Ensemble de bretelles vintage"},"content":{"rendered":"<p>Ensemble de bretelles vintage avec n\u0153ud. Bretelles en cuir v\u00e9ritable. Syst\u00e8me double, peut \u00e9galement \u00eatre port\u00e9 avec des clips. Des boutons de fixation sont \u00e9galement inclus pour les attacher \u00e0 la ceinture.<\/p>","protected":false},"excerpt":{"rendered":"<p>Ensemble de bretelles vintage avec n\u0153ud. Bretelles en cuir v\u00e9ritable. Syst\u00e8me double, peut \u00e9galement \u00eatre port\u00e9 avec des clips. Des boutons de fixation sont \u00e9galement inclus pour les attacher \u00e0 la ceinture.<\/p>","protected":false},"featured_media":63901,"template":"","meta":[],"product_brand":[],"product_cat":[320,927,928],"product_tag":[],"class_list":{"0":"post-63900","1":"product","2":"type-product","3":"status-publish","4":"has-post-thumbnail","6":"product_cat-bretels","7":"product_cat-hosentrager","8":"product_cat-hosentrager-mit-lederschlaufen","9":"pa_merk-seidenfalter","11":"first","12":"instock","13":"taxable","14":"shipping-taxable","15":"purchasable","16":"product-type-simple"},"df_price":59.95,"df_sale_price":"","df_regular_price":59.95,"df_image_link":"https:\/\/harristweed-shop.be\/wp-content\/uploads\/2023\/05\/62f0d4f2d4a0368b3a1c4467238f2a15_101511_20192_4502-225x300.jpg","_links":{"self":[{"href":"https:\/\/harristweed-shop.be\/fr\/wp-json\/wp\/v2\/product\/63900","targetHints":{"allow":["GET"]}}],"collection":[{"href":"https:\/\/harristweed-shop.be\/fr\/wp-json\/wp\/v2\/product"}],"about":[{"href":"https:\/\/harristweed-shop.be\/fr\/wp-json\/wp\/v2\/types\/product"}],"wp:featuredmedia":[{"embeddable":true,"href":"https:\/\/harristweed-shop.be\/fr\/wp-json\/wp\/v2\/media\/63901"}],"wp:attachment":[{"href":"https:\/\/harristweed-shop.be\/fr\/wp-json\/wp\/v2\/media?parent=63900"}],"wp:term":[{"taxonomy":"product_brand","embeddable":true,"href":"https:\/\/harristweed-shop.be\/fr\/wp-json\/wp\/v2\/product_brand?post=63900"},{"taxonomy":"product_cat","embeddable":true,"href":"https:\/\/harristweed-shop.be\/fr\/wp-json\/wp\/v2\/product_cat?post=63900"},{"taxonomy":"product_tag","embeddable":true,"href":"https:\/\/harristweed-shop.be\/fr\/wp-json\/wp\/v2\/product_tag?post=63900"}],"curies":[{"name":"wp","href":"https:\/\/api.w.org\/{rel}","templated":true}]}}