{"id":63513,"date":"2023-05-05T15:41:55","date_gmt":"2023-05-05T15:41:55","guid":{"rendered":"https:\/\/harristweed-shop.be\/product\/fleece-waistcoat-in-dark-navy\/"},"modified":"2026-04-09T00:55:27","modified_gmt":"2026-04-09T00:55:27","slug":"fleece-waistcoat-in-dark-navy","status":"publish","type":"product","link":"https:\/\/harristweed-shop.be\/fr\/produit\/gilet-polaire-bleu-marine-fonce\/","title":{"rendered":"Gilet polaire bleu marine fonc\u00e9"},"content":{"rendered":"<p>Notre gilet polaire Aylsham bleu marine fonc\u00e9 est un atout pr\u00e9cieux pour toute garde-robe. Parfait pour les journ\u00e9es plus chaudes, port\u00e9 par-dessus une chemise ou comme couche suppl\u00e9mentaire sous un manteau.<\/p>\n<p>Ce gilet est dot\u00e9 d&#039;une fermeture \u00e9clair robuste sur le devant et de deux poches zipp\u00e9es pratiques. La taille est ajustable pour un ajustement parfait et confortable. Des passepoils contrast\u00e9s aux emmanchures, au col et de chaque c\u00f4t\u00e9 de la fermeture \u00e9clair apportent une touche d&#039;\u00e9l\u00e9gance.<br \/>\u2022 Coupe classique<\/p>\n<p>\u2022 Fermeture \u00e9clair centrale sur le devant<\/p>\n<p>\u2022 Deux poches zipp\u00e9es<\/p>\n<p>\u2022 Taille ajustable<\/p>\n<p>\u2022 Faux su\u00e8de sous le col et fermeture \u00e9clair tout autour<\/p>\n<p>\u2022 Peut \u00eatre zipp\u00e9 dans un manteau Dunswell &amp; Berwick pour fournir une couche de chaleur suppl\u00e9mentaire<\/p>\n<p>\u2022 Polyester 100%<\/p>\n<p>\u2022 Lavable en machine<\/p>","protected":false},"excerpt":{"rendered":"<p>Gilet polaire\/gilet sans manches Alan Paine. Id\u00e9al comme couche suppl\u00e9mentaire sous une veste par temps froid.<\/p>","protected":false},"featured_media":63521,"template":"","meta":[],"product_brand":[],"product_cat":[1060,530,87,482,531],"product_tag":[],"class_list":{"0":"post-63513","1":"product","2":"type-product","3":"status-publish","4":"has-post-thumbnail","6":"product_cat-bodywarmer","7":"product_cat-heren-jassen-en-jacks","8":"product_cat-jassen-en-jacks","9":"product_cat-mantel-und-jacken","10":"product_cat-mantel-und-jacken-fur-herren","11":"pa_merk-alan-paine","13":"first","14":"instock","15":"taxable","16":"shipping-taxable","17":"purchasable","18":"product-type-variable"},"df_price":124.95,"df_sale_price":"","df_regular_price":124.95,"df_image_link":"https:\/\/harristweed-shop.be\/wp-content\/uploads\/2023\/05\/4a8c3c4a36bbd29b25467b6dee559913_100045_20192_5267-180x300.jpg","_links":{"self":[{"href":"https:\/\/harristweed-shop.be\/fr\/wp-json\/wp\/v2\/product\/63513","targetHints":{"allow":["GET"]}}],"collection":[{"href":"https:\/\/harristweed-shop.be\/fr\/wp-json\/wp\/v2\/product"}],"about":[{"href":"https:\/\/harristweed-shop.be\/fr\/wp-json\/wp\/v2\/types\/product"}],"wp:featuredmedia":[{"embeddable":true,"href":"https:\/\/harristweed-shop.be\/fr\/wp-json\/wp\/v2\/media\/63521"}],"wp:attachment":[{"href":"https:\/\/harristweed-shop.be\/fr\/wp-json\/wp\/v2\/media?parent=63513"}],"wp:term":[{"taxonomy":"product_brand","embeddable":true,"href":"https:\/\/harristweed-shop.be\/fr\/wp-json\/wp\/v2\/product_brand?post=63513"},{"taxonomy":"product_cat","embeddable":true,"href":"https:\/\/harristweed-shop.be\/fr\/wp-json\/wp\/v2\/product_cat?post=63513"},{"taxonomy":"product_tag","embeddable":true,"href":"https:\/\/harristweed-shop.be\/fr\/wp-json\/wp\/v2\/product_tag?post=63513"}],"curies":[{"name":"wp","href":"https:\/\/api.w.org\/{rel}","templated":true}]}}