{"id":6344,"date":"2021-02-12T14:34:15","date_gmt":"2021-02-12T14:34:15","guid":{"rendered":"https:\/\/harristweed-shop.be\/?post_type=product&#038;p=6344"},"modified":"2023-10-26T10:01:10","modified_gmt":"2023-10-26T10:01:10","slug":"angus-waistcoat-charcoal","status":"publish","type":"product","link":"https:\/\/harristweed-shop.be\/fr\/produit\/gilet-angus-anthracite\/","title":{"rendered":"Gilet Angus Anthracite"},"content":{"rendered":"<ul>\n<li>\nUn gilet classique \u00e0 5 boutons, agr\u00e9ment\u00e9 d&#039;un col \u00e9l\u00e9gant, \u00e0 porter avec ou sans veste. Con\u00e7us pour compl\u00e9ter nos vestes, les gilets Angus sont disponibles dans une vari\u00e9t\u00e9 de tweeds Harris et arborent une \u00e9l\u00e9gante doublure cachemire au dos.<\/p>\n<ul>\n<li>Gilet Harris Tweed Angus \u00e0 chevrons anthracite<\/li>\n<li>Tweed provenant de moulins \u00e9cossais<\/li>\n<li>Tiss\u00e9 \u00e0 partir de pure laine 100%<\/li>\n<li>Doublure en cachemire rouge<\/li>\n<li>Ceinture et boucle arri\u00e8re<\/li>\n<li>Poches passepoil\u00e9es \u00e0 rabat<\/li>\n<li>Couture moderne<\/li>\n<\/ul>\n<p><img fetchpriority=\"high\" decoding=\"async\" class=\"alignnone size-full wp-image-2669\" src=\"https:\/\/harristweed-shop.be\/wp-content\/uploads\/2020\/04\/imageskopie-copy.png\" alt=\"\" width=\"338\" height=\"149\" srcset=\"https:\/\/harristweed-shop.be\/wp-content\/uploads\/2020\/04\/imageskopie-copy.png 338w, https:\/\/harristweed-shop.be\/wp-content\/uploads\/2020\/04\/imageskopie-copy-262x115.png 262w, https:\/\/harristweed-shop.be\/wp-content\/uploads\/2020\/04\/imageskopie-copy-300x132.png 300w\" sizes=\"(max-width: 338px) 100vw, 338px\" \/>\u00a0 \u00a0 \u00a0 \u00a0\u00a0<img decoding=\"async\" class=\"alignnone wp-image-5181\" src=\"https:\/\/harristweed-shop.be\/wp-content\/uploads\/2020\/10\/5ba724e4-f7b8-4d16-864b-2da25288fdc0.png\" alt=\"\" width=\"173\" height=\"167\" \/><\/li>\n<\/ul>","protected":false},"excerpt":{"rendered":"<p>Magnifique Gilet en Harris Tweed original 100%.<\/p>\n<p>100% fabriqu\u00e9 en Angleterre.<\/p>\n<p><img decoding=\"async\" class=\"alignnone wp-image-5181\" src=\"https:\/\/harristweed-shop.be\/wp-content\/uploads\/2020\/10\/5ba724e4-f7b8-4d16-864b-2da25288fdc0.png\" alt=\"\" width=\"164\" height=\"158\" \/>\u00a0 \u00a0 <img fetchpriority=\"high\" decoding=\"async\" class=\"alignnone size-full wp-image-2669\" src=\"https:\/\/harristweed-shop.be\/wp-content\/uploads\/2020\/04\/imageskopie-copy.png\" alt=\"\" width=\"338\" height=\"149\" srcset=\"https:\/\/harristweed-shop.be\/wp-content\/uploads\/2020\/04\/imageskopie-copy.png 338w, https:\/\/harristweed-shop.be\/wp-content\/uploads\/2020\/04\/imageskopie-copy-262x115.png 262w, https:\/\/harristweed-shop.be\/wp-content\/uploads\/2020\/04\/imageskopie-copy-300x132.png 300w\" sizes=\"(max-width: 338px) 100vw, 338px\" \/><\/p>","protected":false},"featured_media":6353,"template":"","meta":[],"product_brand":[],"product_cat":[88],"product_tag":[],"class_list":{"0":"post-6344","1":"product","2":"type-product","3":"status-publish","4":"has-post-thumbnail","6":"product_cat-vestjes-en-gilets","7":"pa_merk-bucktrout","8":"pa_merk-harristweed","10":"first","11":"outofstock","12":"taxable","13":"shipping-taxable","14":"product-type-variable"},"df_price":"","df_sale_price":"","df_regular_price":"","df_image_link":"https:\/\/harristweed-shop.be\/wp-content\/uploads\/2021\/02\/ANGUS-WAISTCOAT-CHARCOAL-225x300.jpg","_links":{"self":[{"href":"https:\/\/harristweed-shop.be\/fr\/wp-json\/wp\/v2\/product\/6344","targetHints":{"allow":["GET"]}}],"collection":[{"href":"https:\/\/harristweed-shop.be\/fr\/wp-json\/wp\/v2\/product"}],"about":[{"href":"https:\/\/harristweed-shop.be\/fr\/wp-json\/wp\/v2\/types\/product"}],"wp:featuredmedia":[{"embeddable":true,"href":"https:\/\/harristweed-shop.be\/fr\/wp-json\/wp\/v2\/media\/6353"}],"wp:attachment":[{"href":"https:\/\/harristweed-shop.be\/fr\/wp-json\/wp\/v2\/media?parent=6344"}],"wp:term":[{"taxonomy":"product_brand","embeddable":true,"href":"https:\/\/harristweed-shop.be\/fr\/wp-json\/wp\/v2\/product_brand?post=6344"},{"taxonomy":"product_cat","embeddable":true,"href":"https:\/\/harristweed-shop.be\/fr\/wp-json\/wp\/v2\/product_cat?post=6344"},{"taxonomy":"product_tag","embeddable":true,"href":"https:\/\/harristweed-shop.be\/fr\/wp-json\/wp\/v2\/product_tag?post=6344"}],"curies":[{"name":"wp","href":"https:\/\/api.w.org\/{rel}","templated":true}]}}