{"id":6211,"date":"2021-02-09T16:17:47","date_gmt":"2021-02-09T16:17:47","guid":{"rendered":"https:\/\/harristweed-shop.be\/?post_type=product&#038;p=6211"},"modified":"2023-10-26T10:28:27","modified_gmt":"2023-10-26T10:28:27","slug":"classic-rugby-shirt-wit","status":"publish","type":"product","link":"https:\/\/harristweed-shop.be\/fr\/produit\/maillot-de-rugby-classique-blanc\/","title":{"rendered":"Maillot de rugby classique, blanc"},"content":{"rendered":"<div class=\"page\" title=\"Page 1\">\n<div class=\"section\">\n<div class=\"layoutArea\">\n<div class=\"column\">\n<p>\u00c9pais. Col rugby tiss\u00e9 traditionnel avec sangle en coton. Col avec bande de propret\u00e9 et boutons en caoutchouc. Coutures renforc\u00e9es aux \u00e9paules et fentes lat\u00e9rales. Patch casier. Poignets c\u00f4tel\u00e9s en \u00e9lasthanne. Double aiguille. Pour usage loisir uniquement.<\/p>\n<p><strong>Poids du tissu :<\/strong> 300 g\/m\u00b2<\/p>\n<p><strong>Description du tissu :<\/strong> Jersey<\/p>\n<p><strong>Tailles :<\/strong> S-3XL*<\/p>\n<p><strong>Entretien du lavage :<\/strong><\/p>\n<p>Laver \u00e0 40 degr\u00e9s<\/p>\n<p>Laver les couleurs fonc\u00e9es s\u00e9par\u00e9ment<\/p>\n<p>Laver et s\u00e9cher \u00e0 l&#039;envers<\/p>\n<p>Remodeler pendant qu&#039;il est humide<\/p>\n<p>S\u00e9cher \u00e0 l&#039;abri de la chaleur directe et du soleil<\/p>\n<p>Ne pas s\u00e9cher en machine<\/p>\n<p>Repasser sur l&#039;envers<\/p>\n<p><img decoding=\"async\" class=\"alignnone size-full wp-image-6202\" src=\"https:\/\/harristweed-shop.be\/wp-content\/uploads\/2021\/02\/Schermafbeelding-2021-02-09-om-17.08.20.png\" alt=\"\" width=\"554\" height=\"75\" srcset=\"https:\/\/harristweed-shop.be\/wp-content\/uploads\/2021\/02\/Schermafbeelding-2021-02-09-om-17.08.20.png 554w, https:\/\/harristweed-shop.be\/wp-content\/uploads\/2021\/02\/Schermafbeelding-2021-02-09-om-17.08.20-262x35.png 262w, https:\/\/harristweed-shop.be\/wp-content\/uploads\/2021\/02\/Schermafbeelding-2021-02-09-om-17.08.20-300x41.png 300w\" sizes=\"(max-width: 554px) 100vw, 554px\" \/><\/p>\n<\/div>\n<\/div>\n<\/div>\n<\/div>","protected":false},"excerpt":{"rendered":"<p>Maillot de rugby classique de Duke&#039;s Forest. Coton 100%.<\/p>\n<p>Le maillot de rugby classique, toujours facile \u00e0 combiner.<\/p>\n<p><img fetchpriority=\"high\" decoding=\"async\" class=\"alignnone wp-image-5572\" src=\"https:\/\/harristweed-shop.be\/wp-content\/uploads\/2020\/10\/Dukes-forest-logo_edited-1.jpg\" alt=\"\" width=\"473\" height=\"294\" srcset=\"https:\/\/harristweed-shop.be\/wp-content\/uploads\/2020\/10\/Dukes-forest-logo_edited-1.jpg 578w, https:\/\/harristweed-shop.be\/wp-content\/uploads\/2020\/10\/Dukes-forest-logo_edited-1-262x163.jpg 262w, https:\/\/harristweed-shop.be\/wp-content\/uploads\/2020\/10\/Dukes-forest-logo_edited-1-555x345.jpg 555w, https:\/\/harristweed-shop.be\/wp-content\/uploads\/2020\/10\/Dukes-forest-logo_edited-1-300x186.jpg 300w\" sizes=\"(max-width: 473px) 100vw, 473px\" \/><\/p>","protected":false},"featured_media":6219,"template":"","meta":[],"product_brand":[],"product_cat":[379,84],"product_tag":[],"class_list":{"0":"post-6211","1":"product","2":"type-product","3":"status-publish","4":"has-post-thumbnail","6":"product_cat-rugby-shirts","7":"product_cat-truien-en-pullovers","8":"pa_merk-dukes-forest","10":"first","11":"outofstock","12":"taxable","13":"shipping-taxable","14":"product-type-variable"},"df_price":"","df_sale_price":"","df_regular_price":"","df_image_link":"https:\/\/harristweed-shop.be\/wp-content\/uploads\/2021\/02\/wit-rugby-shirt-260x300.jpg","_links":{"self":[{"href":"https:\/\/harristweed-shop.be\/fr\/wp-json\/wp\/v2\/product\/6211","targetHints":{"allow":["GET"]}}],"collection":[{"href":"https:\/\/harristweed-shop.be\/fr\/wp-json\/wp\/v2\/product"}],"about":[{"href":"https:\/\/harristweed-shop.be\/fr\/wp-json\/wp\/v2\/types\/product"}],"wp:featuredmedia":[{"embeddable":true,"href":"https:\/\/harristweed-shop.be\/fr\/wp-json\/wp\/v2\/media\/6219"}],"wp:attachment":[{"href":"https:\/\/harristweed-shop.be\/fr\/wp-json\/wp\/v2\/media?parent=6211"}],"wp:term":[{"taxonomy":"product_brand","embeddable":true,"href":"https:\/\/harristweed-shop.be\/fr\/wp-json\/wp\/v2\/product_brand?post=6211"},{"taxonomy":"product_cat","embeddable":true,"href":"https:\/\/harristweed-shop.be\/fr\/wp-json\/wp\/v2\/product_cat?post=6211"},{"taxonomy":"product_tag","embeddable":true,"href":"https:\/\/harristweed-shop.be\/fr\/wp-json\/wp\/v2\/product_tag?post=6211"}],"curies":[{"name":"wp","href":"https:\/\/api.w.org\/{rel}","templated":true}]}}