{"id":6149,"date":"2021-01-29T12:23:54","date_gmt":"2021-01-29T12:23:54","guid":{"rendered":"https:\/\/harristweed-shop.be\/?post_type=product&#038;p=6149"},"modified":"2023-10-26T11:13:33","modified_gmt":"2023-10-26T11:13:33","slug":"harris-tweed-dames-jasje-630","status":"publish","type":"product","link":"https:\/\/harristweed-shop.be\/fr\/produit\/veste-femme-en-tweed-harris-630\/","title":{"rendered":"Veste femme en tweed Harris 630"},"content":{"rendered":"<p><img fetchpriority=\"high\" decoding=\"async\" class=\"alignnone size-full wp-image-495\" src=\"https:\/\/harristweed-shop.be\/wp-content\/uploads\/2019\/10\/images.png\" alt=\"\" width=\"314\" height=\"161\" srcset=\"https:\/\/harristweed-shop.be\/wp-content\/uploads\/2019\/10\/images.png 314w, https:\/\/harristweed-shop.be\/wp-content\/uploads\/2019\/10\/images-262x134.png 262w, https:\/\/harristweed-shop.be\/wp-content\/uploads\/2019\/10\/images-300x154.png 300w\" sizes=\"(max-width: 314px) 100vw, 314px\" \/> <img decoding=\"async\" class=\"alignnone size-full wp-image-504\" src=\"https:\/\/harristweed-shop.be\/wp-content\/uploads\/2019\/10\/Schermafbeelding-2019-10-24-om-11.03.27.png\" alt=\"\" width=\"215\" height=\"95\" \/><\/p>\n<p>&nbsp;<\/p>\n<p>\u00ab L&#039;un des meilleurs tweeds au monde \u00bb<\/p>\n<p>La veste sportive en Harris Tweed aux couleurs caract\u00e9ristiques des H\u00e9brides \u00e9cossaises, confectionn\u00e9e en pure laine de mouton. Sportive et indestructible, le Harris Tweed est tiss\u00e9 \u00e0 la main en \u00c9cosse. Un incontournable pour les femmes.<\/p>\n<p><img decoding=\"async\" class=\"alignnone size-full wp-image-838\" src=\"https:\/\/harristweed-shop.be\/wp-content\/uploads\/2020\/04\/image-20.jpeg\" alt=\"\" width=\"420\" height=\"180\" \/><\/p>","protected":false},"excerpt":{"rendered":"<p>Belle veste pour femme en Harris Tweed dans des tons verts classiques.<\/p>\n<p>Magnifiquement confectionn\u00e9 dans une coupe moderne, avec des poches \u00e0 rabat et une fermeture \u00e0 trois boutons. Deux fentes lat\u00e9rales.<\/p>","protected":false},"featured_media":6157,"template":"","meta":[],"product_brand":[],"product_cat":[353,15],"product_tag":[359,358,90,355,91,89,357,356],"class_list":{"0":"post-6149","1":"product","2":"type-product","3":"status-publish","4":"has-post-thumbnail","6":"product_cat-harris-tweed-dames-jasjes","7":"product_cat-harris-tweed-colberts","8":"product_tag-damesjasje","9":"product_tag-damesjasjes","10":"product_tag-harris-tweed-colbert","11":"product_tag-harris-tweed-dames-blazer","12":"product_tag-harris-tweed-jacket","13":"product_tag-harris-tweed-jasje","14":"product_tag-tweed-dames-blazer","15":"product_tag-tweed-dames-colbert","16":"pa_merk-harristweed","17":"pa_merk-wellington","19":"first","20":"outofstock","21":"taxable","22":"shipping-taxable","23":"product-type-variable"},"df_price":"","df_sale_price":"","df_regular_price":"","df_image_link":"https:\/\/harristweed-shop.be\/wp-content\/uploads\/2021\/01\/Caro_2233630_0222-Kopie-225x300.jpg","_links":{"self":[{"href":"https:\/\/harristweed-shop.be\/fr\/wp-json\/wp\/v2\/product\/6149","targetHints":{"allow":["GET"]}}],"collection":[{"href":"https:\/\/harristweed-shop.be\/fr\/wp-json\/wp\/v2\/product"}],"about":[{"href":"https:\/\/harristweed-shop.be\/fr\/wp-json\/wp\/v2\/types\/product"}],"wp:featuredmedia":[{"embeddable":true,"href":"https:\/\/harristweed-shop.be\/fr\/wp-json\/wp\/v2\/media\/6157"}],"wp:attachment":[{"href":"https:\/\/harristweed-shop.be\/fr\/wp-json\/wp\/v2\/media?parent=6149"}],"wp:term":[{"taxonomy":"product_brand","embeddable":true,"href":"https:\/\/harristweed-shop.be\/fr\/wp-json\/wp\/v2\/product_brand?post=6149"},{"taxonomy":"product_cat","embeddable":true,"href":"https:\/\/harristweed-shop.be\/fr\/wp-json\/wp\/v2\/product_cat?post=6149"},{"taxonomy":"product_tag","embeddable":true,"href":"https:\/\/harristweed-shop.be\/fr\/wp-json\/wp\/v2\/product_tag?post=6149"}],"curies":[{"name":"wp","href":"https:\/\/api.w.org\/{rel}","templated":true}]}}