{"id":5904,"date":"2020-10-28T10:06:45","date_gmt":"2020-10-28T10:06:45","guid":{"rendered":"https:\/\/harristweed-shop.be\/?post_type=product&#038;p=5904"},"modified":"2023-11-14T13:38:14","modified_gmt":"2023-11-14T13:38:14","slug":"chino-stretch-donkerblauw-42","status":"publish","type":"product","link":"https:\/\/harristweed-shop.be\/fr\/produit\/chino-stretch-bleu-fonce-42\/","title":{"rendered":"Chino Stretch Bleu Fonc\u00e9 42, hiver"},"content":{"rendered":"<p>Club of Comfort est synonyme d&#039;un confort optimal gr\u00e2ce \u00e0 sa coupe d\u00e9contract\u00e9e, ses d\u00e9tails soign\u00e9s et l&#039;utilisation de mati\u00e8res innovantes, faciles d&#039;entretien et de haute qualit\u00e9. Ind\u00e9formable.<\/p>\n<p>Chino, fabriqu\u00e9 dans une qualit\u00e9 de coton extensible confortable.<\/p>\n<p>Composition\u00a0: 961\u00a0TP3T coton et 41\u00a0TP3T fibre de verre. Ce qui conf\u00e8re au pantalon un confort exceptionnel.<\/p>\n<p>\u2013 Chino \u00e9l\u00e9gant avec bande de confort \u00e9lastique<br \/>\n\u2013 Magnifique tissu Baumwoll-Gabardine<br \/>\n\u2013 Haute \u00e9lasticit\u00e9<br \/>\n\u2013 Coloration Double Dye<br \/>\n\u2013 Coupe SLIM<br \/>\n\u2013 Poches fran\u00e7aises<br \/>\n\u2013 Poches passepoil\u00e9es au dos avec bouton<br \/>\n\u2013 Les pantalons sont \u00e9quip\u00e9s, entre autres, d&#039;une chemise double et d&#039;un stoppeur de chemise !<br \/>\n\u2013 Disponible dans pas moins de 7 couleurs diff\u00e9rentes !<\/p>\n<p>Composition : 96% Coton, 4% \u00c9lasthanne.<\/p>\n<p>&nbsp;<\/p>\n<p><img decoding=\"async\" class=\"alignnone size-full wp-image-1999\" src=\"https:\/\/harristweed-shop.be\/wp-content\/uploads\/2020\/04\/Schermafbeelding-2020-04-15-om-17.04.40.png\" alt=\"\" width=\"183\" height=\"93\" \/><img decoding=\"async\" class=\"alignnone wp-image-2089\" src=\"https:\/\/harristweed-shop.be\/wp-content\/uploads\/2020\/04\/Schermafbeelding-2020-04-15-om-20.41.39.png\" alt=\"\" width=\"143\" height=\"70\" srcset=\"https:\/\/harristweed-shop.be\/wp-content\/uploads\/2020\/04\/Schermafbeelding-2020-04-15-om-20.41.39.png 376w, https:\/\/harristweed-shop.be\/wp-content\/uploads\/2020\/04\/Schermafbeelding-2020-04-15-om-20.41.39-262x128.png 262w, https:\/\/harristweed-shop.be\/wp-content\/uploads\/2020\/04\/Schermafbeelding-2020-04-15-om-20.41.39-300x147.png 300w\" sizes=\"(max-width: 143px) 100vw, 143px\" \/><\/p>\n<p>Voir les tableaux des tailles ci-dessous :<\/p>\n<p><img fetchpriority=\"high\" decoding=\"async\" class=\"alignnone size-full wp-image-2090\" src=\"https:\/\/harristweed-shop.be\/wp-content\/uploads\/2020\/04\/garvey.png\" alt=\"\" width=\"1468\" height=\"1118\" srcset=\"https:\/\/harristweed-shop.be\/wp-content\/uploads\/2020\/04\/garvey.png 1468w, https:\/\/harristweed-shop.be\/wp-content\/uploads\/2020\/04\/garvey-262x200.png 262w, https:\/\/harristweed-shop.be\/wp-content\/uploads\/2020\/04\/garvey-555x423.png 555w, https:\/\/harristweed-shop.be\/wp-content\/uploads\/2020\/04\/garvey-300x228.png 300w, https:\/\/harristweed-shop.be\/wp-content\/uploads\/2020\/04\/garvey-1024x780.png 1024w, https:\/\/harristweed-shop.be\/wp-content\/uploads\/2020\/04\/garvey-768x585.png 768w\" sizes=\"(max-width: 1468px) 100vw, 1468px\" \/><\/p>","protected":false},"excerpt":{"rendered":"<p>Magnifique Chino, confectionn\u00e9 dans une qualit\u00e9 de coton stretch confortable.<\/p>\n<p>Composition\u00a0: 961\u00a0TP3T coton et 41\u00a0TP3T fibre de verre. Ce qui conf\u00e8re au pantalon un confort exceptionnel.<\/p>\n<p>Disponible dans les tailles : 48-60 et 24-32<\/p>\n<p>Couleur : bleu fonc\u00e9<\/p>\n<p><img decoding=\"async\" class=\"alignnone size-full wp-image-1999\" src=\"https:\/\/harristweed-shop.be\/wp-content\/uploads\/2020\/04\/Schermafbeelding-2020-04-15-om-17.04.40.png\" alt=\"\" width=\"183\" height=\"93\" \/><img loading=\"lazy\" decoding=\"async\" class=\"alignnone wp-image-2088\" src=\"https:\/\/harristweed-shop.be\/wp-content\/uploads\/2020\/04\/garvey-wasvoorschrift.png\" alt=\"\" width=\"186\" height=\"49\" srcset=\"https:\/\/harristweed-shop.be\/wp-content\/uploads\/2020\/04\/garvey-wasvoorschrift.png 540w, https:\/\/harristweed-shop.be\/wp-content\/uploads\/2020\/04\/garvey-wasvoorschrift-262x69.png 262w, https:\/\/harristweed-shop.be\/wp-content\/uploads\/2020\/04\/garvey-wasvoorschrift-300x79.png 300w\" sizes=\"(max-width: 186px) 100vw, 186px\" \/><\/p>","protected":false},"featured_media":5906,"template":"","meta":[],"product_brand":[],"product_cat":[308,126],"product_tag":[173,174,176,175],"class_list":{"0":"post-5904","1":"product","2":"type-product","3":"status-publish","4":"has-post-thumbnail","6":"product_cat-chinos","7":"product_cat-pantalons","8":"product_tag-chino-stretch","9":"product_tag-comfortabele-broek","10":"product_tag-katoenen-broek","11":"product_tag-stretch-chino","12":"pa_merk-clubofcomfort","14":"first","15":"instock","16":"taxable","17":"shipping-taxable","18":"product-type-variable"},"df_price":"","df_sale_price":"","df_regular_price":"","df_image_link":"https:\/\/harristweed-shop.be\/wp-content\/uploads\/2020\/10\/garvey-5107-donker-blauw-1-200x300.jpg","_links":{"self":[{"href":"https:\/\/harristweed-shop.be\/fr\/wp-json\/wp\/v2\/product\/5904","targetHints":{"allow":["GET"]}}],"collection":[{"href":"https:\/\/harristweed-shop.be\/fr\/wp-json\/wp\/v2\/product"}],"about":[{"href":"https:\/\/harristweed-shop.be\/fr\/wp-json\/wp\/v2\/types\/product"}],"wp:featuredmedia":[{"embeddable":true,"href":"https:\/\/harristweed-shop.be\/fr\/wp-json\/wp\/v2\/media\/5906"}],"wp:attachment":[{"href":"https:\/\/harristweed-shop.be\/fr\/wp-json\/wp\/v2\/media?parent=5904"}],"wp:term":[{"taxonomy":"product_brand","embeddable":true,"href":"https:\/\/harristweed-shop.be\/fr\/wp-json\/wp\/v2\/product_brand?post=5904"},{"taxonomy":"product_cat","embeddable":true,"href":"https:\/\/harristweed-shop.be\/fr\/wp-json\/wp\/v2\/product_cat?post=5904"},{"taxonomy":"product_tag","embeddable":true,"href":"https:\/\/harristweed-shop.be\/fr\/wp-json\/wp\/v2\/product_tag?post=5904"}],"curies":[{"name":"wp","href":"https:\/\/api.w.org\/{rel}","templated":true}]}}