{"id":5686,"date":"2020-10-13T09:39:50","date_gmt":"2020-10-13T09:39:50","guid":{"rendered":"https:\/\/harristweed-shop.be\/?post_type=product&#038;p=5686"},"modified":"2023-10-26T12:17:19","modified_gmt":"2023-10-26T12:17:19","slug":"moleskin-waistcoat-navy","status":"publish","type":"product","link":"https:\/\/harristweed-shop.be\/fr\/produit\/gilet-en-moleskine-bleu-marine\/","title":{"rendered":"Gilet en moleskine \u2013 Bleu marine"},"content":{"rendered":"<div>Un gilet classique \u00e0 5 boutons, \u00e0 porter avec ou sans veste. Con\u00e7us pour compl\u00e9ter nos vestes, ces gilets en moleskine sont disponibles en 3 coloris et arborent une jolie doublure cachemire au dos.<\/div>\n<ul>\n<li>Moleskine marron<\/li>\n<li><span class=\"s2\">Tissu provenant du Yorkshire<\/span><\/li>\n<li>Coton 100%<\/li>\n<li><span class=\"s2\">Doublure \u00e0 motif cachemire dor\u00e9<\/span><\/li>\n<li>5 boutons sur le devant<\/li>\n<li>Poches du monde<\/li>\n<li>Couture moderne<\/li>\n<\/ul>\n<h5>INFORMATION<\/h5>\n<ul>\n<li>Tissu ext\u00e9rieur \u2013 Coton 100%<\/li>\n<li>Doublure - Ac\u00e9tate 50%\/Viscose 50%<\/li>\n<li>Nettoyage \u00e0 sec uniquement<\/li>\n<\/ul>\n<ul>\n<li>\u00a0 \u00a0 \u00a0 \u00a0\u00a0<img decoding=\"async\" class=\"alignnone wp-image-5181\" src=\"https:\/\/harristweed-shop.be\/wp-content\/uploads\/2020\/10\/5ba724e4-f7b8-4d16-864b-2da25288fdc0.png\" alt=\"\" width=\"173\" height=\"167\" \/><\/li>\n<\/ul>","protected":false},"excerpt":{"rendered":"<p>Magnifique Gilet en Moleskine Yorkshire Coton 100% original.<\/p>\n<p>Magnifique couleur marine. 100% fabriqu\u00e9 en Angleterre.<\/p>\n<p><img decoding=\"async\" class=\"alignnone wp-image-5181\" src=\"https:\/\/harristweed-shop.be\/wp-content\/uploads\/2020\/10\/5ba724e4-f7b8-4d16-864b-2da25288fdc0.png\" alt=\"\" width=\"164\" height=\"158\" \/><\/p>","protected":false},"featured_media":0,"template":"","meta":[],"product_brand":[],"product_cat":[88],"product_tag":[],"class_list":{"0":"post-5686","1":"product","2":"type-product","3":"status-publish","5":"product_cat-vestjes-en-gilets","6":"pa_merk-bucktrout","8":"first","9":"outofstock","10":"taxable","11":"shipping-taxable","12":"product-type-variable"},"df_price":"","df_sale_price":"","df_regular_price":"","df_image_link":"https:\/\/harristweed-shop.be\/wp-content\/uploads\/woocommerce-placeholder-300x300.png","_links":{"self":[{"href":"https:\/\/harristweed-shop.be\/fr\/wp-json\/wp\/v2\/product\/5686","targetHints":{"allow":["GET"]}}],"collection":[{"href":"https:\/\/harristweed-shop.be\/fr\/wp-json\/wp\/v2\/product"}],"about":[{"href":"https:\/\/harristweed-shop.be\/fr\/wp-json\/wp\/v2\/types\/product"}],"wp:attachment":[{"href":"https:\/\/harristweed-shop.be\/fr\/wp-json\/wp\/v2\/media?parent=5686"}],"wp:term":[{"taxonomy":"product_brand","embeddable":true,"href":"https:\/\/harristweed-shop.be\/fr\/wp-json\/wp\/v2\/product_brand?post=5686"},{"taxonomy":"product_cat","embeddable":true,"href":"https:\/\/harristweed-shop.be\/fr\/wp-json\/wp\/v2\/product_cat?post=5686"},{"taxonomy":"product_tag","embeddable":true,"href":"https:\/\/harristweed-shop.be\/fr\/wp-json\/wp\/v2\/product_tag?post=5686"}],"curies":[{"name":"wp","href":"https:\/\/api.w.org\/{rel}","templated":true}]}}