{"id":5575,"date":"2020-10-09T13:29:07","date_gmt":"2020-10-09T13:29:07","guid":{"rendered":"https:\/\/harristweed-shop.be\/?post_type=product&#038;p=5575"},"modified":"2023-10-26T13:01:33","modified_gmt":"2023-10-26T13:01:33","slug":"dukes-forest-waxcoat-gewatteerd-brown","status":"publish","type":"product","link":"https:\/\/harristweed-shop.be\/fr\/produit\/manteau-cire-rembourre-marron-dukes-forest\/","title":{"rendered":"Manteau cir\u00e9 rembourr\u00e9 marron de la for\u00eat de Duke"},"content":{"rendered":"<p>Magnifique veste en wax de Duke&#039;s Forest.<\/p>\n<p>Chaud et confortable pour les froides journ\u00e9es d&#039;automne et d&#039;hiver. Col en velours c\u00f4tel\u00e9 marron. Capuche amovible. Poignets tricot\u00e9s pour prot\u00e9ger du vent froid.<\/p>\n<p>Deux poches lat\u00e9rales confortables et deux poches plaqu\u00e9es \u00e0 pression. Fermeture \u00e9clair \u00e0 double sens et \u00e0 pression.<\/p>\n<p>Grande poche int\u00e9rieure. Doublure en coton \u00e0 carreaux. 100%, fabriqu\u00e9 en Angleterre.<\/p>\n<p>100% coton cir\u00e9, hydrofuge.<\/p>\n<p><img decoding=\"async\" class=\"alignnone wp-image-5572\" src=\"https:\/\/harristweed-shop.be\/wp-content\/uploads\/2020\/10\/Dukes-forest-logo_edited-1.jpg\" alt=\"\" width=\"254\" height=\"158\" srcset=\"https:\/\/harristweed-shop.be\/wp-content\/uploads\/2020\/10\/Dukes-forest-logo_edited-1.jpg 578w, https:\/\/harristweed-shop.be\/wp-content\/uploads\/2020\/10\/Dukes-forest-logo_edited-1-262x163.jpg 262w, https:\/\/harristweed-shop.be\/wp-content\/uploads\/2020\/10\/Dukes-forest-logo_edited-1-555x345.jpg 555w, https:\/\/harristweed-shop.be\/wp-content\/uploads\/2020\/10\/Dukes-forest-logo_edited-1-300x186.jpg 300w\" sizes=\"(max-width: 254px) 100vw, 254px\" \/><\/p>","protected":false},"excerpt":{"rendered":"<p>Magnifique veste cir\u00e9e en coton cir\u00e9 100%. Rembourr\u00e9e. D\u00e9perlante.<\/p>\n<p><img fetchpriority=\"high\" decoding=\"async\" class=\"alignnone wp-image-5572\" src=\"https:\/\/harristweed-shop.be\/wp-content\/uploads\/2020\/10\/Dukes-forest-logo_edited-1.jpg\" alt=\"\" width=\"309\" height=\"192\" srcset=\"https:\/\/harristweed-shop.be\/wp-content\/uploads\/2020\/10\/Dukes-forest-logo_edited-1.jpg 578w, https:\/\/harristweed-shop.be\/wp-content\/uploads\/2020\/10\/Dukes-forest-logo_edited-1-262x163.jpg 262w, https:\/\/harristweed-shop.be\/wp-content\/uploads\/2020\/10\/Dukes-forest-logo_edited-1-555x345.jpg 555w, https:\/\/harristweed-shop.be\/wp-content\/uploads\/2020\/10\/Dukes-forest-logo_edited-1-300x186.jpg 300w\" sizes=\"(max-width: 309px) 100vw, 309px\" \/><\/p>","protected":false},"featured_media":5584,"template":"","meta":[],"product_brand":[],"product_cat":[87],"product_tag":[366,365,238,240,239,237],"class_list":{"0":"post-5575","1":"product","2":"type-product","3":"status-publish","4":"has-post-thumbnail","6":"product_cat-jassen-en-jacks","7":"product_tag-dukes-forest","8":"product_tag-gewaxte-jas","9":"product_tag-wax-coat","10":"product_tag-wax-jack","11":"product_tag-wax-jas","12":"product_tag-waxcoat","13":"pa_merk-dukes-forest","15":"first","16":"outofstock","17":"taxable","18":"shipping-taxable","19":"product-type-variable"},"df_price":"","df_sale_price":"","df_regular_price":"","df_image_link":"https:\/\/harristweed-shop.be\/wp-content\/uploads\/2020\/10\/IMG_3622-225x300.jpg","_links":{"self":[{"href":"https:\/\/harristweed-shop.be\/fr\/wp-json\/wp\/v2\/product\/5575","targetHints":{"allow":["GET"]}}],"collection":[{"href":"https:\/\/harristweed-shop.be\/fr\/wp-json\/wp\/v2\/product"}],"about":[{"href":"https:\/\/harristweed-shop.be\/fr\/wp-json\/wp\/v2\/types\/product"}],"wp:featuredmedia":[{"embeddable":true,"href":"https:\/\/harristweed-shop.be\/fr\/wp-json\/wp\/v2\/media\/5584"}],"wp:attachment":[{"href":"https:\/\/harristweed-shop.be\/fr\/wp-json\/wp\/v2\/media?parent=5575"}],"wp:term":[{"taxonomy":"product_brand","embeddable":true,"href":"https:\/\/harristweed-shop.be\/fr\/wp-json\/wp\/v2\/product_brand?post=5575"},{"taxonomy":"product_cat","embeddable":true,"href":"https:\/\/harristweed-shop.be\/fr\/wp-json\/wp\/v2\/product_cat?post=5575"},{"taxonomy":"product_tag","embeddable":true,"href":"https:\/\/harristweed-shop.be\/fr\/wp-json\/wp\/v2\/product_tag?post=5575"}],"curies":[{"name":"wp","href":"https:\/\/api.w.org\/{rel}","templated":true}]}}