{"id":546825,"date":"2026-05-07T15:57:38","date_gmt":"2026-05-07T15:57:38","guid":{"rendered":"https:\/\/harristweed-shop.be\/product\/paulo-bellini-lace-up-shoe-lucca-saf-brown\/"},"modified":"2026-05-09T16:34:10","modified_gmt":"2026-05-09T16:34:10","slug":"paulo-bellini-lace-up-shoe-lucca-saf-brown","status":"publish","type":"product","link":"https:\/\/harristweed-shop.be\/fr\/produit\/paulo-bellini-lace-up-shoe-lucca-saf-brown\/","title":{"rendered":"Paulo Bellini Lace Up Shoe Lucca Saf Brown"},"content":{"rendered":"<p>Deze Paulo Bellini Carbonia veterschoen voor heren is uitermate geschikt om onder een pak te dragen tijdens een bruiloft of andere gelegenheid. Je kunt de schoenen ook combineren met een mooie jeans voor een casual look. Deze Paulo Bellini herenschoenen zijn met passie ontworpen. De blauw-safbruine kleur past perfect bij veel trouwpakken.<\/p>\n<p>Compl\u00e9tez votre tenue avec la ceinture et le n\u0153ud papillon assortis, confectionn\u00e9s dans le m\u00eame cuir que les chaussures.<\/p>\n<p>Paulo Bellini est une marque n\u00e9erlandaise de chaussures pour hommes. La collection comprend des chaussures habill\u00e9es, des baskets, des bottes, des mocassins, des chaussures \u00e0 lacets et des chaussures \u00e0 boucles. Les cuirs les plus fins, provenant d&#039;Italie, sont transform\u00e9s en chaussures pour hommes haut de gamme dans nos propres usines au Portugal.<\/p>","protected":false},"excerpt":{"rendered":"<p>Paulo Bellini Lace Up Shoe Lucca Saf Brown 20.<\/p>\n<p>Deze Paulo Bellini Carbonia veterschoen voor heren is uitermate geschikt om onder een pak te dragen tijdens een bruiloft of andere gelegenheid.<\/p>","protected":false},"featured_media":546847,"template":"","meta":[],"product_brand":[],"product_cat":[641,85,519],"product_tag":[],"class_list":{"0":"post-546825","1":"product","2":"type-product","3":"status-publish","4":"has-post-thumbnail","6":"product_cat-heren-schoenen","7":"product_cat-schoenen","8":"product_cat-schuhe","9":"pa_merk-paulobellini","11":"first","12":"instock","13":"taxable","14":"shipping-taxable","15":"purchasable","16":"product-type-variable"},"df_price":169.95,"df_sale_price":"","df_regular_price":169.95,"df_image_link":"https:\/\/harristweed-shop.be\/wp-content\/uploads\/2026\/05\/b7b489638f8fd7ce49a7949597f293da_Paulo_Bellini_Lace_Up_Shoe_Lucca_Saf_Brown-225x300.jpeg","_links":{"self":[{"href":"https:\/\/harristweed-shop.be\/fr\/wp-json\/wp\/v2\/product\/546825","targetHints":{"allow":["GET"]}}],"collection":[{"href":"https:\/\/harristweed-shop.be\/fr\/wp-json\/wp\/v2\/product"}],"about":[{"href":"https:\/\/harristweed-shop.be\/fr\/wp-json\/wp\/v2\/types\/product"}],"wp:featuredmedia":[{"embeddable":true,"href":"https:\/\/harristweed-shop.be\/fr\/wp-json\/wp\/v2\/media\/546847"}],"wp:attachment":[{"href":"https:\/\/harristweed-shop.be\/fr\/wp-json\/wp\/v2\/media?parent=546825"}],"wp:term":[{"taxonomy":"product_brand","embeddable":true,"href":"https:\/\/harristweed-shop.be\/fr\/wp-json\/wp\/v2\/product_brand?post=546825"},{"taxonomy":"product_cat","embeddable":true,"href":"https:\/\/harristweed-shop.be\/fr\/wp-json\/wp\/v2\/product_cat?post=546825"},{"taxonomy":"product_tag","embeddable":true,"href":"https:\/\/harristweed-shop.be\/fr\/wp-json\/wp\/v2\/product_tag?post=546825"}],"curies":[{"name":"wp","href":"https:\/\/api.w.org\/{rel}","templated":true}]}}