{"id":546817,"date":"2026-05-07T12:05:33","date_gmt":"2026-05-07T12:05:33","guid":{"rendered":"https:\/\/harristweed-shop.be\/product\/harris-tweed-8-piece-cap-brodick-in-rust\/"},"modified":"2026-05-07T13:33:49","modified_gmt":"2026-05-07T13:33:49","slug":"harris-tweed-8-piece-cap-brodick-in-rust","status":"publish","type":"product","link":"https:\/\/harristweed-shop.be\/fr\/produit\/harris-tweed-8-piece-cap-brodick-in-rust\/","title":{"rendered":"Casquette Brodick 8 pi\u00e8ces en Harris Tweed couleur rouille"},"content":{"rendered":"<p>La casquette Brodick Harris Tweed 8 pi\u00e8ces allie un design classique \u00e0 l&#039;authenticit\u00e9 du tweed Harris. Ce mod\u00e8le intemporel est dot\u00e9 d&#039;une doublure en satin, d&#039;un bandeau anti-transpiration en gros-grain assorti et d&#039;une visi\u00e8re cousue. Id\u00e9ale pour les activit\u00e9s de plein air ou une promenade en ville.<\/p>","protected":false},"excerpt":{"rendered":"<p>Harris Tweed 8-Piece Cap Brodick in Rust.<\/p>\n<p>Le design classique et l&#039;authentique tissu Harris Tweed se conjuguent dans la casquette Brodick Harris Tweed 8 pi\u00e8ces.<\/p>","protected":false},"featured_media":546822,"template":"","meta":[],"product_brand":[],"product_cat":[1121,1165,1119,1164,433,547,542,83],"product_tag":[],"class_list":{"0":"post-546817","1":"product","2":"type-product","3":"status-publish","4":"has-post-thumbnail","6":"product_cat-harris-tweed-bakerboy-caps-harris-tweed-hoeden-petten-en-caps","7":"product_cat-harris-tweed-bakerboy-mutzen","8":"product_cat-harris-tweed-hoeden-petten-en-caps","9":"product_cat-harris-tweed-mutzen-und-hute","10":"product_cat-harris-tweed-petten","11":"product_cat-harris-tweed-mutzen","12":"product_cat-hute-und-caps","13":"product_cat-petten-en-caps","14":"pa_merk-harristweed","16":"first","17":"instock","18":"taxable","19":"shipping-taxable","20":"purchasable","21":"product-type-variable"},"df_price":69.95,"df_sale_price":"","df_regular_price":69.95,"df_image_link":"https:\/\/harristweed-shop.be\/wp-content\/uploads\/2026\/05\/5375081002f2cde198b37372cccd98b9_Harris_Tweed_8_Piece_Cap_Brodick_in_Rust-300x300.jpeg","_links":{"self":[{"href":"https:\/\/harristweed-shop.be\/fr\/wp-json\/wp\/v2\/product\/546817","targetHints":{"allow":["GET"]}}],"collection":[{"href":"https:\/\/harristweed-shop.be\/fr\/wp-json\/wp\/v2\/product"}],"about":[{"href":"https:\/\/harristweed-shop.be\/fr\/wp-json\/wp\/v2\/types\/product"}],"wp:featuredmedia":[{"embeddable":true,"href":"https:\/\/harristweed-shop.be\/fr\/wp-json\/wp\/v2\/media\/546822"}],"wp:attachment":[{"href":"https:\/\/harristweed-shop.be\/fr\/wp-json\/wp\/v2\/media?parent=546817"}],"wp:term":[{"taxonomy":"product_brand","embeddable":true,"href":"https:\/\/harristweed-shop.be\/fr\/wp-json\/wp\/v2\/product_brand?post=546817"},{"taxonomy":"product_cat","embeddable":true,"href":"https:\/\/harristweed-shop.be\/fr\/wp-json\/wp\/v2\/product_cat?post=546817"},{"taxonomy":"product_tag","embeddable":true,"href":"https:\/\/harristweed-shop.be\/fr\/wp-json\/wp\/v2\/product_tag?post=546817"}],"curies":[{"name":"wp","href":"https:\/\/api.w.org\/{rel}","templated":true}]}}