{"id":546701,"date":"2026-04-30T09:38:30","date_gmt":"2026-04-30T09:38:30","guid":{"rendered":"https:\/\/harristweed-shop.be\/product\/harris-tweed-crossbody-the-melrose-beige-dogtooth\/"},"modified":"2026-04-30T09:38:38","modified_gmt":"2026-04-30T09:38:38","slug":"harris-tweed-crossbody-the-melrose-beige-dogtooth","status":"publish","type":"product","link":"https:\/\/harristweed-shop.be\/fr\/produit\/harris-tweed-crossbody-the-melrose-beige-dogtooth\/","title":{"rendered":"Bandouli\u00e8re Harris Tweed, mod\u00e8le Melrose, motif pied-de-poule beige"},"content":{"rendered":"<p><span style=\"font-family: Poppins, sans-serif;font-size: 14px\">D\u00e9couvrez le sac bandouli\u00e8re Melrose de notre collection de cuir de luxe, un article magnifiquement confectionn\u00e9 en cuir v\u00e9ritable 100% et en authentique Harris Tweed\u00ae tiss\u00e9 dans les H\u00e9brides ext\u00e9rieures.<\/span><\/p>\n<p>Avec sa poign\u00e9e robuste sur le dessus, sa boucle s\u00e9curis\u00e9e \u00e0 l&#039;avant et sa poche lat\u00e9rale pratique, le sac bandouli\u00e8re Melrose est aussi pratique qu&#039;\u00e9l\u00e9gant. Parfait pour toutes les occasions, il rend hommage au savoir-faire artisanal et au design moderne raffin\u00e9, empreint d&#039;h\u00e9ritage.<\/p>\n<p>26 cm x 14,5 cm x 13 cm<\/p>","protected":false},"excerpt":{"rendered":"<p>Bandouli\u00e8re en Harris Tweed, mod\u00e8le Melrose, motif pied-de-poule beige.<\/p>\n<p>D\u00e9couvrez le sac bandouli\u00e8re Melrose de notre collection de cuir de luxe, un article magnifiquement confectionn\u00e9 en cuir v\u00e9ritable 100% et en authentique Harris Tweed\u00ae tiss\u00e9 dans les H\u00e9brides ext\u00e9rieures.<\/p>","protected":false},"featured_media":546703,"template":"","meta":[],"product_brand":[],"product_cat":[638,903,904,1163,1139,1162,1138,1221,901,808,898],"product_tag":[],"class_list":{"0":"post-546701","1":"product","2":"type-product","3":"status-publish","4":"has-post-thumbnail","6":"product_cat-gifts","7":"product_cat-handtas","8":"product_cat-handtaschen","9":"product_cat-harris-tweed-handtasche","10":"product_cat-harris-tweed-handtassen","11":"product_cat-harris-tweed-taschen","12":"product_cat-harris-tweed-tassen","13":"product_cat-tas-harris-tweed","14":"product_cat-taschen","15":"product_cat-tassen","16":"product_cat-tassen-gifts","17":"pa_merk-islander","19":"first","20":"instock","21":"taxable","22":"shipping-taxable","23":"purchasable","24":"product-type-simple"},"df_price":198.95,"df_sale_price":"","df_regular_price":198.95,"df_image_link":"https:\/\/harristweed-shop.be\/wp-content\/uploads\/2026\/04\/317c297a371f48efd73fd4c006e6d5e8_Harris_Tweed_Crossbody__The_Melrose__Beige_Dogtooth-300x300.jpeg","_links":{"self":[{"href":"https:\/\/harristweed-shop.be\/fr\/wp-json\/wp\/v2\/product\/546701","targetHints":{"allow":["GET"]}}],"collection":[{"href":"https:\/\/harristweed-shop.be\/fr\/wp-json\/wp\/v2\/product"}],"about":[{"href":"https:\/\/harristweed-shop.be\/fr\/wp-json\/wp\/v2\/types\/product"}],"wp:featuredmedia":[{"embeddable":true,"href":"https:\/\/harristweed-shop.be\/fr\/wp-json\/wp\/v2\/media\/546703"}],"wp:attachment":[{"href":"https:\/\/harristweed-shop.be\/fr\/wp-json\/wp\/v2\/media?parent=546701"}],"wp:term":[{"taxonomy":"product_brand","embeddable":true,"href":"https:\/\/harristweed-shop.be\/fr\/wp-json\/wp\/v2\/product_brand?post=546701"},{"taxonomy":"product_cat","embeddable":true,"href":"https:\/\/harristweed-shop.be\/fr\/wp-json\/wp\/v2\/product_cat?post=546701"},{"taxonomy":"product_tag","embeddable":true,"href":"https:\/\/harristweed-shop.be\/fr\/wp-json\/wp\/v2\/product_tag?post=546701"}],"curies":[{"name":"wp","href":"https:\/\/api.w.org\/{rel}","templated":true}]}}