{"id":546693,"date":"2026-04-30T09:36:05","date_gmt":"2026-04-30T09:36:05","guid":{"rendered":"https:\/\/harristweed-shop.be\/product\/harris-tweed-portemonnee-the-large-clasp-chestnut-herringbone\/"},"modified":"2026-04-30T16:38:22","modified_gmt":"2026-04-30T16:38:22","slug":"harris-tweed-portemonnee-the-large-clasp-chestnut-herringbone","status":"publish","type":"product","link":"https:\/\/harristweed-shop.be\/fr\/produit\/harris-tweed-portemonnee-the-large-clasp-chestnut-herringbone\/","title":{"rendered":"Portefeuille Harris Tweed, fermoir large, motif chevrons ch\u00e2taigne"},"content":{"rendered":"<p>D\u00e9couvrez le grand sac \u00e0 main \u00e0 fermoir \u2013 un accessoire \u00e9l\u00e9gant et raffin\u00e9. Son ext\u00e9rieur, alliant Harris Tweed\u00ae et cuir microfibre, est dot\u00e9 d&#039;une fermeture \u00e0 pression m\u00e9tallique robuste et r\u00e9v\u00e8le un int\u00e9rieur spacieux en cuir microfibre.<\/p>\n<p>Pour une touche de sophistication suppl\u00e9mentaire, optez pour l&#039;\u00e9dition en daim noir et gris, qui associe harmonieusement le Harris Tweed\u00ae et le daim v\u00e9ritable. Optimisez votre style et votre organisation avec le grand sac \u00e0 fermoir\u00a0: une combinaison parfaite d&#039;\u00e9l\u00e9gance et de fonctionnalit\u00e9 dans un format plus spacieux.<\/p>\n<p>L : 19 cm H : 9,5 cm<\/p>","protected":false},"excerpt":{"rendered":"<p>Harris Tweed Portemonnee, The Large Clasp, Chestnut Herringbone.<\/p>\n<p>D\u00e9couvrez le grand sac \u00e0 main \u00e0 fermoir \u2013 un accessoire \u00e9l\u00e9gant et raffin\u00e9. Son ext\u00e9rieur, alliant Harris Tweed\u00ae et cuir microfibre, est dot\u00e9 d&#039;une fermeture \u00e0 pression m\u00e9tallique robuste et r\u00e9v\u00e8le un int\u00e9rieur spacieux en cuir microfibre.<\/p>","protected":false},"featured_media":546694,"template":"","meta":[],"product_brand":[],"product_cat":[496,638,1169,1142,1162,1138,1066,1068,1170,808],"product_tag":[],"class_list":{"0":"post-546693","1":"product","2":"type-product","3":"status-publish","4":"has-post-thumbnail","6":"product_cat-businesskostuum-en-accessoires","7":"product_cat-gifts","8":"product_cat-harris-tweed-geldborsen","9":"product_cat-harris-tweed-portemonnees","10":"product_cat-harris-tweed-taschen","11":"product_cat-harris-tweed-tassen","12":"product_cat-portemonnee","13":"product_cat-portemonnee-gifts","14":"product_cat-portemonnee-businesskostuum-en-accessoires","15":"product_cat-tassen","16":"pa_merk-islander","18":"first","19":"instock","20":"taxable","21":"shipping-taxable","22":"purchasable","23":"product-type-simple"},"df_price":54.95,"df_sale_price":"","df_regular_price":54.95,"df_image_link":"https:\/\/harristweed-shop.be\/wp-content\/uploads\/2026\/04\/12f49763f0e3eace7a7f13e1faa08deb_Harris_Tweed_Portemonnee__The_Large_Clasp__Chestnut_Herringbone-300x300.jpeg","_links":{"self":[{"href":"https:\/\/harristweed-shop.be\/fr\/wp-json\/wp\/v2\/product\/546693","targetHints":{"allow":["GET"]}}],"collection":[{"href":"https:\/\/harristweed-shop.be\/fr\/wp-json\/wp\/v2\/product"}],"about":[{"href":"https:\/\/harristweed-shop.be\/fr\/wp-json\/wp\/v2\/types\/product"}],"wp:featuredmedia":[{"embeddable":true,"href":"https:\/\/harristweed-shop.be\/fr\/wp-json\/wp\/v2\/media\/546694"}],"wp:attachment":[{"href":"https:\/\/harristweed-shop.be\/fr\/wp-json\/wp\/v2\/media?parent=546693"}],"wp:term":[{"taxonomy":"product_brand","embeddable":true,"href":"https:\/\/harristweed-shop.be\/fr\/wp-json\/wp\/v2\/product_brand?post=546693"},{"taxonomy":"product_cat","embeddable":true,"href":"https:\/\/harristweed-shop.be\/fr\/wp-json\/wp\/v2\/product_cat?post=546693"},{"taxonomy":"product_tag","embeddable":true,"href":"https:\/\/harristweed-shop.be\/fr\/wp-json\/wp\/v2\/product_tag?post=546693"}],"curies":[{"name":"wp","href":"https:\/\/api.w.org\/{rel}","templated":true}]}}