{"id":546676,"date":"2026-04-30T09:35:51","date_gmt":"2026-04-30T09:35:51","guid":{"rendered":"https:\/\/harristweed-shop.be\/product\/harris-tweed-shoulder-bag-the-ailsa-dark-green-herringbone\/"},"modified":"2026-04-30T17:08:16","modified_gmt":"2026-04-30T17:08:16","slug":"harris-tweed-shoulder-bag-the-ailsa-dark-green-herringbone","status":"publish","type":"product","link":"https:\/\/harristweed-shop.be\/fr\/produit\/sac-bandouliere-harris-en-tweed-modele-ailsa-a-chevrons-vert-fonce\/","title":{"rendered":"Sac bandouli\u00e8re en Harris Tweed, mod\u00e8le Ailsa, vert fonc\u00e9 \u00e0 chevrons"},"content":{"rendered":"<p>Le sac Ailsa allie \u00e0 la perfection \u00e9l\u00e9gance et fonctionnalit\u00e9, sublimant votre style du matin au soir. Confectionn\u00e9 en cuir v\u00e9ritable de haute qualit\u00e9 et en authentique Harris Tweed, ce sac fin et compact offre une qualit\u00e9 incomparable et un style intemporel.\n<\/p>\n<p>\nGr\u00e2ce \u00e0 sa bandouli\u00e8re amovible, ce sac se porte aussi bien en bandouli\u00e8re chic en journ\u00e9e qu&#039;en pochette sophistiqu\u00e9e le soir. Compact mais suffisamment spacieux pour vos essentiels.\n<\/p>\n<p>\n20 cm x 4 cm x 10 cm<\/p>","protected":false},"excerpt":{"rendered":"<p>Sac bandouli\u00e8re Harris Tweed, mod\u00e8le Ailsa, motif chevrons vert fonc\u00e9.<\/p>\n<p>L&#039;Ailsa est la combinaison parfaite d&#039;\u00e9l\u00e9gance et de fonctionnalit\u00e9, con\u00e7ue pour sublimer votre style sans effort, du jour au soir.<\/p>","protected":false},"featured_media":546677,"template":"","meta":[],"product_brand":[],"product_cat":[899,638,903,904,1163,1139,1162,1138,1238,900,1221,901,808,898],"product_tag":[],"class_list":{"0":"post-546676","1":"product","2":"type-product","3":"status-publish","4":"has-post-thumbnail","6":"product_cat-geschenke","7":"product_cat-gifts","8":"product_cat-handtas","9":"product_cat-handtaschen","10":"product_cat-harris-tweed-handtasche","11":"product_cat-harris-tweed-handtassen","12":"product_cat-harris-tweed-taschen","13":"product_cat-harris-tweed-tassen","14":"product_cat-islander","15":"product_cat-reisetaschen","16":"product_cat-tas-harris-tweed","17":"product_cat-taschen","18":"product_cat-tassen","19":"product_cat-tassen-gifts","20":"pa_merk-islander","22":"first","23":"instock","24":"taxable","25":"shipping-taxable","26":"purchasable","27":"product-type-simple"},"df_price":109.95,"df_sale_price":"","df_regular_price":109.95,"df_image_link":"https:\/\/harristweed-shop.be\/wp-content\/uploads\/2026\/04\/5f3003a2a68faabe7b96915e6571213b_Harris_Tweed_Shoulder_Bag__The_Ailsa__Dark_Green_Herringbone-300x300.jpeg","_links":{"self":[{"href":"https:\/\/harristweed-shop.be\/fr\/wp-json\/wp\/v2\/product\/546676","targetHints":{"allow":["GET"]}}],"collection":[{"href":"https:\/\/harristweed-shop.be\/fr\/wp-json\/wp\/v2\/product"}],"about":[{"href":"https:\/\/harristweed-shop.be\/fr\/wp-json\/wp\/v2\/types\/product"}],"wp:featuredmedia":[{"embeddable":true,"href":"https:\/\/harristweed-shop.be\/fr\/wp-json\/wp\/v2\/media\/546677"}],"wp:attachment":[{"href":"https:\/\/harristweed-shop.be\/fr\/wp-json\/wp\/v2\/media?parent=546676"}],"wp:term":[{"taxonomy":"product_brand","embeddable":true,"href":"https:\/\/harristweed-shop.be\/fr\/wp-json\/wp\/v2\/product_brand?post=546676"},{"taxonomy":"product_cat","embeddable":true,"href":"https:\/\/harristweed-shop.be\/fr\/wp-json\/wp\/v2\/product_cat?post=546676"},{"taxonomy":"product_tag","embeddable":true,"href":"https:\/\/harristweed-shop.be\/fr\/wp-json\/wp\/v2\/product_tag?post=546676"}],"curies":[{"name":"wp","href":"https:\/\/api.w.org\/{rel}","templated":true}]}}