{"id":546620,"date":"2026-04-28T16:04:27","date_gmt":"2026-04-28T16:04:27","guid":{"rendered":"https:\/\/harristweed-shop.be\/product\/heren-chino-katoen-mr-jones-in-curry\/"},"modified":"2026-05-02T16:04:14","modified_gmt":"2026-05-02T16:04:14","slug":"heren-chino-katoen-mr-jones-in-curry","status":"publish","type":"product","link":"https:\/\/harristweed-shop.be\/fr\/produit\/heren-chino-katoen-mr-jones-in-curry\/","title":{"rendered":"Chino en coton pour homme \u201c\u00a0Mr. Jones\u00a0\u201d couleur curry"},"content":{"rendered":"<p>Chinos intemporels pour hommes, confectionn\u00e9s en coton Pima de premi\u00e8re qualit\u00e9<\/p>\n<p>Ce pantalon chino pour homme, mod\u00e8le \u201c\u00a0Mr. Jones\u00a0\u201d, \u00e0 la coupe classique, est confectionn\u00e9 en coton Pima de premi\u00e8re qualit\u00e9\u00a0: le pantalon d\u2019\u00e9t\u00e9 id\u00e9al pour les chaudes journ\u00e9es d\u2019\u00e9t\u00e9. Le coton Pima, originaire du P\u00e9rou, est consid\u00e9r\u00e9 comme le meilleur coton au monde gr\u00e2ce \u00e0 des conditions de culture optimales et \u00e0 ses fibres exceptionnellement longues. Il est appr\u00e9ci\u00e9 pour son extraordinaire douceur, son \u00e9clat subtil et sa grande r\u00e9sistance.<\/p>\n<p>Une l\u00e9g\u00e8re \u00e9lasticit\u00e9 assure une tenue impeccable, une r\u00e9sistance aux plis et un confort optimal. Ce chino \u00e0 la coupe droite pr\u00e9sente des poches fran\u00e7aises, deux poches arri\u00e8re boutonn\u00e9es, des passants de ceinture et une poche gousset. Confortable et indispensable en toute occasion, ce mod\u00e8le polyvalent est un incontournable de toute garde-robe.<\/p>\n<p>\u2013 Boucle de s\u00e9curit\u00e9 triple \u00e0 la ceinture<br \/>\n\u2013 Lavable en machine<br \/>\n\u2013 Pr\u00e9lav\u00e9<br \/>\n\u2013 Deux poches passepoil\u00e9es \u00e0 fermeture boutonn\u00e9e au dos<br \/>\n\u2013 Deux poches lat\u00e9rales<\/p>\n<p>Mensurations du mannequin\u00a0: Le mannequin mesure 189\u00a0cm et porte une taille\u00a050.<br \/>\nCoupe : Chino classique \u00e0 la coupe r\u00e9guli\u00e8re et \u00e0 la taille mi-haute.<br \/>\nDimensions du produit\u00a0: Pour la taille 50, les dimensions sont les suivantes\u00a0: Tour de taille\u00a0: 90\u00a0cm \u2013 Longueur d\u2019entrejambe\u00a0: 83\u00a0cm \u2013 Largeur de jambe\u00a0: 38\u00a0cm<\/p>\n<p>Tissu ext\u00e9rieur : coton 98%, \u00e9lasthanne 2%<\/p>","protected":false},"excerpt":{"rendered":"<p>Heren Chino Katoen &#8220;Mr. Jones&#8221; In Curry 51.<\/p>\n<p>Ce pantalon chino pour homme, mod\u00e8le \u201c\u00a0Mr. Jones\u00a0\u201d, \u00e0 la coupe classique, est confectionn\u00e9 en coton Pima de premi\u00e8re qualit\u00e9\u00a0: le pantalon d\u2019\u00e9t\u00e9 id\u00e9al pour les chaudes journ\u00e9es d\u2019\u00e9t\u00e9. Le coton Pima, originaire du P\u00e9rou, est consid\u00e9r\u00e9 comme le meilleur coton au monde gr\u00e2ce \u00e0 des conditions de culture optimales et \u00e0 ses fibres exceptionnellement longues.<\/p>","protected":false},"featured_media":546650,"template":"","meta":[],"product_brand":[],"product_cat":[513,607,608,602],"product_tag":[],"class_list":{"0":"post-546620","1":"product","2":"type-product","3":"status-publish","4":"has-post-thumbnail","6":"product_cat-broeken","7":"product_cat-chinos-broeken","8":"product_cat-chinos-hosen","9":"product_cat-hosen","11":"first","12":"instock","13":"taxable","14":"shipping-taxable","15":"purchasable","16":"product-type-variable"},"df_price":99.95,"df_sale_price":"","df_regular_price":99.95,"df_image_link":"https:\/\/harristweed-shop.be\/wp-content\/uploads\/2026\/04\/1cc7fc45d57bd025808b82868785e1a0_Heren_Chino_Katoen__Mr__Jones__In_Curry-225x300.jpeg","_links":{"self":[{"href":"https:\/\/harristweed-shop.be\/fr\/wp-json\/wp\/v2\/product\/546620","targetHints":{"allow":["GET"]}}],"collection":[{"href":"https:\/\/harristweed-shop.be\/fr\/wp-json\/wp\/v2\/product"}],"about":[{"href":"https:\/\/harristweed-shop.be\/fr\/wp-json\/wp\/v2\/types\/product"}],"wp:featuredmedia":[{"embeddable":true,"href":"https:\/\/harristweed-shop.be\/fr\/wp-json\/wp\/v2\/media\/546650"}],"wp:attachment":[{"href":"https:\/\/harristweed-shop.be\/fr\/wp-json\/wp\/v2\/media?parent=546620"}],"wp:term":[{"taxonomy":"product_brand","embeddable":true,"href":"https:\/\/harristweed-shop.be\/fr\/wp-json\/wp\/v2\/product_brand?post=546620"},{"taxonomy":"product_cat","embeddable":true,"href":"https:\/\/harristweed-shop.be\/fr\/wp-json\/wp\/v2\/product_cat?post=546620"},{"taxonomy":"product_tag","embeddable":true,"href":"https:\/\/harristweed-shop.be\/fr\/wp-json\/wp\/v2\/product_tag?post=546620"}],"curies":[{"name":"wp","href":"https:\/\/api.w.org\/{rel}","templated":true}]}}