{"id":546503,"date":"2026-04-28T07:05:11","date_gmt":"2026-04-28T07:05:11","guid":{"rendered":"https:\/\/harristweed-shop.be\/product\/harris-tweed-bodywarmer-levi-gevoerd-met-lederen-applicaties-686\/"},"modified":"2026-04-30T10:43:09","modified_gmt":"2026-04-30T10:43:09","slug":"harris-tweed-bodywarmer-levi-gevoerd-met-lederen-applicaties-686","status":"publish","type":"product","link":"https:\/\/harristweed-shop.be\/fr\/produit\/gilet-sans-manches-en-tweed-harris-levis-double-dappliques-en-cuir-686\/","title":{"rendered":"Gilet sans manches en tweed Harris \u201c Levi \u201d doubl\u00e9 d&#039;appliques en cuir \u00e0 chevrons anthracite"},"content":{"rendered":"<p>Les gilets rembourr\u00e9s sont de v\u00e9ritables polyvalents : pratiques et incroyablement polyvalents. <\/p>\n<p>Notre gilet \u00ab\u00a0Levi\u00a0\u00bb, avec son interpr\u00e9tation sportive et moderne du style campagnard, propulse cette polyvalence \u00e0 un niveau sup\u00e9rieur\u00a0: confectionn\u00e9 en Harris Tweed original et durable, tiss\u00e9 \u00e0 la main en \u00c9cosse, ce tissu offre un confort unique. Rares sont les tissus qui incarnent un tel sens de la tradition et de la qualit\u00e9. D&#039;\u00e9l\u00e9gants d\u00e9tails, comme les empi\u00e8cements devant et dos et les bords gans\u00e9s en cuir nappa marron de la plus haute qualit\u00e9, compl\u00e8tent parfaitement ce design raffin\u00e9. Six poches offrent un espace de rangement g\u00e9n\u00e9reux pour tout ce dont vous avez besoin\u00a0: une poche poitrine zipp\u00e9e, deux poches plaqu\u00e9es doubl\u00e9es chaudement et trois poches int\u00e9rieures refermables. Le rembourrage en polyester aux \u00e9paules facilite l&#039;enfilage, tandis que le tissu en laine et cachemire de haute qualit\u00e9 \u00e0 la taille offre chaleur et confort, m\u00eame par temps froid. Port\u00e9 par-dessus des chemises, des hauts, etc., ce gilet est un v\u00e9ritable passe-partout et un incontournable de toute garde-robe.<\/p>\n<p>\u2013 Fabriqu\u00e9 en v\u00e9ritable Harris Tweed 100%<br \/>\u2013 Poche poitrine avec fermeture \u00e9clair<br \/>\u2013 Trois poches int\u00e9rieures refermables<br \/>\u2013 Applications en cuir v\u00e9ritable sur les \u00e9paules<br \/>\u2013 \u00c9tiquette nominative<br \/>\u2013 Deux poches lat\u00e9rales<\/p>\n<p>Mensurations du mod\u00e8le : Le mannequin mesure 189 cm et porte une taille 50.<br \/>Coupe : Coupe droite<br \/>Dimensions de l&#039;article : Pour la taille 50 les dimensions sont : Longueur du dos : 72 cm \u2013 Largeur demi-poitrine : 59 cm<\/p>\n<p>Tissu ext\u00e9rieur : laine vierge 100%<br \/>Doublure : 100% nylon, 90% laine, 10% cachemire<\/p>","protected":false},"excerpt":{"rendered":"<p>Gilet sans manches Harris Tweed \u201c Levi \u201d doubl\u00e9 d&#039;appliques en cuir \u00e0 chevrons anthra 686.<\/p>\n<p>Notre gilet Levi, avec son interpr\u00e9tation sportive et moderne d&#039;un look country, porte cette polyvalence \u00e0 un nouveau niveau : fabriqu\u00e9 \u00e0 partir de Harris Tweed original et durable, tiss\u00e9 \u00e0 la main en \u00c9cosse, ce tissu offre un confort unique.<\/p>","protected":false},"featured_media":546535,"template":"","meta":[],"product_brand":[],"product_cat":[1060,1186,1187,1087,1157,87],"product_tag":[],"class_list":{"0":"post-546503","1":"product","2":"type-product","3":"status-publish","4":"has-post-thumbnail","6":"product_cat-bodywarmer","7":"product_cat-harris-tweed-bodywarmer","8":"product_cat-harris-tweed-bodywarmers","9":"product_cat-harris-tweed-jassen-en-jacks-heren","10":"product_cat-harris-tweed-mantel-und-jacken-fur-herren","11":"product_cat-jassen-en-jacks","12":"pa_merk-wellington","14":"first","15":"instock","16":"taxable","17":"shipping-taxable","18":"purchasable","19":"product-type-variable"},"df_price":279.95,"df_sale_price":"","df_regular_price":279.95,"df_image_link":"https:\/\/harristweed-shop.be\/wp-content\/uploads\/2026\/04\/6cf56d8c5977c8104660fddc85e76cfc_Harris_Tweed_Bodywarmer__Levi__Gevoerd_Met_Lederen_Applicaties_686-225x300.jpeg","_links":{"self":[{"href":"https:\/\/harristweed-shop.be\/fr\/wp-json\/wp\/v2\/product\/546503","targetHints":{"allow":["GET"]}}],"collection":[{"href":"https:\/\/harristweed-shop.be\/fr\/wp-json\/wp\/v2\/product"}],"about":[{"href":"https:\/\/harristweed-shop.be\/fr\/wp-json\/wp\/v2\/types\/product"}],"wp:featuredmedia":[{"embeddable":true,"href":"https:\/\/harristweed-shop.be\/fr\/wp-json\/wp\/v2\/media\/546535"}],"wp:attachment":[{"href":"https:\/\/harristweed-shop.be\/fr\/wp-json\/wp\/v2\/media?parent=546503"}],"wp:term":[{"taxonomy":"product_brand","embeddable":true,"href":"https:\/\/harristweed-shop.be\/fr\/wp-json\/wp\/v2\/product_brand?post=546503"},{"taxonomy":"product_cat","embeddable":true,"href":"https:\/\/harristweed-shop.be\/fr\/wp-json\/wp\/v2\/product_cat?post=546503"},{"taxonomy":"product_tag","embeddable":true,"href":"https:\/\/harristweed-shop.be\/fr\/wp-json\/wp\/v2\/product_tag?post=546503"}],"curies":[{"name":"wp","href":"https:\/\/api.w.org\/{rel}","templated":true}]}}