{"id":546468,"date":"2026-04-24T12:35:26","date_gmt":"2026-04-24T12:35:26","guid":{"rendered":"https:\/\/harristweed-shop.be\/product\/harris-tweed-pantalon-mr-miller-in-green-island-herringbone\/"},"modified":"2026-04-24T14:07:18","modified_gmt":"2026-04-24T14:07:18","slug":"harris-tweed-pantalon-mr-miller-in-green-island-herringbone","status":"publish","type":"product","link":"https:\/\/harristweed-shop.be\/fr\/produit\/pantalon-en-tweed-harris-modele-mr-miller-a-chevrons-green-island\/","title":{"rendered":"Pantalon en tweed Harris Mr Miller \u00e0 chevrons Green Island"},"content":{"rendered":"<p>Pantalon homme \u00ab Mr. Miller \u00bb 100% Harris Tweed \u2013 classique, \u00e9l\u00e9gant et exclusif<\/p>\n<p>D\u00e9couvrez le pantalon homme \u00ab\u00a0Mr. Miller\u00a0\u00bb. Confectionn\u00e9 en v\u00e9ritable Harris Tweed 100%, l&#039;un des tissus les plus raffin\u00e9s au monde, tiss\u00e9 \u00e0 la main en \u00c9cosse, le pantalon Miller allie style intemporel et savoir-faire de haute qualit\u00e9, tout en offrant une coupe confortable, id\u00e9ale en toute occasion.<br \/>L&#039;authentique Harris Tweed, confectionn\u00e9 en pure laine vierge, offre une durabilit\u00e9 naturelle, une respirabilit\u00e9 et une texture distinctive. Son tissage classique et son design \u00e9l\u00e9gant font de ce pantalon un v\u00e9ritable coup de c\u0153ur pour les amateurs de tweed et les fashionistas.<\/p>\n<p>Le pantalon a une coupe r\u00e9guli\u00e8re, des poches lat\u00e9rales, deux poches arri\u00e8re avec fermeture \u00e0 bouton, une taille facile \u00e0 ajuster et une doublure trois-quarts pour plus de confort.<\/p>\n<p>Que vous le portiez au bureau, lors d&#039;un d\u00e9jeuner d&#039;affaires ou pour une tenue d\u00e9contract\u00e9e et \u00e9l\u00e9gante, le pantalon homme \u00ab Mr. Miller \u00bb s&#039;associe parfaitement \u00e0 un blazer ou un gilet. Il est le choix id\u00e9al pour les hommes qui appr\u00e9cient la qualit\u00e9 durable, un savoir-faire exceptionnel et un style classique.<\/p>\n<p>\u2013 Ceinture facile \u00e0 ajuster<br \/>\u2013 Triple fermeture de s\u00e9curit\u00e9 sur la ceinture<br \/>- Poches boutonn\u00e9es au dos<br \/>\u2013 Harris Tweed \u2013 tiss\u00e9 \u00e0 la main en \u00c9cosse<br \/>- Pantalon trois-quarts doubl\u00e9 devant et dos<br \/>\u2013 Deux poches lat\u00e9rales<\/p>\n<p>Coupe : coupe r\u00e9guli\u00e8re<br \/>Dimensions de l&#039;article : Pour la taille 50, les mesures sont : ceinture : 46,5 cm, longueur de l&#039;entrejambe : 82 cm, largeur de l&#039;ourlet : 20 cm<\/p>\n<p>Tissu ext\u00e9rieur : laine vierge 100%<br \/>Doublure : viscose 100%<\/p>","protected":false},"excerpt":{"rendered":"<p>Pantalon en tweed Harris M. Miller \u00e0 chevrons Green Island 632.<\/p>\n<p>D\u00e9couvrez le pantalon homme \u00ab\u00a0Mr. Miller\u00a0\u00bb. Confectionn\u00e9 en v\u00e9ritable Harris Tweed 100%, l&#039;un des tissus les plus raffin\u00e9s au monde, tiss\u00e9 \u00e0 la main en \u00c9cosse, le pantalon Miller allie style intemporel et savoir-faire de haute qualit\u00e9, tout en offrant une coupe confortable, id\u00e9ale en toute occasion.<\/p>","protected":false},"featured_media":546500,"template":"","meta":[],"product_brand":[],"product_cat":[513,1123,1158,602,604,514],"product_tag":[],"class_list":{"0":"post-546468","1":"product","2":"type-product","3":"status-publish","4":"has-post-thumbnail","6":"product_cat-broeken","7":"product_cat-harris-tweed-broeken","8":"product_cat-harris-tweed-hosen","9":"product_cat-hosen","10":"product_cat-hosen-aus-tweed","11":"product_cat-tweed-pantalons-broeken","12":"pa_merk-wellington","14":"first","15":"instock","16":"taxable","17":"shipping-taxable","18":"purchasable","19":"product-type-variable"},"df_price":229.95,"df_sale_price":"","df_regular_price":229.95,"df_image_link":"https:\/\/harristweed-shop.be\/wp-content\/uploads\/2026\/04\/5a2d25274676abdaa5093908ffd5c36d_Harris_Tweed_Pantalon_Mr_Miller_In_Green_Island_herringbone-225x300.jpeg","_links":{"self":[{"href":"https:\/\/harristweed-shop.be\/fr\/wp-json\/wp\/v2\/product\/546468","targetHints":{"allow":["GET"]}}],"collection":[{"href":"https:\/\/harristweed-shop.be\/fr\/wp-json\/wp\/v2\/product"}],"about":[{"href":"https:\/\/harristweed-shop.be\/fr\/wp-json\/wp\/v2\/types\/product"}],"wp:featuredmedia":[{"embeddable":true,"href":"https:\/\/harristweed-shop.be\/fr\/wp-json\/wp\/v2\/media\/546500"}],"wp:attachment":[{"href":"https:\/\/harristweed-shop.be\/fr\/wp-json\/wp\/v2\/media?parent=546468"}],"wp:term":[{"taxonomy":"product_brand","embeddable":true,"href":"https:\/\/harristweed-shop.be\/fr\/wp-json\/wp\/v2\/product_brand?post=546468"},{"taxonomy":"product_cat","embeddable":true,"href":"https:\/\/harristweed-shop.be\/fr\/wp-json\/wp\/v2\/product_cat?post=546468"},{"taxonomy":"product_tag","embeddable":true,"href":"https:\/\/harristweed-shop.be\/fr\/wp-json\/wp\/v2\/product_tag?post=546468"}],"curies":[{"name":"wp","href":"https:\/\/api.w.org\/{rel}","templated":true}]}}