{"id":546464,"date":"2026-04-24T12:05:55","date_gmt":"2026-04-24T12:05:55","guid":{"rendered":"https:\/\/harristweed-shop.be\/product\/bowhill-scottish-borderlan-lambswool-scarf\/"},"modified":"2026-04-25T10:06:56","modified_gmt":"2026-04-25T10:06:56","slug":"bowhill-scottish-borderlan-lambswool-scarf","status":"publish","type":"product","link":"https:\/\/harristweed-shop.be\/fr\/produit\/echarpe-en-laine-dagneau-bowhill-scottish-borderlan\/","title":{"rendered":"\u00c9charpe en laine d&#039;agneau Bowhill Scottish Borderlan"},"content":{"rendered":"<p>Nos \u00e9charpes en laine d&#039;agneau bross\u00e9e sont un accessoire indispensable \u00e0 toute garde-robe. Portez cet accessoire classique et \u00e9l\u00e9gant avec d\u00e9sinvolture sur l&#039;\u00e9paule ou utilisez-le pour vous tenir chaud. L&#039;accessoire id\u00e9al pour hommes et femmes.<\/p>\n<p>La couverture en laine d&#039;agneau Scottish Borderland est un tartan \u00e0 base olive avec des sur-carreaux bleu roi, cr\u00e8me et moutarde.<\/p>\n<p>Le tartan original des Scottish Borders a \u00e9t\u00e9 cr\u00e9\u00e9 en 1996 par Alistair Buchan, ancien propri\u00e9taire de Locharron of Scotland. Il s&#039;inspire des couleurs des paysages des Scottish Borders\u00a0: les bleus et les gris de la rivi\u00e8re Tweed qui traverse la r\u00e9gion, et les verts tendres qui recouvrent les collines de Peebles jusqu&#039;\u00e0 la c\u00f4te est. Ce tartan est un tartan de district et ne poss\u00e8de donc pas de chef de clan. Terre natale de clans tels que les Elliots et les Scotts, les relations entre les clans des Borders ont vari\u00e9 d&#039;alliances fragiles \u00e0 des querelles ouvertes et meurtri\u00e8res.<\/p>\n<p>Tartan : Scottish Borderland.<\/p>\n<p>Dimensions : 24 cm x 180 cm (franges comprises).<\/p>\n<p>Composition : laine d&#039;agneau 100%.<\/p>\n<p>Instructions de lavage : Nettoyage \u00e0 sec uniquement.<\/p>\n<p>Fabriqu\u00e9 avec fiert\u00e9 dans notre usine situ\u00e9e au c\u0153ur des Scottish Borders.<\/p>","protected":false},"excerpt":{"rendered":"<p>\u00c9charpe en laine d&#039;agneau Bowhill Scottish Borderlan.<\/p>\n<p>Nos \u00e9charpes en laine d&#039;agneau bross\u00e9e sont un accessoire indispensable \u00e0 toute garde-robe. Portez cet accessoire classique et \u00e9l\u00e9gant avec d\u00e9sinvolture sur l&#039;\u00e9paule ou utilisez-le pour vous tenir chaud.<\/p>","protected":false},"featured_media":546465,"template":"","meta":[],"product_brand":[],"product_cat":[873,874,105,872],"product_tag":[],"class_list":{"0":"post-546464","1":"product","2":"type-product","3":"status-publish","4":"has-post-thumbnail","6":"product_cat-schals","7":"product_cat-schals-schals","8":"product_cat-shawls","9":"product_cat-shawls-shawls","10":"pa_merk-lochcarron-of-scotland","12":"first","13":"instock","14":"taxable","15":"shipping-taxable","16":"purchasable","17":"product-type-simple"},"df_price":39.95,"df_sale_price":"","df_regular_price":39.95,"df_image_link":"https:\/\/harristweed-shop.be\/wp-content\/uploads\/2026\/04\/e5e2868517de478fd8c0e868c45a66d7_Bowhill_Scottish_Borderlan_Lambswool_Scarf-225x300.jpeg","_links":{"self":[{"href":"https:\/\/harristweed-shop.be\/fr\/wp-json\/wp\/v2\/product\/546464","targetHints":{"allow":["GET"]}}],"collection":[{"href":"https:\/\/harristweed-shop.be\/fr\/wp-json\/wp\/v2\/product"}],"about":[{"href":"https:\/\/harristweed-shop.be\/fr\/wp-json\/wp\/v2\/types\/product"}],"wp:featuredmedia":[{"embeddable":true,"href":"https:\/\/harristweed-shop.be\/fr\/wp-json\/wp\/v2\/media\/546465"}],"wp:attachment":[{"href":"https:\/\/harristweed-shop.be\/fr\/wp-json\/wp\/v2\/media?parent=546464"}],"wp:term":[{"taxonomy":"product_brand","embeddable":true,"href":"https:\/\/harristweed-shop.be\/fr\/wp-json\/wp\/v2\/product_brand?post=546464"},{"taxonomy":"product_cat","embeddable":true,"href":"https:\/\/harristweed-shop.be\/fr\/wp-json\/wp\/v2\/product_cat?post=546464"},{"taxonomy":"product_tag","embeddable":true,"href":"https:\/\/harristweed-shop.be\/fr\/wp-json\/wp\/v2\/product_tag?post=546464"}],"curies":[{"name":"wp","href":"https:\/\/api.w.org\/{rel}","templated":true}]}}