{"id":546461,"date":"2026-04-24T12:05:54","date_gmt":"2026-04-24T12:05:54","guid":{"rendered":"https:\/\/harristweed-shop.be\/product\/bowhill-bell-of-the-border-lambswool-scarf\/"},"modified":"2026-04-24T13:36:17","modified_gmt":"2026-04-24T13:36:17","slug":"bowhill-bell-of-the-border-lambswool-scarf","status":"publish","type":"product","link":"https:\/\/harristweed-shop.be\/fr\/produit\/echarpe-en-laine-dagneau-bowhill-bell-of-the-border\/","title":{"rendered":"\u00c9charpe en laine d&#039;agneau Bowhill Bell Of The Border"},"content":{"rendered":"<p>Nos \u00e9charpes en laine d&#039;agneau bross\u00e9e sont un accessoire indispensable \u00e0 toute garde-robe. Portez cet accessoire classique et \u00e9l\u00e9gant avec d\u00e9sinvolture sur l&#039;\u00e9paule ou utilisez-le pour vous tenir chaud. L&#039;accessoire id\u00e9al pour hommes et femmes.<\/p>\n<p>Le tartan Bell of the Borders est un tartan bleu clair et jaune \u00e0 carreaux noirs, verts et rouges.<\/p>\n<p>Ce tartan, \u00e9galement connu sous le nom de \u2018 Dress Blue \u2019, a \u00e9t\u00e9 con\u00e7u par le colonel William Bell au d\u00e9but de l&#039;ann\u00e9e 1984. Pendant des ann\u00e9es, il s&#039;agissait d&#039;un mod\u00e8le priv\u00e9, mais il a ensuite \u00e9t\u00e9 mis en production et en vente.<\/p>\n<p>Tartan : Cloche de la fronti\u00e8re.<\/p>\n<p>Dimensions : 24 cm x 180 cm (franges comprises).<\/p>\n<p>Composition : laine d&#039;agneau 100%.<\/p>\n<p>Instructions de lavage : Nettoyage \u00e0 sec uniquement.<\/p>\n<p>Fabriqu\u00e9 avec fiert\u00e9 dans notre usine situ\u00e9e au c\u0153ur des Scottish Borders.<\/p>","protected":false},"excerpt":{"rendered":"<p>\u00c9charpe en laine d&#039;agneau Bowhill Bell Of The Border.<\/p>\n<p>Nos \u00e9charpes en laine d&#039;agneau bross\u00e9e sont un accessoire indispensable \u00e0 toute garde-robe. Portez cet accessoire classique et \u00e9l\u00e9gant avec d\u00e9sinvolture sur l&#039;\u00e9paule ou utilisez-le pour vous tenir chaud.<\/p>","protected":false},"featured_media":546462,"template":"","meta":[],"product_brand":[],"product_cat":[873,874,872,105],"product_tag":[],"class_list":{"0":"post-546461","1":"product","2":"type-product","3":"status-publish","4":"has-post-thumbnail","6":"product_cat-schals","7":"product_cat-schals-schals","8":"product_cat-shawls-shawls","9":"product_cat-shawls","10":"pa_merk-lochcarron-of-scotland","12":"first","13":"instock","14":"taxable","15":"shipping-taxable","16":"purchasable","17":"product-type-simple"},"df_price":39.95,"df_sale_price":"","df_regular_price":39.95,"df_image_link":"https:\/\/harristweed-shop.be\/wp-content\/uploads\/2026\/04\/40727c1ca01af485959d6d617ef42f9f_Bowhill_Bell_Of_The_Border_Lambswool_Scarf-225x300.jpeg","_links":{"self":[{"href":"https:\/\/harristweed-shop.be\/fr\/wp-json\/wp\/v2\/product\/546461","targetHints":{"allow":["GET"]}}],"collection":[{"href":"https:\/\/harristweed-shop.be\/fr\/wp-json\/wp\/v2\/product"}],"about":[{"href":"https:\/\/harristweed-shop.be\/fr\/wp-json\/wp\/v2\/types\/product"}],"wp:featuredmedia":[{"embeddable":true,"href":"https:\/\/harristweed-shop.be\/fr\/wp-json\/wp\/v2\/media\/546462"}],"wp:attachment":[{"href":"https:\/\/harristweed-shop.be\/fr\/wp-json\/wp\/v2\/media?parent=546461"}],"wp:term":[{"taxonomy":"product_brand","embeddable":true,"href":"https:\/\/harristweed-shop.be\/fr\/wp-json\/wp\/v2\/product_brand?post=546461"},{"taxonomy":"product_cat","embeddable":true,"href":"https:\/\/harristweed-shop.be\/fr\/wp-json\/wp\/v2\/product_cat?post=546461"},{"taxonomy":"product_tag","embeddable":true,"href":"https:\/\/harristweed-shop.be\/fr\/wp-json\/wp\/v2\/product_tag?post=546461"}],"curies":[{"name":"wp","href":"https:\/\/api.w.org\/{rel}","templated":true}]}}