{"id":546447,"date":"2026-04-24T12:05:49","date_gmt":"2026-04-24T12:05:49","guid":{"rendered":"https:\/\/harristweed-shop.be\/product\/heren-lederen-blouson-winston-iii-in-mud\/"},"modified":"2026-04-24T13:36:23","modified_gmt":"2026-04-24T13:36:23","slug":"heren-lederen-blouson-winston-iii-in-mud","status":"publish","type":"product","link":"https:\/\/harristweed-shop.be\/fr\/produit\/heren-lederen-blouson-winston-iii-in-mud\/","title":{"rendered":"Blouson en cuir pour homme \u201c Winston III \u201d couleur boue"},"content":{"rendered":"<p>Veste en cuir pour homme : \u00ab Winston III \u00bb \u2013 une veste sportive pour homme en cuir de ch\u00e8vre velours doux comme un gant<\/p>\n<p>Le cuir \u00ab\u00a0Winston III\u00a0\u00bb au toucher velout\u00e9, dans un style blouson classique, est \u00e0 la fois moderne et \u00e9l\u00e9gant. Fabriqu\u00e9 en daim de ch\u00e8vre de la plus haute qualit\u00e9, ce produit naturel est coupe-vent, respirant, durable et d&#039;une l\u00e9g\u00e8ret\u00e9 exceptionnelle.<\/p>\n<p>Avec sa coupe longueur hanches, des d\u00e9tails remarquables, tels que des empi\u00e8cements c\u00f4tel\u00e9s extensibles au col, aux manches et \u00e0 la taille, soulignent son allure sportive. La veste est dot\u00e9e d&#039;une fermeture \u00e9clair avant originale, de deux poches lat\u00e9rales zipp\u00e9es, d&#039;une doublure ray\u00e9e bleu clair et de deux poches int\u00e9rieures refermables. Des coutures d\u00e9coratives de couleur assortie aux \u00e9paules et des coutures gainantes au dos compl\u00e8tent avec \u00e9l\u00e9gance son look authentique.<\/p>\n<p>Un mod\u00e8le polyvalent et intemporel, suffisamment l\u00e9ger pour le printemps et l&#039;\u00e9t\u00e9 et suffisamment chaud pour l&#039;automne. Il compl\u00e8te parfaitement vos tenues et vous procurera des ann\u00e9es de plaisir.<\/p>\n<p>\u2013 Fermeture \u00e9clair sur le devant<br \/>\u2013 Doublure ray\u00e9e bleu clair<br \/>\u2013 \u00c9tiquette nominative<br \/>\u2013 D\u00e9tails en tricot c\u00f4tel\u00e9 sur le col, les manches et l&#039;ourlet du coll\u00e8ge<br \/>\u2013 Deux poches avec fermeture \u00e9clair<br \/>\u2013 Deux poches int\u00e9rieures refermables<\/p>\n<p>Coupe : Blouson droit et confortable.<br \/>Dimensions de l\u2019article : Pour la taille 50, les mesures sont : Demi-poitrine : 60 cm \u2013 Longueur des manches \u00e0 partir du ballon : 69 cm \u2013 Longueur du dos : 67 cm.<\/p>\n<p>Tissu ext\u00e9rieur : daim de ch\u00e8vre 100%<br \/>Doublure : coton 100%<br \/>Doublure des manches : polyester 100%<\/p>","protected":false},"excerpt":{"rendered":"<p>Heren Lederen Blouson &#8220;Winston III&#8221; In Mud 25.<\/p>\n<p>Le cuir \u00ab\u00a0Winston III\u00a0\u00bb au toucher velout\u00e9, dans un style blouson classique, est \u00e0 la fois moderne et \u00e9l\u00e9gant. Fabriqu\u00e9 en daim de ch\u00e8vre de la plus haute qualit\u00e9, ce produit naturel est coupe-vent, respirant, durable et d&#039;une l\u00e9g\u00e8ret\u00e9 exceptionnelle.<\/p>","protected":false},"featured_media":546458,"template":"","meta":[],"product_brand":[],"product_cat":[530,87,482,531],"product_tag":[],"class_list":{"0":"post-546447","1":"product","2":"type-product","3":"status-publish","4":"has-post-thumbnail","6":"product_cat-heren-jassen-en-jacks","7":"product_cat-jassen-en-jacks","8":"product_cat-mantel-und-jacken","9":"product_cat-mantel-und-jacken-fur-herren","10":"pa_merk-wellington","12":"first","13":"instock","14":"taxable","15":"shipping-taxable","16":"purchasable","17":"product-type-variable"},"df_price":299.95,"df_sale_price":"","df_regular_price":299.95,"df_image_link":"https:\/\/harristweed-shop.be\/wp-content\/uploads\/2026\/04\/8e89d0162b6417eca008812fb56c0e74_Heren_Lederen_Blouson__Winston_III__In_Mud-225x300.jpeg","_links":{"self":[{"href":"https:\/\/harristweed-shop.be\/fr\/wp-json\/wp\/v2\/product\/546447","targetHints":{"allow":["GET"]}}],"collection":[{"href":"https:\/\/harristweed-shop.be\/fr\/wp-json\/wp\/v2\/product"}],"about":[{"href":"https:\/\/harristweed-shop.be\/fr\/wp-json\/wp\/v2\/types\/product"}],"wp:featuredmedia":[{"embeddable":true,"href":"https:\/\/harristweed-shop.be\/fr\/wp-json\/wp\/v2\/media\/546458"}],"wp:attachment":[{"href":"https:\/\/harristweed-shop.be\/fr\/wp-json\/wp\/v2\/media?parent=546447"}],"wp:term":[{"taxonomy":"product_brand","embeddable":true,"href":"https:\/\/harristweed-shop.be\/fr\/wp-json\/wp\/v2\/product_brand?post=546447"},{"taxonomy":"product_cat","embeddable":true,"href":"https:\/\/harristweed-shop.be\/fr\/wp-json\/wp\/v2\/product_cat?post=546447"},{"taxonomy":"product_tag","embeddable":true,"href":"https:\/\/harristweed-shop.be\/fr\/wp-json\/wp\/v2\/product_tag?post=546447"}],"curies":[{"name":"wp","href":"https:\/\/api.w.org\/{rel}","templated":true}]}}