{"id":546402,"date":"2026-04-24T10:04:30","date_gmt":"2026-04-24T10:04:30","guid":{"rendered":"https:\/\/harristweed-shop.be\/product\/wellington-parka-shelbay-in-navy\/"},"modified":"2026-04-25T09:37:03","modified_gmt":"2026-04-25T09:37:03","slug":"wellington-parka-shelbay-in-navy","status":"publish","type":"product","link":"https:\/\/harristweed-shop.be\/fr\/produit\/parka-wellington-shelbay-bleu-marine\/","title":{"rendered":"Parka Wellington \u201c\u00a0Shelbay\u00a0\u201d bleu marine"},"content":{"rendered":"<p data-start=\"397\" data-end=\"637\">La parka \u201c\u00a0Shelbay\u00a0\u201d de Wellington est con\u00e7ue pour celles et ceux qui souhaitent allier fonctionnalit\u00e9 et style avec \u00e9l\u00e9gance. Cette veste polyvalente offre une protection fiable contre le vent et la pluie, sans rien sacrifier \u00e0 un look soign\u00e9 et intemporel.<\/p>\n<p data-start=\"639\" data-end=\"941\">Confectionn\u00e9e dans un tissu r\u00e9sistant aux intemp\u00e9ries, la parka Shelbay est robuste et adapt\u00e9e \u00e0 un usage quotidien par tous les temps. Gr\u00e2ce \u00e0 sa conception pratique et \u00e0 ses d\u00e9tails bien pens\u00e9s, elle est id\u00e9ale aussi bien pour la ville que pour les activit\u00e9s de plein air.<\/p>\n<p data-start=\"943\" data-end=\"1273\">Cette veste est dot\u00e9e d&#039;une fermeture \u00e9clair int\u00e9grale avec rabat anti-temp\u00eate, assurant une protection efficace contre le vent et la pluie. Ses nombreuses poches, plaqu\u00e9es et zipp\u00e9es, offrent un espace g\u00e9n\u00e9reux pour vos essentiels. La capuche et les poignets ajustables procurent un confort et une protection accrus par temps froid.<\/p>\n<p data-start=\"1275\" data-end=\"1441\">Sa coupe confortable et l\u00e9g\u00e8rement ample permet de porter facilement la parka Shelbay par-dessus plusieurs v\u00eatements. Elle convient ainsi au printemps, \u00e0 l&#039;automne et \u00e0 l&#039;hiver.<\/p>\n<p data-end=\"1441\" data-start=\"1275\">\u2013 Tissu ext\u00e9rieur r\u00e9sistant \u00e0 l&#039;eau et au vent<br \/>\u2013 Construction en serg\u00e9 durable ou en tissu technique<br \/>\u2013 Fermeture \u00e9clair avec rabat anti-temp\u00eate<br \/>\u2013 Plusieurs poches fonctionnelles<br \/>\u2013 Capuche r\u00e9glable<br \/>\u2013 Confortable, coupe l\u00e9g\u00e8rement ample<br \/>\u2013 Id\u00e9al pour un usage quotidien et en ext\u00e9rieur<\/p>\n<p>Coupe : Confortable, coupe droite<br \/>Dimensions de l&#039;article : Pour la taille 50, les mesures sont : Demi-poitrine : 60,5 cm \u2013 Demi-taille : 55 cm \u2013 Largeur d&#039;\u00e9paule : 11,5 cm \u2013 Longueur des manches \u00e0 partir du ballon : 67 cm \u2013 Longueur du dos : 88 cm<\/p>\n<p>Tissu ext\u00e9rieur : coton 100%<br \/>Doublure : polyester 100%<br \/>Doublure des manches : polyester 100%<\/p>","protected":false},"excerpt":{"rendered":"<p>Parka Wellington \u201c Shelbay \u201d en bleu marine 10.<\/p>\n<p>La parka \u201c\u00a0Shelbay\u00a0\u201d de Wellington est con\u00e7ue pour celles et ceux qui souhaitent allier fonctionnalit\u00e9 et style avec \u00e9l\u00e9gance. Cette veste polyvalente offre une protection fiable contre le vent et la pluie, sans rien sacrifier \u00e0 un look soign\u00e9 et intemporel.<\/p>","protected":false},"featured_media":546414,"template":"","meta":[],"product_brand":[],"product_cat":[530,87,482,531,1054],"product_tag":[],"class_list":{"0":"post-546402","1":"product","2":"type-product","3":"status-publish","4":"has-post-thumbnail","6":"product_cat-heren-jassen-en-jacks","7":"product_cat-jassen-en-jacks","8":"product_cat-mantel-und-jacken","9":"product_cat-mantel-und-jacken-fur-herren","10":"product_cat-regenjas","11":"pa_merk-wellington","13":"first","14":"instock","15":"taxable","16":"shipping-taxable","17":"purchasable","18":"product-type-variable"},"df_price":279.95,"df_sale_price":"","df_regular_price":279.95,"df_image_link":"https:\/\/harristweed-shop.be\/wp-content\/uploads\/2026\/04\/d73659f1f4ad02cfc3a2e4fc713b7a99_Wellington_Parka__Shelbay__In_Navy-225x300.jpeg","_links":{"self":[{"href":"https:\/\/harristweed-shop.be\/fr\/wp-json\/wp\/v2\/product\/546402","targetHints":{"allow":["GET"]}}],"collection":[{"href":"https:\/\/harristweed-shop.be\/fr\/wp-json\/wp\/v2\/product"}],"about":[{"href":"https:\/\/harristweed-shop.be\/fr\/wp-json\/wp\/v2\/types\/product"}],"wp:featuredmedia":[{"embeddable":true,"href":"https:\/\/harristweed-shop.be\/fr\/wp-json\/wp\/v2\/media\/546414"}],"wp:attachment":[{"href":"https:\/\/harristweed-shop.be\/fr\/wp-json\/wp\/v2\/media?parent=546402"}],"wp:term":[{"taxonomy":"product_brand","embeddable":true,"href":"https:\/\/harristweed-shop.be\/fr\/wp-json\/wp\/v2\/product_brand?post=546402"},{"taxonomy":"product_cat","embeddable":true,"href":"https:\/\/harristweed-shop.be\/fr\/wp-json\/wp\/v2\/product_cat?post=546402"},{"taxonomy":"product_tag","embeddable":true,"href":"https:\/\/harristweed-shop.be\/fr\/wp-json\/wp\/v2\/product_tag?post=546402"}],"curies":[{"name":"wp","href":"https:\/\/api.w.org\/{rel}","templated":true}]}}