{"id":546348,"date":"2026-04-23T16:04:17","date_gmt":"2026-04-23T16:04:17","guid":{"rendered":"https:\/\/harristweed-shop.be\/product\/sheppard-jones-tweed-jacket-dark-green-2\/"},"modified":"2026-04-23T17:34:33","modified_gmt":"2026-04-23T17:34:33","slug":"sheppard-jones-tweed-jacket-dark-green-2","status":"publish","type":"product","link":"https:\/\/harristweed-shop.be\/fr\/produit\/veste-en-tweed-vert-fonce-sheppard-jones-2\/","title":{"rendered":"Sheppard &amp; Jones, veste en tweed vert fonc\u00e9"},"content":{"rendered":"<p data-start=\"0\" data-end=\"268\">D\u00e9couvrez l&#039;\u00e9l\u00e9gance intemporelle des vestes en tweed Sheppard &amp; Jones\u00a0: un parfait \u00e9quilibre entre style classique et confort moderne. Ces vestes raffin\u00e9es sont confectionn\u00e9es dans des tweeds de haute qualit\u00e9, r\u00e9put\u00e9s pour leur durabilit\u00e9, leur chaleur et leur texture caract\u00e9ristique.<\/p>\n<p data-start=\"270\" data-end=\"533\">Chaque veste t\u00e9moigne d&#039;un savoir-faire exceptionnel, avec un souci du d\u00e9tail remarquable dans les finitions, la coupe et les finitions subtiles. Leurs textures riches et leurs tons naturels profonds leur conf\u00e8rent une grande polyvalence\u00a0: elles se pr\u00eatent aussi bien \u00e0 un look d\u00e9contract\u00e9 avec un jean qu&#039;\u00e0 une allure plus \u00e9l\u00e9gante sur une chemise ou un col roul\u00e9.<\/p>\n<p data-start=\"535\" data-end=\"654\"><strong data-start=\"535\" data-end=\"560\">Mat\u00e9riaux et qualit\u00e9<\/strong><br data-start=\"560\" data-end=\"563\">Les vestes en tweed sont confectionn\u00e9es \u00e0 partir d&#039;un m\u00e9lange de laine soigneusement compos\u00e9, souvent constitu\u00e9 de\u00a0:<\/p>\n<ul data-start=\"655\" data-end=\"1002\">\n<li data-section-id=\"1tsqurz\" data-start=\"655\" data-end=\"748\"><strong data-start=\"657\" data-end=\"673\">Laine (60\u201380%)<\/strong>Offre une chaleur naturelle, une respirabilit\u00e9 optimale et une apparence luxueuse<\/li>\n<li data-section-id=\"1rl098i\" data-start=\"749\" data-end=\"856\"><strong data-start=\"751\" data-end=\"786\">Polyester ou polyamide (20\u201340%)<\/strong>Augmente la r\u00e9sistance \u00e0 l&#039;usure et aide la veste \u00e0 conserver sa forme.<\/li>\n<li data-section-id=\"okn43f\" data-start=\"857\" data-end=\"1002\"><strong data-start=\"859\" data-end=\"905\">Garniture<\/strong>Confortable au contact de la peau, la veste se porte facilement par-dessus plusieurs couches de v\u00eatements.<\/li>\n<\/ul>\n<p data-start=\"1004\" data-end=\"1216\">La structure robuste du tweed offre une protection accrue contre le vent et le froid l\u00e9ger, tout en conservant sa respirabilit\u00e9. Ces vestes sont ainsi id\u00e9ales pour un usage quotidien par temps changeant.<\/p>\n<p data-start=\"1218\" data-end=\"1371\" data-is-last-node=\"\" data-is-only-node=\"\">Avec une veste en tweed de chez Sheppard &amp; Jones, vous optez pour un investissement durable et \u00e9l\u00e9gant qui durera des ann\u00e9es et ne fera que s&#039;embellir avec le temps.<\/p>","protected":false},"excerpt":{"rendered":"<p>Sheppard &amp; Jones, veste en tweed vert fonc\u00e9.<\/p>\n<p>D\u00e9couvrez l&#039;\u00e9l\u00e9gance intemporelle des vestes en tweed Sheppard &amp; Jones\u00a0: un parfait \u00e9quilibre entre style classique et confort moderne. Ces vestes raffin\u00e9es sont confectionn\u00e9es dans des tweeds de haute qualit\u00e9, r\u00e9put\u00e9s pour leur durabilit\u00e9, leur chaleur et leur texture caract\u00e9ristique.<\/p>","protected":false},"featured_media":546357,"template":"","meta":[],"product_brand":[],"product_cat":[1091,1090,393,479,15,478,1092],"product_tag":[],"class_list":{"0":"post-546348","1":"product","2":"type-product","3":"status-publish","4":"has-post-thumbnail","6":"product_cat-colbert-tweed-colberts-en-jasjes","7":"product_cat-colberts-en-jasjes","8":"product_cat-harris-tweed-heren-jasjes","9":"product_cat-harris-tweed-sakkos-fur-herren","10":"product_cat-harris-tweed-colberts","11":"product_cat-tweed-sakkos","12":"product_cat-yorkshire-tweed-heren-jasjes","13":"pa_merk-sheppard-jones","15":"first","16":"instock","17":"taxable","18":"shipping-taxable","19":"purchasable","20":"product-type-variable"},"df_price":539.95,"df_sale_price":"","df_regular_price":539.95,"df_image_link":"https:\/\/harristweed-shop.be\/wp-content\/uploads\/2026\/04\/d02679674a9933bb92bc8ba96115b81a_Sheppard___Jones__Tweed_Jacket_Dark_Green_3-225x300.jpeg","_links":{"self":[{"href":"https:\/\/harristweed-shop.be\/fr\/wp-json\/wp\/v2\/product\/546348","targetHints":{"allow":["GET"]}}],"collection":[{"href":"https:\/\/harristweed-shop.be\/fr\/wp-json\/wp\/v2\/product"}],"about":[{"href":"https:\/\/harristweed-shop.be\/fr\/wp-json\/wp\/v2\/types\/product"}],"wp:featuredmedia":[{"embeddable":true,"href":"https:\/\/harristweed-shop.be\/fr\/wp-json\/wp\/v2\/media\/546357"}],"wp:attachment":[{"href":"https:\/\/harristweed-shop.be\/fr\/wp-json\/wp\/v2\/media?parent=546348"}],"wp:term":[{"taxonomy":"product_brand","embeddable":true,"href":"https:\/\/harristweed-shop.be\/fr\/wp-json\/wp\/v2\/product_brand?post=546348"},{"taxonomy":"product_cat","embeddable":true,"href":"https:\/\/harristweed-shop.be\/fr\/wp-json\/wp\/v2\/product_cat?post=546348"},{"taxonomy":"product_tag","embeddable":true,"href":"https:\/\/harristweed-shop.be\/fr\/wp-json\/wp\/v2\/product_tag?post=546348"}],"curies":[{"name":"wp","href":"https:\/\/api.w.org\/{rel}","templated":true}]}}