{"id":546317,"date":"2026-04-23T16:04:07","date_gmt":"2026-04-23T16:04:07","guid":{"rendered":"https:\/\/harristweed-shop.be\/product\/corduroy-jacket-london-in-beige\/"},"modified":"2026-04-23T17:34:33","modified_gmt":"2026-04-23T17:34:33","slug":"corduroy-jacket-london-in-beige","status":"publish","type":"product","link":"https:\/\/harristweed-shop.be\/fr\/produit\/veste-en-velours-cotele-beige-de-londres\/","title":{"rendered":"Veste en velours c\u00f4tel\u00e9 \u201c\u00a0London\u00a0\u201d beige"},"content":{"rendered":"<p>Le blazer en velours c\u00f4tel\u00e9 pour homme \u201c\u00a0London\u00a0\u201d garantit une allure remarquable. Son coton de haute qualit\u00e9, l\u00e9g\u00e8rement extensible et au toucher soyeux, est respirant et offre un confort exceptionnel, m\u00eame pour les plus exigeants. Le velours c\u00f4tel\u00e9 de G\u00eanes est le tissu id\u00e9al pour des associations \u00e0 la fois sportives et \u00e9l\u00e9gantes, d\u00e9clin\u00e9es dans des variations tendance. Sa polyvalence d\u00e9finit la mode automnale et se marie parfaitement avec les looks champ\u00eatres et d\u00e9contract\u00e9s. Il est dot\u00e9 de deux poches \u00e0 rabat, d&#039;une poche ticket, d&#039;une poche poitrine passepoil\u00e9e, de quatre poches int\u00e9rieures et de deux fentes au dos. Parmi les d\u00e9tails soign\u00e9s, on retrouve le col doubl\u00e9 de laine et les boutons de haute qualit\u00e9 imitation corne. Ce blazer en velours c\u00f4tel\u00e9 d\u00e9gage un charme traditionnel et, en tant que pi\u00e8ce tendance, il est incroyablement polyvalent et facile \u00e0 associer.<\/p>\n<p>\u2013 Une poche passepoil\u00e9e sur la poitrine<br \/>\u2013 Tissu c\u00f4tel\u00e9 de poids moyen en velours c\u00f4tel\u00e9 de G\u00eanes<br \/>\u2013 \u00c9tiquette nominative<br \/>\u2013 Dessous de col en feutre de laine contrastant<br \/>\u2013 Quatre poches int\u00e9rieures<br \/>\u2013 Deux poches \u00e0 rabat et une poche ticket sur le c\u00f4t\u00e9 droit<br \/>\u2013 Deux fentes au dos<\/p>\n<p>Coupe : La veste poss\u00e8de une coupe moderne et une silhouette \u00e0 la fois sportive et \u00e9l\u00e9gante.<br \/>Dimensions du produit\u00a0: pour la taille 50\u00a0: \u2013 Longueur dos\u00a0: 74\u00a0cm \u2013 Longueur des manches (depuis l\u2019emmanchure)\u00a0: 64\u00a0cm \u2013 Hauteur de la taille\u00a0: 51\u00a0cm<\/p>\n<p>Tissu ext\u00e9rieur : 991 % coton TP3T, 11 % \u00e9lasthanne TP3T<br \/>Doublure : 55% polyester, 45% viscose<br \/>Doublure des manches : viscose 100%<\/p>","protected":false},"excerpt":{"rendered":"<p>Veste en velours c\u00f4tel\u00e9 \u201c London \u201d beige 29.<\/p>\n<p>Le blazer en velours c\u00f4tel\u00e9 \u201c\u00a0London\u00a0\u201d pour homme garantit une allure remarquable. Son coton de haute qualit\u00e9, l\u00e9g\u00e8rement extensible et au toucher soyeux, est respirant et offre un confort exceptionnel, m\u00eame pour les plus exigeants.<\/p>","protected":false},"featured_media":546345,"template":"","meta":[],"product_brand":[],"product_cat":[1099,1090,1097,393,479,1080,1098,15,478],"product_tag":[],"class_list":{"0":"post-546317","1":"product","2":"type-product","3":"status-publish","4":"has-post-thumbnail","6":"product_cat-colbert-katoen-colberts-en-jasjes","7":"product_cat-colberts-en-jasjes","8":"product_cat-cord-sakkos-fur-herren","9":"product_cat-harris-tweed-heren-jasjes","10":"product_cat-harris-tweed-sakkos-fur-herren","11":"product_cat-rib-corduroy-heren-jasjes","12":"product_cat-rib-en-corduroy-jasjes-heren","13":"product_cat-harris-tweed-colberts","14":"product_cat-tweed-sakkos","15":"pa_merk-wellington","17":"first","18":"instock","19":"taxable","20":"shipping-taxable","21":"purchasable","22":"product-type-variable"},"df_price":349,"df_sale_price":"","df_regular_price":349,"df_image_link":"https:\/\/harristweed-shop.be\/wp-content\/uploads\/2026\/04\/c75932f3ef287c1871791cefc72b359c_Corduroy_jacket__London__In_Beige-225x300.jpeg","_links":{"self":[{"href":"https:\/\/harristweed-shop.be\/fr\/wp-json\/wp\/v2\/product\/546317","targetHints":{"allow":["GET"]}}],"collection":[{"href":"https:\/\/harristweed-shop.be\/fr\/wp-json\/wp\/v2\/product"}],"about":[{"href":"https:\/\/harristweed-shop.be\/fr\/wp-json\/wp\/v2\/types\/product"}],"wp:featuredmedia":[{"embeddable":true,"href":"https:\/\/harristweed-shop.be\/fr\/wp-json\/wp\/v2\/media\/546345"}],"wp:attachment":[{"href":"https:\/\/harristweed-shop.be\/fr\/wp-json\/wp\/v2\/media?parent=546317"}],"wp:term":[{"taxonomy":"product_brand","embeddable":true,"href":"https:\/\/harristweed-shop.be\/fr\/wp-json\/wp\/v2\/product_brand?post=546317"},{"taxonomy":"product_cat","embeddable":true,"href":"https:\/\/harristweed-shop.be\/fr\/wp-json\/wp\/v2\/product_cat?post=546317"},{"taxonomy":"product_tag","embeddable":true,"href":"https:\/\/harristweed-shop.be\/fr\/wp-json\/wp\/v2\/product_tag?post=546317"}],"curies":[{"name":"wp","href":"https:\/\/api.w.org\/{rel}","templated":true}]}}