{"id":546307,"date":"2026-04-23T15:34:29","date_gmt":"2026-04-23T15:34:29","guid":{"rendered":"https:\/\/harristweed-shop.be\/product\/tweed-herenjas-howard-in-irish-tweed\/"},"modified":"2026-04-23T15:34:37","modified_gmt":"2026-04-23T15:34:37","slug":"tweed-herenjas-howard-in-irish-tweed","status":"publish","type":"product","link":"https:\/\/harristweed-shop.be\/fr\/produit\/tweed-herenjas-howard-in-irish-tweed\/","title":{"rendered":"Veste en tweed pour homme Howard en tweed irlandais"},"content":{"rendered":"<p>La veste pour homme l\u00e9g\u00e8rement ajust\u00e9e &quot;Howard&quot; avec revers et trois boutons est id\u00e9ale pour une promenade en ville par temps froid. <\/p>\n<p>Son design classique pr\u00e9sente un col \u00e0 revers et des poches passepoil\u00e9es. Le dessous de col en polaire de laine apporte une touche d&#039;originalit\u00e9. La doublure jacquard rend cette veste confortable \u00e0 porter par-dessus une veste ou un costume et facile \u00e0 enfiler. La fente au dos et les manches mont\u00e9es offrent un confort optimal. Cet \u00e9l\u00e9gant v\u00eatement polyvalent est un incontournable de votre garde-robe.<\/p>\n<p>\u2013 Manches mont\u00e9es<br \/>\u2013 \u00c9tiquette nominative<br \/>\u2013 Col \u00e0 revers<br \/>- Doubl\u00e9 de jacquard de canard<br \/>\u2013 Fente dans le dos<br \/>-Coupe sur mesure<br \/>\u2013 Dessous de col contrast\u00e9 en feutre de laine<br \/>\u2013 Deux poches int\u00e9rieures<\/p>\n<p>Coupe : Veste Balzer ajust\u00e9e, l\u00e9g\u00e8rement cintr\u00e9e.<br \/>Dimensions de l&#039;article : Les dimensions pour la taille 50 sont : Longueur du dos : 96 cm \u2013 Longueur des manches \u00e0 partir du ballon : 67 cm \u2013 Largeur demi-poitrine : 58 cm \u2013 Largeur demi-taille : 55 cm<\/p>\n<p>Tissu ext\u00e9rieur : 95% laine vierge, 5% cachemire<br \/>Doublure : 60% viscose, 40% PL<br \/>Doublure des manches : 60% viscose, 40% PL<\/p>","protected":false},"excerpt":{"rendered":"<p>Tweed Herenjas Howard In Irish Tweed 250.<\/p>\n<p>Het klassieke ontwerp heeft een reverskraag en paspelzakken. De onderkraag van wolfleece geeft een bijzondere touch. De jacquardvoering maakt de jas comfortabel om over een colbert of pak te dragen en gemakkelijk aan te trekken.<\/p>","protected":false},"featured_media":546310,"template":"","meta":[],"product_brand":[],"product_cat":[530,87,482,531],"product_tag":[],"class_list":{"0":"post-546307","1":"product","2":"type-product","3":"status-publish","4":"has-post-thumbnail","6":"product_cat-heren-jassen-en-jacks","7":"product_cat-jassen-en-jacks","8":"product_cat-mantel-und-jacken","9":"product_cat-mantel-und-jacken-fur-herren","10":"pa_merk-wellington","12":"first","13":"instock","14":"taxable","15":"shipping-taxable","16":"purchasable","17":"product-type-variable"},"df_price":298,"df_sale_price":"","df_regular_price":298,"df_image_link":"https:\/\/harristweed-shop.be\/wp-content\/uploads\/2026\/04\/073d092e14847b72c91e2f651437974b_Tweed_Overjas__Bruin_visgraat-1-225x300.jpeg","_links":{"self":[{"href":"https:\/\/harristweed-shop.be\/fr\/wp-json\/wp\/v2\/product\/546307","targetHints":{"allow":["GET"]}}],"collection":[{"href":"https:\/\/harristweed-shop.be\/fr\/wp-json\/wp\/v2\/product"}],"about":[{"href":"https:\/\/harristweed-shop.be\/fr\/wp-json\/wp\/v2\/types\/product"}],"wp:featuredmedia":[{"embeddable":true,"href":"https:\/\/harristweed-shop.be\/fr\/wp-json\/wp\/v2\/media\/546310"}],"wp:attachment":[{"href":"https:\/\/harristweed-shop.be\/fr\/wp-json\/wp\/v2\/media?parent=546307"}],"wp:term":[{"taxonomy":"product_brand","embeddable":true,"href":"https:\/\/harristweed-shop.be\/fr\/wp-json\/wp\/v2\/product_brand?post=546307"},{"taxonomy":"product_cat","embeddable":true,"href":"https:\/\/harristweed-shop.be\/fr\/wp-json\/wp\/v2\/product_cat?post=546307"},{"taxonomy":"product_tag","embeddable":true,"href":"https:\/\/harristweed-shop.be\/fr\/wp-json\/wp\/v2\/product_tag?post=546307"}],"curies":[{"name":"wp","href":"https:\/\/api.w.org\/{rel}","templated":true}]}}