{"id":546217,"date":"2026-04-16T14:35:32","date_gmt":"2026-04-16T14:35:32","guid":{"rendered":"https:\/\/harristweed-shop.be\/product\/harris-tweed-staffa-portemonnee-in-multicolor-tartan\/"},"modified":"2026-04-16T16:03:52","modified_gmt":"2026-04-16T16:03:52","slug":"harris-tweed-staffa-portemonnee-in-multicolor-tartan","status":"publish","type":"product","link":"https:\/\/harristweed-shop.be\/fr\/produit\/harris-tweed-staffa-portemonnee-in-multicolor-tartan\/","title":{"rendered":"Portefeuille Harris Tweed \u2018 Staffa \u2019 \u00e0 carreaux multicolores"},"content":{"rendered":"<p data-start=\"221\" data-end=\"570\">Rehaussez votre style quotidien avec&nbsp;<strong data-start=\"256\" data-end=\"272\">Sac \u00e0 main Staffa<\/strong>&nbsp;de Glen Appin \u2014 un portefeuille raffin\u00e9 fabriqu\u00e9 \u00e0 partir de&nbsp;<strong data-start=\"332\" data-end=\"365\">tissu Harris Tweed authentique<\/strong>, tiss\u00e9 \u00e0 la main dans les H\u00e9brides ext\u00e9rieures \u00e9cossaises selon une tradition s\u00e9culaire. Ce portefeuille compact et \u00e9l\u00e9gant combine&nbsp;<strong data-start=\"489\" data-end=\"537\">Un savoir-faire classique alli\u00e9 \u00e0 une disposition pratique<\/strong>, parfait pour un usage quotidien.<\/p>\n<p data-start=\"600\" data-end=\"909\">Le&nbsp;<strong data-start=\"603\" data-end=\"619\">Sac \u00e0 main Staffa<\/strong>&nbsp;offre suffisamment d&#039;espace pour tous vos essentiels dans une veste \u00e9l\u00e9gante. L&#039;embl\u00e9matique&nbsp;<strong data-start=\"691\" data-end=\"715\">Tissu Harris Tweed<\/strong>&nbsp;Ce portefeuille offre un aspect textur\u00e9 unique\u00a0: chaque pi\u00e8ce est diff\u00e9rente. Son motif tweed traditionnel en fait un accessoire intemporel qui rehausse toutes les tenues.<\/p>\n<p><strong data-start=\"915\" data-end=\"928\">Caract\u00e9ristiques<\/strong><\/p>\n<ul data-start=\"929\" data-end=\"1296\">\n<li data-start=\"929\" data-end=\"1015\"><strong data-start=\"931\" data-end=\"946\">Mat\u00e9riels:<\/strong>&nbsp;100% authentique laine Harris Tweed avec \u00e9tiquette officielle Harris Tweed<\/li>\n<li data-start=\"1016\" data-end=\"1067\"><strong data-start=\"1018\" data-end=\"1032\">Finition:<\/strong>&nbsp;Fermeture \u00e9clair robuste et doublure durable<\/li>\n<li data-start=\"1068\" data-end=\"1144\"><strong data-start=\"1070\" data-end=\"1083\">Mise en page:<\/strong>&nbsp;Plusieurs compartiments pour cartes, pi\u00e8ces de monnaie, billets et pi\u00e8ce d&#039;identit\u00e9<\/li>\n<li data-start=\"1145\" data-end=\"1218\"><strong data-start=\"1147\" data-end=\"1167\">Format compact :<\/strong>&nbsp;Id\u00e9al \u00e0 glisser dans un sac \u00e0 main, une poche de veste ou une pochette.<\/li>\n<li data-start=\"1219\" data-end=\"1296\"><strong data-start=\"1221\" data-end=\"1238\">Design unique :<\/strong>&nbsp;Les motifs tartan ou \u00e0 carreaux classiques \u2014 toujours avec du caract\u00e8re<\/li>\n<\/ul>\n<p data-start=\"1342\" data-end=\"1628\">Ce portefeuille en tweed Harris est&nbsp;<strong data-start=\"1375\" data-end=\"1402\">\u00e9l\u00e9gant et fonctionnel<\/strong>. Le tissage \u00e9cossais traditionnel lui conf\u00e8re un aspect authentique, tandis que son agencement astucieux vous permet de ranger tous vos essentiels de mani\u00e8re organis\u00e9e. Parfait pour ceux qui&nbsp;<strong data-start=\"1593\" data-end=\"1617\">style et organisation<\/strong>&nbsp;appr\u00e9cie.<\/p>\n<p><strong data-start=\"1634\" data-end=\"1651\">Id\u00e9al pour :<\/strong><br \/>\u2714 Utilisation quotidienne<br data-start=\"1671\" data-end=\"1674\">\u2714 Id\u00e9e cadeau pour elle ou lui<br data-start=\"1704\" data-end=\"1707\">\u2714 Amateurs de textiles classiques faits main<br data-start=\"1747\" data-end=\"1750\">\u2714 Les personnes qui valorisent la qualit\u00e9 et l&#039;originalit\u00e9<\/p>\n<p>10,5 x 19,5 x 3 cm.<\/p>","protected":false},"excerpt":{"rendered":"<p>Harris Tweed &#8216;Staffa&#8217; Portemonnee In Multicolor Tartan COL046.<\/p>\n<p>Rehaussez votre style quotidien avec le sac Staffa de Glen Appin \u2014 un portefeuille sophistiqu\u00e9 confectionn\u00e9 en authentique tissu Harris Tweed, tiss\u00e9 \u00e0 la main dans les H\u00e9brides ext\u00e9rieures \u00e9cossaises selon une tradition s\u00e9culaire.<\/p>","protected":false},"featured_media":546218,"template":"","meta":[],"product_brand":[],"product_cat":[1067,907,496,899,638,1169,1142,1162,1138,1068,1170,1066,901,808],"product_tag":[],"class_list":{"0":"post-546217","1":"product","2":"type-product","3":"status-publish","4":"has-post-thumbnail","6":"product_cat-brieftasche-geschenke","7":"product_cat-brieftasche","8":"product_cat-businesskostuum-en-accessoires","9":"product_cat-geschenke","10":"product_cat-gifts","11":"product_cat-harris-tweed-geldborsen","12":"product_cat-harris-tweed-portemonnees","13":"product_cat-harris-tweed-taschen","14":"product_cat-harris-tweed-tassen","15":"product_cat-portemonnee-gifts","16":"product_cat-portemonnee-businesskostuum-en-accessoires","17":"product_cat-portemonnee","18":"product_cat-taschen","19":"product_cat-tassen","20":"pa_merk-harristweed","22":"first","23":"instock","24":"taxable","25":"shipping-taxable","26":"purchasable","27":"product-type-simple"},"df_price":39.95,"df_sale_price":"","df_regular_price":39.95,"df_image_link":"https:\/\/harristweed-shop.be\/wp-content\/uploads\/2026\/04\/b9ec1e1dba2d3e8c4a681a543943e832_Harris_Tweed_Purse_Multicolor_tartan-300x300.jpeg","_links":{"self":[{"href":"https:\/\/harristweed-shop.be\/fr\/wp-json\/wp\/v2\/product\/546217","targetHints":{"allow":["GET"]}}],"collection":[{"href":"https:\/\/harristweed-shop.be\/fr\/wp-json\/wp\/v2\/product"}],"about":[{"href":"https:\/\/harristweed-shop.be\/fr\/wp-json\/wp\/v2\/types\/product"}],"wp:featuredmedia":[{"embeddable":true,"href":"https:\/\/harristweed-shop.be\/fr\/wp-json\/wp\/v2\/media\/546218"}],"wp:attachment":[{"href":"https:\/\/harristweed-shop.be\/fr\/wp-json\/wp\/v2\/media?parent=546217"}],"wp:term":[{"taxonomy":"product_brand","embeddable":true,"href":"https:\/\/harristweed-shop.be\/fr\/wp-json\/wp\/v2\/product_brand?post=546217"},{"taxonomy":"product_cat","embeddable":true,"href":"https:\/\/harristweed-shop.be\/fr\/wp-json\/wp\/v2\/product_cat?post=546217"},{"taxonomy":"product_tag","embeddable":true,"href":"https:\/\/harristweed-shop.be\/fr\/wp-json\/wp\/v2\/product_tag?post=546217"}],"curies":[{"name":"wp","href":"https:\/\/api.w.org\/{rel}","templated":true}]}}