{"id":546202,"date":"2026-04-16T12:05:52","date_gmt":"2026-04-16T12:05:52","guid":{"rendered":"https:\/\/harristweed-shop.be\/product\/corduroy-vestje-wales-in-met-revers-in-moss-green\/"},"modified":"2026-04-16T14:05:31","modified_gmt":"2026-04-16T14:05:31","slug":"corduroy-vestje-wales-in-met-revers-in-moss-green","status":"publish","type":"product","link":"https:\/\/harristweed-shop.be\/fr\/produit\/corduroy-vestje-wales-in-met-revers-in-moss-green\/","title":{"rendered":"Gilet en velours c\u00f4tel\u00e9 \u201c Pays de Galles \u201d \u00e0 revers vert mousse"},"content":{"rendered":"<p>Gilet authentique pour homme en velours c\u00f4tel\u00e9 \u201c\u00a0Pays de Galles\u00a0\u201d, \u00e0 col \u00e0 revers, confectionn\u00e9 en velours c\u00f4tel\u00e9 de G\u00eanes. Ce coton de haute qualit\u00e9, l\u00e9g\u00e8rement extensible et au toucher soyeux, est respirant et offre un confort exceptionnel, m\u00eame pour les plus exigeants. Le velours c\u00f4tel\u00e9 de G\u00eanes est le tissu id\u00e9al pour des tenues \u00e0 la fois sportives et \u00e9l\u00e9gantes, d\u00e9clin\u00e9es dans des variations tendance. Sa polyvalence caract\u00e9rise la mode automnale et s&#039;accorde parfaitement avec les looks champ\u00eatres et d\u00e9contract\u00e9s. Ce gilet est dot\u00e9 de deux poches \u00e0 rabat, d&#039;une poche passepoil\u00e9e sur la poitrine et d&#039;une patte de serrage au dos. Il se ferme par cinq boutons imitation corne. Ce gilet d\u00e9gage un charme traditionnel et, en tant que pi\u00e8ce tendance, il est incroyablement polyvalent et facile \u00e0 associer.<\/p>\n<p>\u2013 Tissu c\u00f4tel\u00e9 de G\u00eanes \u00e0 c\u00f4tes moyennes \u00e0 fines<br \/>\u2013 Col \u00e0 revers<br \/>-Coupe sur mesure<br \/>\u2013 Devant et dos enti\u00e8rement r\u00e9alis\u00e9s dans le m\u00eame tissu<br \/>\u2013 Bandouli\u00e8re r\u00e9glable<\/p>\n<p>Mensurations du mannequin\u00a0: Le mannequin mesure 189\u00a0cm et porte une taille\u00a050.<br \/>Coupe : Un cardigan moderne et ajust\u00e9, qui peut \u00eatre personnalis\u00e9 gr\u00e2ce \u00e0 sa sangle dorsale r\u00e9glable.<br \/>Mesures pour la taille 50\u00a0: \u2013 Longueur dos\u00a0: 61\u00a0cm \u2013 Tour de taille (demi-longueur)\u00a0: 53\u00a0cm \u2013 Tour de poitrine (demi-longueur)\u00a0: 55\u00a0cm<\/p>\n<p>Tissu ext\u00e9rieur : 991 % coton TP3T, 11 % \u00e9lasthanne TP3T<br \/>Doublure : 55% polyester, 45% viscose<\/p>","protected":false},"excerpt":{"rendered":"<p>Corduroy Vestje &#8220;Wales&#8221; In Met Revers In Moss Green 36.<\/p>\n<p>Authentique gilet en velours c\u00f4tel\u00e9 pour homme \u201c Wales \u201d, \u00e0 col \u00e0 revers, confectionn\u00e9 en velours c\u00f4tel\u00e9 de G\u00eanes. Ce coton de haute qualit\u00e9, l\u00e9g\u00e8rement extensible et au toucher soyeux, est respirant et offre un confort exceptionnel, m\u00eame pour les plus exigeants.<\/p>","protected":false},"featured_media":546214,"template":"","meta":[],"product_brand":[],"product_cat":[510,1079,512,88,511],"product_tag":[],"class_list":{"0":"post-546202","1":"product","2":"type-product","3":"status-publish","4":"has-post-thumbnail","6":"product_cat-heren-vestjes","7":"product_cat-heren-vestjes-rib-en-velours","8":"product_cat-herren-westen-und-gilets","9":"product_cat-vestjes-en-gilets","10":"product_cat-westen-und-gilets","11":"pa_merk-wellington","13":"first","14":"instock","15":"taxable","16":"shipping-taxable","17":"purchasable","18":"product-type-variable"},"df_price":159.95,"df_sale_price":"","df_regular_price":159.95,"df_image_link":"https:\/\/harristweed-shop.be\/wp-content\/uploads\/2026\/04\/dff9c366d2f9e0889349ce237d54a75e_Corduroy_Vestje__Wales__In_Met_Revers_In_Moss_Green-225x300.jpeg","_links":{"self":[{"href":"https:\/\/harristweed-shop.be\/fr\/wp-json\/wp\/v2\/product\/546202","targetHints":{"allow":["GET"]}}],"collection":[{"href":"https:\/\/harristweed-shop.be\/fr\/wp-json\/wp\/v2\/product"}],"about":[{"href":"https:\/\/harristweed-shop.be\/fr\/wp-json\/wp\/v2\/types\/product"}],"wp:featuredmedia":[{"embeddable":true,"href":"https:\/\/harristweed-shop.be\/fr\/wp-json\/wp\/v2\/media\/546214"}],"wp:attachment":[{"href":"https:\/\/harristweed-shop.be\/fr\/wp-json\/wp\/v2\/media?parent=546202"}],"wp:term":[{"taxonomy":"product_brand","embeddable":true,"href":"https:\/\/harristweed-shop.be\/fr\/wp-json\/wp\/v2\/product_brand?post=546202"},{"taxonomy":"product_cat","embeddable":true,"href":"https:\/\/harristweed-shop.be\/fr\/wp-json\/wp\/v2\/product_cat?post=546202"},{"taxonomy":"product_tag","embeddable":true,"href":"https:\/\/harristweed-shop.be\/fr\/wp-json\/wp\/v2\/product_tag?post=546202"}],"curies":[{"name":"wp","href":"https:\/\/api.w.org\/{rel}","templated":true}]}}