{"id":546007,"date":"2026-04-07T11:30:16","date_gmt":"2026-04-07T11:30:16","guid":{"rendered":"https:\/\/harristweed-shop.be\/product\/jeans-club-of-comfort-middenblauw-used-2\/"},"modified":"2026-04-14T16:37:13","modified_gmt":"2026-04-14T16:37:13","slug":"jeans-club-of-comfort-middenblauw-used-2","status":"publish","type":"product","link":"https:\/\/harristweed-shop.be\/fr\/produit\/jeans-club-of-comfort-bleu-moyen-doccasion-2\/","title":{"rendered":"Jeans Club of Comfort, bleu moyen, d&#039;occasion"},"content":{"rendered":"<p>V\u00e9ritable jean cinq poches avec ceinture \u00e9lastique confortable, en denim l\u00e9ger et robuste ultra-extensible. Ce mod\u00e8le co\u00fbte un peu moins de 200 \u20ac.<br \/>Ce denim d&#039;\u00e9t\u00e9 ultra-l\u00e9ger est id\u00e9al pour les chaudes journ\u00e9es estivales. Gr\u00e2ce \u00e0 un m\u00e9lange de fibres PBT haute technologie, ce pantalon offre une durabilit\u00e9 exceptionnelle, un atout essentiel pour un v\u00eatement d&#039;\u00e9t\u00e9 l\u00e9ger et gage de qualit\u00e9 premium. De plus, son tissu HIGH-Stretch ultra-\u00e9lastique \u00e9pouse parfaitement tous vos mouvements.<br \/>des jambes, sans aucune r\u00e9sistance. Ce mod\u00e8le a une taille normale et une jambe tr\u00e8s fine avec un pied \u00e9troit. Le point fort\u00a0: dans le<br \/>La poche avant droite comporte une poche intelligente s\u00e9par\u00e9e o\u00f9 vous pouvez ranger votre smartphone en toute s\u00e9curit\u00e9 et l&#039;avoir toujours \u00e0 port\u00e9e de main.<\/p>\n<\/p>\n<p>\u2013 Jean \u00e0 cinq poches<\/p>\n<p>\u2013 SLIMFIT (coupe ajust\u00e9e)<\/p>\n<p>\u2013 tissu denim l\u00e9ger (420 grammes)<\/p>\n<p>\u2013 Poche pour smartphone<\/p>\n<p>\u2013 Poches arri\u00e8res poches jeans<\/p>\n<p>\u2013 Les pantalons sont \u00e9quip\u00e9s, entre autres, d&#039;une chemise double et d&#039;un stoppeur de chemise !<\/p>\n<p>\u2013 Disponible en plusieurs couleurs<\/p>\n<p>Composition : 89% coton, 8% polyester et 3% \u00e9lasthanne<\/p>\n<p>Les tailles INCH sont disponibles en 3 longueurs diff\u00e9rentes : 30, 32 et 34.<\/p>","protected":false},"excerpt":{"rendered":"<p>Jeans Club of Comfort, bleu moyen, d&#039;occasion.<\/p>\n<p>V\u00e9ritable jean cinq poches avec ceinture \u00e9lastique confortable, en denim l\u00e9ger et robuste ultra-extensible. Ce mod\u00e8le co\u00fbte un peu moins de 200 \u20ac.<br \/>\nLe denim d&#039;\u00e9t\u00e9 \u00e0 faible poids est ultra-l\u00e9ger et donc id\u00e9al pour les chaudes journ\u00e9es d&#039;\u00e9t\u00e9.<\/p>","protected":false},"featured_media":546164,"template":"","meta":[],"product_brand":[],"product_cat":[513,602,1206,843],"product_tag":[],"class_list":{"0":"post-546007","1":"product","2":"type-product","3":"status-publish","4":"has-post-thumbnail","6":"product_cat-broeken","7":"product_cat-hosen","8":"product_cat-jeans-hosen","9":"product_cat-jeans-en-five-pochet","10":"pa_merk-clubofcomfort","12":"first","13":"instock","14":"taxable","15":"shipping-taxable","16":"purchasable","17":"product-type-variable"},"df_price":119.95,"df_sale_price":"","df_regular_price":119.95,"df_image_link":"https:\/\/harristweed-shop.be\/wp-content\/uploads\/2026\/04\/b99efb8e0cb8ade9efe382644ec12c56_Jeans_Club_of_Comfort__Middenblauw_Used_5-225x300.jpeg","_links":{"self":[{"href":"https:\/\/harristweed-shop.be\/fr\/wp-json\/wp\/v2\/product\/546007","targetHints":{"allow":["GET"]}}],"collection":[{"href":"https:\/\/harristweed-shop.be\/fr\/wp-json\/wp\/v2\/product"}],"about":[{"href":"https:\/\/harristweed-shop.be\/fr\/wp-json\/wp\/v2\/types\/product"}],"wp:featuredmedia":[{"embeddable":true,"href":"https:\/\/harristweed-shop.be\/fr\/wp-json\/wp\/v2\/media\/546164"}],"wp:attachment":[{"href":"https:\/\/harristweed-shop.be\/fr\/wp-json\/wp\/v2\/media?parent=546007"}],"wp:term":[{"taxonomy":"product_brand","embeddable":true,"href":"https:\/\/harristweed-shop.be\/fr\/wp-json\/wp\/v2\/product_brand?post=546007"},{"taxonomy":"product_cat","embeddable":true,"href":"https:\/\/harristweed-shop.be\/fr\/wp-json\/wp\/v2\/product_cat?post=546007"},{"taxonomy":"product_tag","embeddable":true,"href":"https:\/\/harristweed-shop.be\/fr\/wp-json\/wp\/v2\/product_tag?post=546007"}],"curies":[{"name":"wp","href":"https:\/\/api.w.org\/{rel}","templated":true}]}}