{"id":545958,"date":"2026-04-02T12:34:30","date_gmt":"2026-04-02T12:34:30","guid":{"rendered":"https:\/\/harristweed-shop.be\/product\/paulo-bellini-lace-up-shoe-faver-velour-jeans-beige\/"},"modified":"2026-05-05T02:46:42","modified_gmt":"2026-05-05T02:46:42","slug":"paulo-bellini-lace-up-shoe-faver-velour-jeans-beige","status":"publish","type":"product","link":"https:\/\/harristweed-shop.be\/fr\/produit\/chaussures-a-lacets-paulo-bellini-jeans-en-velours-beige\/","title":{"rendered":"Chaussures \u00e0 lacets Paulo Bellini, jean en velours beige"},"content":{"rendered":"<p>Ces chaussures \u00e0 lacets Paulo Bellini Faver pour homme sont parfaites avec un costume pour un mariage ou toute autre occasion. Vous pouvez \u00e9galement les porter avec une tenue camel \u00e9l\u00e9gante pour un look d\u00e9contract\u00e9. Con\u00e7ues avec passion, ces chaussures Paulo Bellini pour homme sont confectionn\u00e9es en velours su\u00e9d\u00e9 beige qui s&#039;accorde \u00e0 merveille avec de nombreux costumes de mariage.<\/p>\n<p>Compl\u00e9tez votre tenue avec la ceinture et le n\u0153ud papillon assortis, confectionn\u00e9s dans le m\u00eame cuir que les chaussures.<\/p>\n<p>Paulo Bellini est une marque n\u00e9erlandaise de chaussures pour hommes. La collection comprend des chaussures habill\u00e9es, des baskets, des bottes, des mocassins, des chaussures \u00e0 lacets et des chaussures \u00e0 boucles. Les cuirs les plus fins, provenant d&#039;Italie, sont transform\u00e9s en chaussures pour hommes haut de gamme dans nos propres usines au Portugal.<\/p>","protected":false},"excerpt":{"rendered":"<p>Chaussures \u00e0 lacets Paulo Bellini, jean velours beige.<\/p>\n<p>Ces chaussures \u00e0 lacets Paulo Bellini Faver pour homme sont parfaites avec un costume pour un mariage ou toute autre occasion. Vous pouvez \u00e9galement les porter avec une tenue camel \u00e9l\u00e9gante pour un look d\u00e9contract\u00e9. Con\u00e7ues avec passion, ces chaussures Paulo Bellini pour homme sont confectionn\u00e9es en velours su\u00e9d\u00e9 beige qui s&#039;accorde \u00e0 merveille avec de nombreux costumes de mariage.<\/p>","protected":false},"featured_media":545980,"template":"","meta":[],"product_brand":[],"product_cat":[85,519],"product_tag":[],"class_list":{"0":"post-545958","1":"product","2":"type-product","3":"status-publish","4":"has-post-thumbnail","6":"product_cat-schoenen","7":"product_cat-schuhe","8":"pa_merk-paulobellini","10":"first","11":"instock","12":"taxable","13":"shipping-taxable","14":"purchasable","15":"product-type-variable"},"df_price":219.95,"df_sale_price":"","df_regular_price":219.95,"df_image_link":"https:\/\/harristweed-shop.be\/wp-content\/uploads\/2026\/04\/02643aea3115d0c202463a50f8f3b4f7_Paulo_Bellini_Lace_up_Shoe_Faver_Velour_Jeans_Beige-225x300.jpeg","_links":{"self":[{"href":"https:\/\/harristweed-shop.be\/fr\/wp-json\/wp\/v2\/product\/545958","targetHints":{"allow":["GET"]}}],"collection":[{"href":"https:\/\/harristweed-shop.be\/fr\/wp-json\/wp\/v2\/product"}],"about":[{"href":"https:\/\/harristweed-shop.be\/fr\/wp-json\/wp\/v2\/types\/product"}],"wp:featuredmedia":[{"embeddable":true,"href":"https:\/\/harristweed-shop.be\/fr\/wp-json\/wp\/v2\/media\/545980"}],"wp:attachment":[{"href":"https:\/\/harristweed-shop.be\/fr\/wp-json\/wp\/v2\/media?parent=545958"}],"wp:term":[{"taxonomy":"product_brand","embeddable":true,"href":"https:\/\/harristweed-shop.be\/fr\/wp-json\/wp\/v2\/product_brand?post=545958"},{"taxonomy":"product_cat","embeddable":true,"href":"https:\/\/harristweed-shop.be\/fr\/wp-json\/wp\/v2\/product_cat?post=545958"},{"taxonomy":"product_tag","embeddable":true,"href":"https:\/\/harristweed-shop.be\/fr\/wp-json\/wp\/v2\/product_tag?post=545958"}],"curies":[{"name":"wp","href":"https:\/\/api.w.org\/{rel}","templated":true}]}}