{"id":545849,"date":"2026-03-31T16:03:32","date_gmt":"2026-03-31T16:03:32","guid":{"rendered":"https:\/\/harristweed-shop.be\/product\/schoenen-melik-groen-suede\/"},"modified":"2026-04-07T02:55:29","modified_gmt":"2026-04-07T02:55:29","slug":"schoenen-melik-groen-suede","status":"publish","type":"product","link":"https:\/\/harristweed-shop.be\/fr\/produit\/chaussures-en-daim-vert-laiteux\/","title":{"rendered":"Chaussures Melik en daim vert"},"content":{"rendered":"<p>Ne sont-elles pas magnifiques\u00a0? La collection mariage printemps 2024 de Melik Shoes s&#039;appelle Just2ufus. Une \u00e9l\u00e9gante chaussure \u00e0 lacets aux douces teintes pastel, parfaitement adapt\u00e9e \u00e0 la mode nuptiale de cette ann\u00e9e. Ces couleurs d\u00e9licates se marient \u00e0 merveille avec des costumes l\u00e9gers (de mariage), et les reflets scintillants ajoutent une touche festive.<br \/>\nAvec une ceinture assortie, vous serez la star de votre mariage. Le mod\u00e8le Just2ofus est disponible en cuir blanc cass\u00e9, beige clair, rose poudr\u00e9, vert menthe et bleu ciel. Pour des chaussures de mariage exceptionnelles, choisissez Melik Shoes, le sp\u00e9cialiste des chaussures de mariage\u00a0!<\/p>","protected":false},"excerpt":{"rendered":"<p>\u2013 Num\u00e9ro d&#039;article : 7674108 06<br \/>\n\u2013 Couleur : Vert<br \/>\n\u2013 Mati\u00e8re : Cuir su\u00e9d\u00e9<br \/>\n\u2013 Doublure : cuir de veau<br \/>\n\u2013 Type de semelle\u00a0: Semelle Microlight<br \/>\n\u2013 Derni\u00e8re\/largeur\u00a0: G \u2013 Pointure normale<br \/>\nSemelle int\u00e9rieure amovible\u00a0: Non<\/p>","protected":false},"featured_media":545857,"template":"","meta":[],"product_brand":[],"product_cat":[641,85,519],"product_tag":[],"class_list":{"0":"post-545849","1":"product","2":"type-product","3":"status-publish","4":"has-post-thumbnail","6":"product_cat-heren-schoenen","7":"product_cat-schoenen","8":"product_cat-schuhe","9":"pa_merk-melik","11":"first","12":"instock","13":"taxable","14":"shipping-taxable","15":"purchasable","16":"product-type-variable"},"df_price":219.95,"df_sale_price":"","df_regular_price":219.95,"df_image_link":"https:\/\/harristweed-shop.be\/wp-content\/uploads\/2026\/03\/d5a6703fac02021f889790dda2f7d5eb_Schoenen_Melik_Groen_Su_de-225x300.jpeg","_links":{"self":[{"href":"https:\/\/harristweed-shop.be\/fr\/wp-json\/wp\/v2\/product\/545849","targetHints":{"allow":["GET"]}}],"collection":[{"href":"https:\/\/harristweed-shop.be\/fr\/wp-json\/wp\/v2\/product"}],"about":[{"href":"https:\/\/harristweed-shop.be\/fr\/wp-json\/wp\/v2\/types\/product"}],"wp:featuredmedia":[{"embeddable":true,"href":"https:\/\/harristweed-shop.be\/fr\/wp-json\/wp\/v2\/media\/545857"}],"wp:attachment":[{"href":"https:\/\/harristweed-shop.be\/fr\/wp-json\/wp\/v2\/media?parent=545849"}],"wp:term":[{"taxonomy":"product_brand","embeddable":true,"href":"https:\/\/harristweed-shop.be\/fr\/wp-json\/wp\/v2\/product_brand?post=545849"},{"taxonomy":"product_cat","embeddable":true,"href":"https:\/\/harristweed-shop.be\/fr\/wp-json\/wp\/v2\/product_cat?post=545849"},{"taxonomy":"product_tag","embeddable":true,"href":"https:\/\/harristweed-shop.be\/fr\/wp-json\/wp\/v2\/product_tag?post=545849"}],"curies":[{"name":"wp","href":"https:\/\/api.w.org\/{rel}","templated":true}]}}