{"id":545811,"date":"2026-03-31T15:33:34","date_gmt":"2026-03-31T15:33:34","guid":{"rendered":"https:\/\/harristweed-shop.be\/product\/schoenen-melik-tulip-groen-suede-instappers\/"},"modified":"2026-05-05T02:47:28","modified_gmt":"2026-05-05T02:47:28","slug":"schoenen-melik-tulip-groen-suede-instappers","status":"publish","type":"product","link":"https:\/\/harristweed-shop.be\/fr\/produit\/mocassins-melik-en-daim-vert-tulipe\/","title":{"rendered":"Chaussures \u00e0 enfiler en daim vert Tulip Melik"},"content":{"rendered":"<p>Le mocassin est une chaussure tr\u00e8s appr\u00e9ci\u00e9e des hommes. Avec une paire de mocassins aux pieds, vous cr\u00e9ez instantan\u00e9ment une allure \u00e9l\u00e9gante et soign\u00e9e. Les hommes portent principalement des mocassins au quotidien, mais ils conviennent \u00e9galement aux occasions professionnelles, gr\u00e2ce \u00e0 nos conseils. D\u00e9couvrez la polyvalence du mocassin et portez-le avec style.<\/p>\n<p>Qualit\u00e9 : Daim<br \/>Pointure : G - Pied normal<br \/>Composition : Cuir 100%<\/p>","protected":false},"excerpt":{"rendered":"<p>Chaussures \u00e0 enfiler en daim vert Melik Tulip.<\/p>\n<p>Avec une paire de mocassins aux pieds, vous cr\u00e9ez un look frais et soign\u00e9 en un rien de temps.<\/p>","protected":false},"featured_media":545863,"template":"","meta":[],"product_brand":[],"product_cat":[641,85,519],"product_tag":[],"class_list":{"0":"post-545811","1":"product","2":"type-product","3":"status-publish","4":"has-post-thumbnail","6":"product_cat-heren-schoenen","7":"product_cat-schoenen","8":"product_cat-schuhe","9":"pa_merk-melik","11":"first","12":"instock","13":"taxable","14":"shipping-taxable","15":"purchasable","16":"product-type-variable"},"df_price":219.95,"df_sale_price":"","df_regular_price":219.95,"df_image_link":"https:\/\/harristweed-shop.be\/wp-content\/uploads\/2026\/03\/3154e0987831807706afb94d218ab5b4_Schoenen_Melik_Tulip_Groen_Su_de_Instappers-225x300.jpeg","_links":{"self":[{"href":"https:\/\/harristweed-shop.be\/fr\/wp-json\/wp\/v2\/product\/545811","targetHints":{"allow":["GET"]}}],"collection":[{"href":"https:\/\/harristweed-shop.be\/fr\/wp-json\/wp\/v2\/product"}],"about":[{"href":"https:\/\/harristweed-shop.be\/fr\/wp-json\/wp\/v2\/types\/product"}],"wp:featuredmedia":[{"embeddable":true,"href":"https:\/\/harristweed-shop.be\/fr\/wp-json\/wp\/v2\/media\/545863"}],"wp:attachment":[{"href":"https:\/\/harristweed-shop.be\/fr\/wp-json\/wp\/v2\/media?parent=545811"}],"wp:term":[{"taxonomy":"product_brand","embeddable":true,"href":"https:\/\/harristweed-shop.be\/fr\/wp-json\/wp\/v2\/product_brand?post=545811"},{"taxonomy":"product_cat","embeddable":true,"href":"https:\/\/harristweed-shop.be\/fr\/wp-json\/wp\/v2\/product_cat?post=545811"},{"taxonomy":"product_tag","embeddable":true,"href":"https:\/\/harristweed-shop.be\/fr\/wp-json\/wp\/v2\/product_tag?post=545811"}],"curies":[{"name":"wp","href":"https:\/\/api.w.org\/{rel}","templated":true}]}}