{"id":545686,"date":"2026-03-27T10:05:24","date_gmt":"2026-03-27T10:05:24","guid":{"rendered":"https:\/\/harristweed-shop.be\/product\/stropdas-stewart-black-modern-tartan\/"},"modified":"2026-05-05T02:49:23","modified_gmt":"2026-05-05T02:49:23","slug":"stropdas-stewart-black-modern-tartan","status":"publish","type":"product","link":"https:\/\/harristweed-shop.be\/fr\/produit\/cravate-stewart-noire-tartan-moderne\/","title":{"rendered":"Cravate Stewart Black Modern Tartan"},"content":{"rendered":"<p>Notre collection de cravates \u00e0 carreaux apporte une touche d&#039;\u00e9l\u00e9gance \u00e0 toutes vos tenues. Confectionn\u00e9es dans notre tissu 100% en pure laine vierge, elles se d\u00e9clinent dans une vaste gamme de tartans, vous permettant ainsi de trouver la cravate id\u00e9ale. Nous proposons \u00e9galement une s\u00e9lection de casquettes et d&#039;\u00e9charpes assorties.<\/p>\n<p>Le tartan Stewart Black Modern est un tartan noir classique \u00e0 carreaux color\u00e9s. Le tartan royal Stewart, plus commun\u00e9ment appel\u00e9 tartan royal, est associ\u00e9 \u00e0 la maison royale Stewart depuis des si\u00e8cles. Les monarques Stewart descendent de Walter, grand intendant d&#039;\u00c9cosse, qui \u00e9pousa la princesse Marjory, fille du roi Robert Bruce. Leur fils, le roi Robert II, fut le premier roi Stewart.<\/p>\n<p>Tartan : Stewart Black Modern.<\/p>\n<p>Dimensions : 8 cm x 142 cm.<\/p>\n<p>Composition : 100% pure laine vierge.<\/p>\n<p>Instructions de lavage : Nettoyage \u00e0 sec uniquement.<\/p>\n<p>Fabriqu\u00e9 avec fiert\u00e9 dans notre usine situ\u00e9e au c\u0153ur des Scottish Borders.<\/p>","protected":false},"excerpt":{"rendered":"<p>Cravate Stewart en tartan moderne noir.<\/p>\n<p>Notre collection de cravates \u00e0 carreaux apporte une touche d&#039;\u00e9l\u00e9gance \u00e0 toutes vos tenues. Confectionn\u00e9es dans notre tissu en pure laine vierge 100% et d\u00e9clin\u00e9es dans une vaste gamme de tartans, vous trouverez assur\u00e9ment la cravate id\u00e9ale.<\/p>","protected":false},"featured_media":545687,"template":"","meta":[],"product_brand":[],"product_cat":[496,1256,1255,793,733,1254,1253],"product_tag":[],"class_list":{"0":"post-545686","1":"product","2":"type-product","3":"status-publish","4":"has-post-thumbnail","6":"product_cat-businesskostuum-en-accessoires","7":"product_cat-krawatten","8":"product_cat-krawatten-und-schleifen","9":"product_cat-stropdas","10":"product_cat-stropdassen","11":"product_cat-stropdassen-stropdassen-en-strikken","12":"product_cat-stropdassen-en-strikken","13":"pa_merk-lochcarron-of-scotland","15":"first","16":"instock","17":"taxable","18":"shipping-taxable","19":"purchasable","20":"product-type-simple"},"df_price":59.95,"df_sale_price":"","df_regular_price":59.95,"df_image_link":"https:\/\/harristweed-shop.be\/wp-content\/uploads\/2026\/03\/e8744003555ccd8ad237090d7fa898b8_Stropdas_Stewart_Black_Modern_Tartan-225x300.jpeg","_links":{"self":[{"href":"https:\/\/harristweed-shop.be\/fr\/wp-json\/wp\/v2\/product\/545686","targetHints":{"allow":["GET"]}}],"collection":[{"href":"https:\/\/harristweed-shop.be\/fr\/wp-json\/wp\/v2\/product"}],"about":[{"href":"https:\/\/harristweed-shop.be\/fr\/wp-json\/wp\/v2\/types\/product"}],"wp:featuredmedia":[{"embeddable":true,"href":"https:\/\/harristweed-shop.be\/fr\/wp-json\/wp\/v2\/media\/545687"}],"wp:attachment":[{"href":"https:\/\/harristweed-shop.be\/fr\/wp-json\/wp\/v2\/media?parent=545686"}],"wp:term":[{"taxonomy":"product_brand","embeddable":true,"href":"https:\/\/harristweed-shop.be\/fr\/wp-json\/wp\/v2\/product_brand?post=545686"},{"taxonomy":"product_cat","embeddable":true,"href":"https:\/\/harristweed-shop.be\/fr\/wp-json\/wp\/v2\/product_cat?post=545686"},{"taxonomy":"product_tag","embeddable":true,"href":"https:\/\/harristweed-shop.be\/fr\/wp-json\/wp\/v2\/product_tag?post=545686"}],"curies":[{"name":"wp","href":"https:\/\/api.w.org\/{rel}","templated":true}]}}