{"id":545674,"date":"2026-03-27T10:05:18","date_gmt":"2026-03-27T10:05:18","guid":{"rendered":"https:\/\/harristweed-shop.be\/product\/stropdas-campbell-of-louden-modern-tartan\/"},"modified":"2026-05-05T02:49:24","modified_gmt":"2026-05-05T02:49:24","slug":"stropdas-campbell-of-louden-modern-tartan","status":"publish","type":"product","link":"https:\/\/harristweed-shop.be\/fr\/produit\/cravate-campbell-de-louden-tartan-moderne\/","title":{"rendered":"Cravate tartan moderne Campbell ou Louden"},"content":{"rendered":"<p>Notre collection de cravates \u00e0 carreaux apporte une touche d&#039;\u00e9l\u00e9gance \u00e0 toutes vos tenues. Confectionn\u00e9es dans notre tissu 100% en pure laine vierge, elles se d\u00e9clinent dans une vaste gamme de tartans, vous permettant ainsi de trouver la cravate id\u00e9ale. Nous proposons \u00e9galement une s\u00e9lection de casquettes et d&#039;\u00e9charpes assorties.<\/p>\n<p>Le tartan Campbell of Louden Modern est bleu-vert \u00e0 motifs de losanges jaunes. Le clan Campbell \u00e9tait puissant dans l&#039;ouest de l&#039;\u00c9cosse et dans l&#039;Argyllshire. Il \u00e9tait connu sous le nom de lign\u00e9e Diarmid.<\/p>\n<p>Tartan : Campbell de Louden Modern.<\/p>\n<p>Dimensions : 8 cm x 142 cm.<\/p>\n<p>Composition : 100% pure laine vierge.<\/p>\n<p>Instructions de lavage : Nettoyage \u00e0 sec uniquement.<\/p>\n<p>Fabriqu\u00e9 avec fiert\u00e9 dans notre usine situ\u00e9e au c\u0153ur des Scottish Borders.<\/p>","protected":false},"excerpt":{"rendered":"<p>Cravate tartan moderne Campbell ou Louden.<\/p>\n<p>Notre collection de cravates \u00e0 carreaux apporte une touche d&#039;\u00e9l\u00e9gance \u00e0 toutes vos tenues. Confectionn\u00e9es dans notre tissu en pure laine vierge 100% et d\u00e9clin\u00e9es dans une vaste gamme de tartans, vous trouverez assur\u00e9ment la cravate id\u00e9ale.<\/p>","protected":false},"featured_media":545675,"template":"","meta":[],"product_brand":[],"product_cat":[496,1256,1255,793,1254,733,1253],"product_tag":[],"class_list":{"0":"post-545674","1":"product","2":"type-product","3":"status-publish","4":"has-post-thumbnail","6":"product_cat-businesskostuum-en-accessoires","7":"product_cat-krawatten","8":"product_cat-krawatten-und-schleifen","9":"product_cat-stropdas","10":"product_cat-stropdassen-stropdassen-en-strikken","11":"product_cat-stropdassen","12":"product_cat-stropdassen-en-strikken","13":"pa_merk-lochcarron-of-scotland","15":"first","16":"instock","17":"taxable","18":"shipping-taxable","19":"purchasable","20":"product-type-simple"},"df_price":59.95,"df_sale_price":"","df_regular_price":59.95,"df_image_link":"https:\/\/harristweed-shop.be\/wp-content\/uploads\/2026\/03\/b27d7a75687d1e895eb1b68920264919_Stropdas_Campbell_of_Louden_Modern_Tartan-225x300.jpeg","_links":{"self":[{"href":"https:\/\/harristweed-shop.be\/fr\/wp-json\/wp\/v2\/product\/545674","targetHints":{"allow":["GET"]}}],"collection":[{"href":"https:\/\/harristweed-shop.be\/fr\/wp-json\/wp\/v2\/product"}],"about":[{"href":"https:\/\/harristweed-shop.be\/fr\/wp-json\/wp\/v2\/types\/product"}],"wp:featuredmedia":[{"embeddable":true,"href":"https:\/\/harristweed-shop.be\/fr\/wp-json\/wp\/v2\/media\/545675"}],"wp:attachment":[{"href":"https:\/\/harristweed-shop.be\/fr\/wp-json\/wp\/v2\/media?parent=545674"}],"wp:term":[{"taxonomy":"product_brand","embeddable":true,"href":"https:\/\/harristweed-shop.be\/fr\/wp-json\/wp\/v2\/product_brand?post=545674"},{"taxonomy":"product_cat","embeddable":true,"href":"https:\/\/harristweed-shop.be\/fr\/wp-json\/wp\/v2\/product_cat?post=545674"},{"taxonomy":"product_tag","embeddable":true,"href":"https:\/\/harristweed-shop.be\/fr\/wp-json\/wp\/v2\/product_tag?post=545674"}],"curies":[{"name":"wp","href":"https:\/\/api.w.org\/{rel}","templated":true}]}}