{"id":545671,"date":"2026-03-27T10:05:15","date_gmt":"2026-03-27T10:05:15","guid":{"rendered":"https:\/\/harristweed-shop.be\/product\/stropdas-gordon-clan-modern-tartan\/"},"modified":"2026-05-05T02:49:25","modified_gmt":"2026-05-05T02:49:25","slug":"stropdas-gordon-clan-modern-tartan","status":"publish","type":"product","link":"https:\/\/harristweed-shop.be\/fr\/produit\/cravate-tartan-moderne-du-clan-gordon\/","title":{"rendered":"Cravate tartan moderne du clan Gordon"},"content":{"rendered":"<p>Notre collection de cravates \u00e0 carreaux apporte une touche d&#039;\u00e9l\u00e9gance \u00e0 toutes vos tenues. Confectionn\u00e9es dans notre tissu 100% en pure laine vierge, elles se d\u00e9clinent dans une vaste gamme de tartans, vous permettant ainsi de trouver la cravate id\u00e9ale. Nous proposons \u00e9galement une s\u00e9lection de casquettes et d&#039;\u00e9charpes assorties.<\/p>\n<p>Le tartan Gordon Clan Modern est un tartan traditionnel \u00e0 fond bleu-vert et \u00e0 carreaux jaunes.<\/p>\n<p>Le clan Gordon est mentionn\u00e9 pour la premi\u00e8re fois dans le Berwickshire au XIIe si\u00e8cle et est associ\u00e9 \u00e0 l&#039;Aberdeenshire depuis le XIVe si\u00e8cle. Sir Adam (seigneur de Gordon) re\u00e7ut la seigneurie de Strathbogie du roi Robert Bruce pour ses m\u00e9rites guerriers. Puissant, ce clan mena des guerres contre les clans voisins. Son chef \u00e9tait surnomm\u00e9 \u201c\u00a0le Coq du Nord\u00a0\u201d. Le marquis de Huntly \u00e9tait gouverneur du ch\u00e2teau d&#039;Inverness et, en 1562, son adjoint refusa l&#039;acc\u00e8s \u00e0 la forteresse \u00e0 Marie Stuart, reine d&#039;\u00c9cosse. Le r\u00e9giment des Gordon Highlanders fut fond\u00e9 en 1794 et Jane, duchesse de Gordon, qui participa au recrutement, aurait embrass\u00e9 chaque homme lors de son enr\u00f4lement. Le ch\u00e2teau d&#039;Aboyne, dans l&#039;Aberdeenshire, est la r\u00e9sidence du chef du clan.<\/p>\n<p>Tartan : Clan Gordon Moderne.<\/p>\n<p>Dimensions : 8 cm x 142 cm.<\/p>\n<p>Composition : 100% pure laine vierge.<\/p>\n<p>Instructions de lavage : Nettoyage \u00e0 sec uniquement.<\/p>\n<p>Fabriqu\u00e9 avec fiert\u00e9 dans notre usine situ\u00e9e au c\u0153ur des Scottish Borders.<\/p>","protected":false},"excerpt":{"rendered":"<p>Cravate en tartan moderne du clan Gordon.<\/p>\n<p>Notre collection de cravates \u00e0 carreaux apporte une touche d&#039;\u00e9l\u00e9gance \u00e0 toutes vos tenues. Confectionn\u00e9es dans notre tissu en pure laine vierge 100% et d\u00e9clin\u00e9es dans une vaste gamme de tartans, vous trouverez assur\u00e9ment la cravate id\u00e9ale.<\/p>","protected":false},"featured_media":545672,"template":"","meta":[],"product_brand":[],"product_cat":[496,1256,1255,793,1254,733,1253],"product_tag":[],"class_list":{"0":"post-545671","1":"product","2":"type-product","3":"status-publish","4":"has-post-thumbnail","6":"product_cat-businesskostuum-en-accessoires","7":"product_cat-krawatten","8":"product_cat-krawatten-und-schleifen","9":"product_cat-stropdas","10":"product_cat-stropdassen-stropdassen-en-strikken","11":"product_cat-stropdassen","12":"product_cat-stropdassen-en-strikken","13":"pa_merk-lochcarron-of-scotland","15":"first","16":"instock","17":"taxable","18":"shipping-taxable","19":"purchasable","20":"product-type-simple"},"df_price":59.95,"df_sale_price":"","df_regular_price":59.95,"df_image_link":"https:\/\/harristweed-shop.be\/wp-content\/uploads\/2026\/03\/c8898023773ee1acdaee328a20e1500a_Stropdas_Gordon_Clan_Modern_Tartan-225x300.jpeg","_links":{"self":[{"href":"https:\/\/harristweed-shop.be\/fr\/wp-json\/wp\/v2\/product\/545671","targetHints":{"allow":["GET"]}}],"collection":[{"href":"https:\/\/harristweed-shop.be\/fr\/wp-json\/wp\/v2\/product"}],"about":[{"href":"https:\/\/harristweed-shop.be\/fr\/wp-json\/wp\/v2\/types\/product"}],"wp:featuredmedia":[{"embeddable":true,"href":"https:\/\/harristweed-shop.be\/fr\/wp-json\/wp\/v2\/media\/545672"}],"wp:attachment":[{"href":"https:\/\/harristweed-shop.be\/fr\/wp-json\/wp\/v2\/media?parent=545671"}],"wp:term":[{"taxonomy":"product_brand","embeddable":true,"href":"https:\/\/harristweed-shop.be\/fr\/wp-json\/wp\/v2\/product_brand?post=545671"},{"taxonomy":"product_cat","embeddable":true,"href":"https:\/\/harristweed-shop.be\/fr\/wp-json\/wp\/v2\/product_cat?post=545671"},{"taxonomy":"product_tag","embeddable":true,"href":"https:\/\/harristweed-shop.be\/fr\/wp-json\/wp\/v2\/product_tag?post=545671"}],"curies":[{"name":"wp","href":"https:\/\/api.w.org\/{rel}","templated":true}]}}