{"id":545589,"date":"2026-03-21T14:05:10","date_gmt":"2026-03-21T14:05:10","guid":{"rendered":"https:\/\/harristweed-shop.be\/product\/riem-melik-gabbro-lino-suede\/"},"modified":"2026-05-05T15:38:18","modified_gmt":"2026-05-05T15:38:18","slug":"riem-melik-gabbro-lino-suede","status":"publish","type":"product","link":"https:\/\/harristweed-shop.be\/fr\/produit\/ceinture-melik-gabbro-lino-suede-2\/","title":{"rendered":"Ceinture en daim Melik Gabbro Lino"},"content":{"rendered":"<p><span style=\"font-family: Poppins, sans-serif;font-size: 14px\">Avec les mod\u00e8les Just2Ofus, Ranzek, Wannio et Marizo, le mod\u00e8le Gabbro est la chaussure de mariage la plus vendue du moment ! Pour \u00eatre resplendissante le jour de votre mariage, une ceinture assortie, confectionn\u00e9e dans la m\u00eame mati\u00e8re et de la m\u00eame couleur, est bien s\u00fbr indispensable. Depuis des ann\u00e9es, Melik se sp\u00e9cialise dans les chaussures pour les grandes occasions. Notre collection de chaussures habill\u00e9es, d\u00e9clin\u00e9e dans des coloris doux et tendance, s&#039;accorde parfaitement avec les tailleurs l\u00e9gers et fluides des ann\u00e9es 20, tr\u00e8s en vogue actuellement. Une chaussure confortable qui vous accompagnera avec aisance tout au long du plus beau jour de votre vie, sublim\u00e9e par une ceinture assortie. Les chaussures de mariage Melik offrent un confort optimal, sont confectionn\u00e9es en daim de qualit\u00e9 et arborent des imprim\u00e9s originaux qui vous feront rayonner ! Avec la ceinture assortie, votre tenue est parfaitement compl\u00e9t\u00e9e. Qui pourrait r\u00e9sister \u00e0 une telle proposition ?<\/span><\/p>\n<p><span style=\"font-family: Poppins, sans-serif;font-size: 14px\">Toutes nos ceintures sont confectionn\u00e9es en cuir de veau, en daim et en nubuck, et assorties \u00e0 nos chaussures. La doublure de toutes nos ceintures est en nubuck. La boucle est en acier inoxydable avec une finition nickel mat. Vous pouvez ajuster la longueur de toutes nos ceintures c\u00f4t\u00e9 boucle en d\u00e9vissant simplement cette derni\u00e8re, en coupant \u00e0 la longueur souhait\u00e9e, en per\u00e7ant un nouveau trou \u00e0 l&#039;aide d&#039;une perforatrice, puis en revissant la boucle.<\/span><\/p>\n<p><span style=\"font-family: Poppins, sans-serif;font-size: 14px\"><\/span>\u2013 Taille\u00a0: Largeur 3,50 cm<br \/>\u2013 Qualit\u00e9 : Cuir<br \/>\u2013 Composition : Cuir 100%<br \/>Boucle : carr\u00e9e noire en nickel mat<\/p>","protected":false},"excerpt":{"rendered":"<p>Ceinture Melik Gabbro Lino Suede.<\/p>\n<p>Toutes nos ceintures sont confectionn\u00e9es en cuir de veau, en daim ou en nubuck de haute qualit\u00e9 et s&#039;accordent parfaitement avec nos chaussures.<\/p>","protected":false},"featured_media":545593,"template":"","meta":[],"product_brand":[],"product_cat":[529,162],"product_tag":[],"class_list":{"0":"post-545589","1":"product","2":"type-product","3":"status-publish","4":"has-post-thumbnail","6":"product_cat-gurtel","7":"product_cat-riemen","8":"pa_merk-melik","10":"first","11":"instock","12":"taxable","13":"shipping-taxable","14":"purchasable","15":"product-type-variable"},"df_price":89.95,"df_sale_price":"","df_regular_price":89.95,"df_image_link":"https:\/\/harristweed-shop.be\/wp-content\/uploads\/2026\/03\/e97fc8557eee2960623445872473f010_Riem_Melik_Gabbro_Lino_Su_de-300x300.jpeg","_links":{"self":[{"href":"https:\/\/harristweed-shop.be\/fr\/wp-json\/wp\/v2\/product\/545589","targetHints":{"allow":["GET"]}}],"collection":[{"href":"https:\/\/harristweed-shop.be\/fr\/wp-json\/wp\/v2\/product"}],"about":[{"href":"https:\/\/harristweed-shop.be\/fr\/wp-json\/wp\/v2\/types\/product"}],"wp:featuredmedia":[{"embeddable":true,"href":"https:\/\/harristweed-shop.be\/fr\/wp-json\/wp\/v2\/media\/545593"}],"wp:attachment":[{"href":"https:\/\/harristweed-shop.be\/fr\/wp-json\/wp\/v2\/media?parent=545589"}],"wp:term":[{"taxonomy":"product_brand","embeddable":true,"href":"https:\/\/harristweed-shop.be\/fr\/wp-json\/wp\/v2\/product_brand?post=545589"},{"taxonomy":"product_cat","embeddable":true,"href":"https:\/\/harristweed-shop.be\/fr\/wp-json\/wp\/v2\/product_cat?post=545589"},{"taxonomy":"product_tag","embeddable":true,"href":"https:\/\/harristweed-shop.be\/fr\/wp-json\/wp\/v2\/product_tag?post=545589"}],"curies":[{"name":"wp","href":"https:\/\/api.w.org\/{rel}","templated":true}]}}