{"id":545587,"date":"2026-03-21T14:00:15","date_gmt":"2026-03-21T14:00:15","guid":{"rendered":"https:\/\/harristweed-shop.be\/product\/riem-melik-marzo\/"},"modified":"2026-04-07T03:56:32","modified_gmt":"2026-04-07T03:56:32","slug":"riem-melik-marzo","status":"publish","type":"product","link":"https:\/\/harristweed-shop.be\/fr\/produit\/ceinture-melik-marzo\/","title":{"rendered":"Ceinture Melik Marizo Marine"},"content":{"rendered":"<p>La ceinture Marizo est sp\u00e9cialement con\u00e7ue pour s&#039;harmoniser parfaitement avec les chaussures Marizo. Fabriqu\u00e9e dans le m\u00eame cuir de haute qualit\u00e9, elle assure une allure compl\u00e8te et \u00e9l\u00e9gante.<\/p>\n<p>\u2013 Taille\u00a0: Largeur 3,50 cm<br \/>\u2013 Qualit\u00e9 : Cuir<br \/>\u2013 Composition : Cuir 100%<br \/>Boucle : carr\u00e9e noire en nickel mat<\/p>","protected":false},"excerpt":{"rendered":"<p>Ceinture Melik Marizo Marine.<\/p>\n<p>Confectionn\u00e9e dans le m\u00eame cuir de haute qualit\u00e9, cette ceinture assure un look complet et \u00e9l\u00e9gant.<\/p>","protected":false},"featured_media":545588,"template":"","meta":[],"product_brand":[],"product_cat":[529,162],"product_tag":[],"class_list":{"0":"post-545587","1":"product","2":"type-product","3":"status-publish","4":"has-post-thumbnail","6":"product_cat-gurtel","7":"product_cat-riemen","8":"pa_merk-melik","10":"first","11":"instock","12":"taxable","13":"shipping-taxable","14":"purchasable","15":"product-type-variable"},"df_price":89.95,"df_sale_price":"","df_regular_price":89.95,"df_image_link":"https:\/\/harristweed-shop.be\/wp-content\/uploads\/2026\/03\/1251b3668a63e4db414656da841e742a_Riem_Melik_Marizo_Navy-300x300.jpeg","_links":{"self":[{"href":"https:\/\/harristweed-shop.be\/fr\/wp-json\/wp\/v2\/product\/545587","targetHints":{"allow":["GET"]}}],"collection":[{"href":"https:\/\/harristweed-shop.be\/fr\/wp-json\/wp\/v2\/product"}],"about":[{"href":"https:\/\/harristweed-shop.be\/fr\/wp-json\/wp\/v2\/types\/product"}],"wp:featuredmedia":[{"embeddable":true,"href":"https:\/\/harristweed-shop.be\/fr\/wp-json\/wp\/v2\/media\/545588"}],"wp:attachment":[{"href":"https:\/\/harristweed-shop.be\/fr\/wp-json\/wp\/v2\/media?parent=545587"}],"wp:term":[{"taxonomy":"product_brand","embeddable":true,"href":"https:\/\/harristweed-shop.be\/fr\/wp-json\/wp\/v2\/product_brand?post=545587"},{"taxonomy":"product_cat","embeddable":true,"href":"https:\/\/harristweed-shop.be\/fr\/wp-json\/wp\/v2\/product_cat?post=545587"},{"taxonomy":"product_tag","embeddable":true,"href":"https:\/\/harristweed-shop.be\/fr\/wp-json\/wp\/v2\/product_tag?post=545587"}],"curies":[{"name":"wp","href":"https:\/\/api.w.org\/{rel}","templated":true}]}}