{"id":54551,"date":"2023-05-04T09:41:35","date_gmt":"2023-05-04T09:41:35","guid":{"rendered":"https:\/\/harristweed-shop.be\/product\/sokken-petrol\/"},"modified":"2026-04-21T16:35:25","modified_gmt":"2026-04-21T16:35:25","slug":"sokken-petrol","status":"publish","type":"product","link":"https:\/\/harristweed-shop.be\/fr\/produit\/chaussettes-a-essence\/","title":{"rendered":"Chaussettes pour hommes en coton bleu p\u00e9trole"},"content":{"rendered":"<p>Les chaussettes pour homme en coton bleu p\u00e9trole de la collection Carlo Lanza Azzurro apportent une touche profonde et raffin\u00e9e \u00e0 votre garde-robe. Cette couleur inspire calme et assurance, id\u00e9ale pour ceux qui appr\u00e9cient une simplicit\u00e9 \u00e9l\u00e9gante rehauss\u00e9e d&#039;une note de modernit\u00e9. Chaque chaussette est confectionn\u00e9e en coton \u00e9gyptien de haute qualit\u00e9, soigneusement s\u00e9lectionn\u00e9 pour un confort optimal. Gr\u00e2ce \u00e0 leur respirabilit\u00e9, leur r\u00e9sistance des couleurs et leur douceur, ces chaussettes vous offrent un confort durable. La couture des orteils, finie \u00e0 la main, pr\u00e9vient les points de pression, tandis que le bord-c\u00f4te plus long assure un maintien \u00e9l\u00e9gant et antid\u00e9rapant. Fabriqu\u00e9es en Italie, ces chaussettes sont lav\u00e9es, repass\u00e9es et soumises \u00e0 un contr\u00f4le qualit\u00e9 rigoureux avant d&#039;arriver dans votre tiroir. Choisir des chaussettes pour homme chez Carlo Lanza, c&#039;est opter pour le savoir-faire et le style. Ces chaussettes bleu p\u00e9trole se marient parfaitement avec des v\u00eatements bleu fonc\u00e9 ou gris et se portent aussi bien avec un style d\u00e9contract\u00e9 qu&#039;avec une tenue plus habill\u00e9e. Elles s&#039;accordent \u00e0 merveille avec un chino, un jean ou un costume. Pour pr\u00e9server leur beaut\u00e9, lavez-les \u00e0 l&#039;envers \u00e0 30 degr\u00e9s et laissez-les s\u00e9cher \u00e0 l&#039;air libre. Ainsi, vous pourrez profiter d&#039;une qualit\u00e9 durable et d&#039;une touche italienne \u00e0 vos pieds.<\/p>\n<p>Toutes les chaussettes et bas haut de gamme de la marque Carlo Lanza sont confectionn\u00e9s artisanalement avec le plus grand soin dans une usine italienne. Ici, la fabrication de chaussettes est un v\u00e9ritable art. Au sein de cette entreprise familiale, seuls les tissus les plus fins au monde sont utilis\u00e9s pour garantir la qualit\u00e9 de leurs produits. Cependant, ces mati\u00e8res \u00e9tant d\u00e9licates, il est important de manipuler et de nettoyer vos chaussettes et bas haut de gamme avec pr\u00e9caution.<\/p>\n<p>Nos chaussettes de qualit\u00e9 finissent souvent par se retrouver dans le tas de linge sale et, malheureusement, elles ne re\u00e7oivent pas beaucoup d&#039;attention. Cependant, nous souhaitons vous donner quelques conseils pour laver vos chaussettes et pr\u00e9server ainsi leur belle couleur. Si vous suivez les conseils ci-dessous apr\u00e8s avoir achet\u00e9 nos chaussettes, vous constaterez qu&#039;ils prolongeront leur dur\u00e9e de vie\u00a0:<\/p>\n<ul>\n<li>Lavez vos chaussettes \u00e0 une temp\u00e9rature maximale de 30 degr\u00e9s.<\/li>\n<li>Il est pr\u00e9f\u00e9rable de laver ses chaussettes \u00e0 l&#039;envers.<\/li>\n<li>Faites s\u00e9cher vos chaussettes sur l&#039;\u00e9tendoir \u00e0 linge et non dans le s\u00e8che-linge.<\/li>\n<li>\u00c9vitez autant que possible de porter des chaussettes \u00e0 l&#039;int\u00e9rieur. Portez des chaussons ou des tongs confortables pour pr\u00e9server vos chaussettes.<\/li>\n<\/ul>\n<p>Marque : Carlo Lanza<br \/>\nMati\u00e8re : 80% coton \u00e9gyptien | 16% polyamide | 4% \u00e9lasthanne<br \/>\nTraitement suppl\u00e9mentaire : le fil d&#039;\u00e9cosse apporte un \u00e9clat soyeux sur les chaussettes<br \/>\nDisponible dans les tailles : S (39-43) et M (44-48).<br \/>\nLongueur de la chaussette \u00e0 partir du talon : \u00b1 27 cm<br \/>\nD\u00e9tails\u00a0: Bout remaill\u00e9 \u00e0 la main. Le bout et le talon sont renforc\u00e9s de nylon, ce qui les rend tr\u00e8s r\u00e9sistants.<br \/>\nLabel de qualit\u00e9 Oeko Tex\u00ae<br \/>\nFabriqu\u00e9 en Italie<\/p>","protected":false},"excerpt":{"rendered":"<p>Chaussettes pour hommes en coton Azzurro Petrol.<\/p>\n<p>Les chaussettes pour homme en coton couleur p\u00e9trole de la collection Azzurro de Carlo Lanza apportent une touche profonde et raffin\u00e9e \u00e0 votre garde-robe. Cette couleur inspire calme et assurance, id\u00e9ale pour ceux qui appr\u00e9cient une simplicit\u00e9 \u00e9l\u00e9gante rehauss\u00e9e d&#039;une note de modernit\u00e9.<\/p>","protected":false},"featured_media":54554,"template":"","meta":[],"product_brand":[],"product_cat":[925,134],"product_tag":[],"class_list":{"0":"post-54551","1":"product","2":"type-product","3":"status-publish","4":"has-post-thumbnail","6":"product_cat-socken","7":"product_cat-sokken","8":"pa_merk-carlolanza","10":"first","11":"instock","12":"taxable","13":"shipping-taxable","14":"purchasable","15":"product-type-variable"},"df_price":17.95,"df_sale_price":"","df_regular_price":17.95,"df_image_link":"https:\/\/harristweed-shop.be\/wp-content\/uploads\/2023\/05\/47c3ae0906b69edb801e980ab6fd8b1a_100071_20201_5449-300x300.jpg","_links":{"self":[{"href":"https:\/\/harristweed-shop.be\/fr\/wp-json\/wp\/v2\/product\/54551","targetHints":{"allow":["GET"]}}],"collection":[{"href":"https:\/\/harristweed-shop.be\/fr\/wp-json\/wp\/v2\/product"}],"about":[{"href":"https:\/\/harristweed-shop.be\/fr\/wp-json\/wp\/v2\/types\/product"}],"wp:featuredmedia":[{"embeddable":true,"href":"https:\/\/harristweed-shop.be\/fr\/wp-json\/wp\/v2\/media\/54554"}],"wp:attachment":[{"href":"https:\/\/harristweed-shop.be\/fr\/wp-json\/wp\/v2\/media?parent=54551"}],"wp:term":[{"taxonomy":"product_brand","embeddable":true,"href":"https:\/\/harristweed-shop.be\/fr\/wp-json\/wp\/v2\/product_brand?post=54551"},{"taxonomy":"product_cat","embeddable":true,"href":"https:\/\/harristweed-shop.be\/fr\/wp-json\/wp\/v2\/product_cat?post=54551"},{"taxonomy":"product_tag","embeddable":true,"href":"https:\/\/harristweed-shop.be\/fr\/wp-json\/wp\/v2\/product_tag?post=54551"}],"curies":[{"name":"wp","href":"https:\/\/api.w.org\/{rel}","templated":true}]}}