{"id":545502,"date":"2026-03-19T10:05:18","date_gmt":"2026-03-19T10:05:18","guid":{"rendered":"https:\/\/harristweed-shop.be\/product\/dames-steppmantel-perth-met-harris-tweed-details-en-capuchon-in-olive\/"},"modified":"2026-05-05T02:51:45","modified_gmt":"2026-05-05T02:51:45","slug":"dames-steppmantel-perth-met-harris-tweed-details-en-capuchon-in-olive","status":"publish","type":"product","link":"https:\/\/harristweed-shop.be\/fr\/produit\/manteau-matelasse-pour-femme-perth-avec-details-en-tweed-harris-et-capuche-couleur-olive\/","title":{"rendered":"Manteau matelass\u00e9 pour femme \u2018\u00a0Perth\u00a0\u2019 avec d\u00e9tails en tweed Harris et capuche, couleur olive"},"content":{"rendered":"<p>Intemporel, fonctionnel et incroyablement l\u00e9ger \u2013 le manteau matelass\u00e9 pour femme \u201c Perth Polar \u201d avec un motif \u00e0 carreaux sportif<\/p>\n<p>Lorsque les jours raccourcissent et que les temp\u00e9ratures baissent, la doudoune \u201c\u00a0Perth Polar\u00a0\u201d pour femme, orn\u00e9e d\u2019un motif \u00e0 carreaux moderne, est la compagne id\u00e9ale. Sa construction innovante en sandwich, doubl\u00e9e d\u2019une polaire douillette, assure une chaleur agr\u00e9able. L\u00e9g\u00e8re sans \u00eatre encombrante, elle est parfaite pour les promenades automnales ou les trajets quotidiens au bureau.<\/p>\n<p>Outre son confort exceptionnel, ce manteau s\u00e9duit par sa conception ing\u00e9nieuse\u00a0: la capuche fixe \u00e0 fermeture haute prot\u00e8ge efficacement du vent et de la pluie, tandis que la fermeture \u00e9clair double sens et les longues fentes lat\u00e9rales orn\u00e9es de boutons-pression d\u00e9coratifs assurent une libert\u00e9 de mouvement optimale et un confort maximal. C\u00f4t\u00e9 design, le manteau captive par ses d\u00e9tails soign\u00e9s\u00a0: deux poches plaqu\u00e9es sur le devant, finies en velours c\u00f4tel\u00e9 fin, permettent de se r\u00e9chauffer les mains ou de ranger de petits objets du quotidien. Les empi\u00e8cements de manches en v\u00e9ritable Harris Tweed \u00e0 chevrons classiques apportent une touche d\u2019\u00e9l\u00e9gance. Ce tissu en laine robuste et quasiment indestructible est non seulement esth\u00e9tiquement plaisant, mais aussi reconnu pour son exceptionnelle durabilit\u00e9.<\/p>\n<p>Ce manteau pour femme s\u00e9duit \u00e9galement par ses deux poches int\u00e9rieures spacieuses et refermables. De plus, toutes les coutures sont soigneusement finies avec un passepoil contrastant, ce qui lui conf\u00e8re une allure moderne et une touche d&#039;\u00e9l\u00e9gance.<\/p>\n<p>\u2013 Fermeture \u00e9clair \u00e0 double sens<br \/>\u2013 Finition en velours c\u00f4tel\u00e9 sur les poches et les poignets des manches<br \/>\u2013 Capot fixe<br \/>\u2013 Doublure confortable en polaire<br \/>\u2013 Passepoil contrastant le long des coutures<br \/>\u2013 \u00c9tiquette nominative<br \/>\u2013 Fentes lat\u00e9rales avec boutons-pression d\u00e9coratifs<br \/>\u2013 Tr\u00e8s l\u00e9ger<br \/>\u2013 Deux grandes poches plaqu\u00e9es<br \/>\u2013 Deux poches int\u00e9rieures zipp\u00e9es<\/p>\n<p>Mensurations du mannequin\u00a0: Le mannequin mesure 176\u00a0cm et porte une taille\u00a036 sur la photo.<br \/>Coupe : Coupe droite et confortable.<br \/>Dimensions du produit\u00a0: Pour la taille 36, les dimensions sont les suivantes\u00a0: Tour de poitrine (demi-poitrine)\u00a0: 53\u00a0cm \u2013 Longueur de manche depuis le bonnet\u00a0: 62,5\u00a0cm \u2013 Longueur dos\u00a0: 94\u00a0cm<\/p>\n<p>Tissu ext\u00e9rieur : polyester 100%<br \/>Doublure : polyester 100% \u2013 polaire<br \/>Doublure des manches : polyester 100%<\/p>","protected":false},"excerpt":{"rendered":"<p>Manteau matelass\u00e9 pour femme \u2018 Perth \u2019 avec d\u00e9tails en Harris Tweed et capuche, couleur olive 30.<\/p>\n<p>Lorsque les jours raccourcissent et que les temp\u00e9ratures baissent, la doudoune \u201c\u00a0Perth Polar\u00a0\u201d pour femme, orn\u00e9e d\u2019un motif \u00e0 carreaux moderne, est la compagne id\u00e9ale. Sa construction innovante en sandwich, doubl\u00e9e d\u2019une polaire douillette, assure une chaleur agr\u00e9able. L\u00e9g\u00e8re sans \u00eatre encombrante, elle est parfaite pour les promenades automnales ou les trajets quotidiens au bureau.<\/p>","protected":false},"featured_media":545537,"template":"","meta":[],"product_brand":[],"product_cat":[481,1212,1089,1160,87,482,483],"product_tag":[],"class_list":{"0":"post-545502","1":"product","2":"type-product","3":"status-publish","4":"has-post-thumbnail","6":"product_cat-dames-jassen-en-jacks","7":"product_cat-harris-tweed","8":"product_cat-harris-tweed-jassen-en-jacks-dames","9":"product_cat-harris-tweed-mantel-und-jacken-fur-damen","10":"product_cat-jassen-en-jacks","11":"product_cat-mantel-und-jacken","12":"product_cat-mantel-und-jacken-fur-damen","13":"pa_merk-wellington","15":"first","16":"instock","17":"taxable","18":"shipping-taxable","19":"purchasable","20":"product-type-variable"},"df_price":249.95,"df_sale_price":"","df_regular_price":249.95,"df_image_link":"https:\/\/harristweed-shop.be\/wp-content\/uploads\/2026\/03\/e98246c9b9ac6cc486d343dccdbe0f47_Dames_Steppmantel__Perth__Met_Harris_Tweed_Details_en_Capuchon_In_Olive-225x300.jpeg","_links":{"self":[{"href":"https:\/\/harristweed-shop.be\/fr\/wp-json\/wp\/v2\/product\/545502","targetHints":{"allow":["GET"]}}],"collection":[{"href":"https:\/\/harristweed-shop.be\/fr\/wp-json\/wp\/v2\/product"}],"about":[{"href":"https:\/\/harristweed-shop.be\/fr\/wp-json\/wp\/v2\/types\/product"}],"wp:featuredmedia":[{"embeddable":true,"href":"https:\/\/harristweed-shop.be\/fr\/wp-json\/wp\/v2\/media\/545537"}],"wp:attachment":[{"href":"https:\/\/harristweed-shop.be\/fr\/wp-json\/wp\/v2\/media?parent=545502"}],"wp:term":[{"taxonomy":"product_brand","embeddable":true,"href":"https:\/\/harristweed-shop.be\/fr\/wp-json\/wp\/v2\/product_brand?post=545502"},{"taxonomy":"product_cat","embeddable":true,"href":"https:\/\/harristweed-shop.be\/fr\/wp-json\/wp\/v2\/product_cat?post=545502"},{"taxonomy":"product_tag","embeddable":true,"href":"https:\/\/harristweed-shop.be\/fr\/wp-json\/wp\/v2\/product_tag?post=545502"}],"curies":[{"name":"wp","href":"https:\/\/api.w.org\/{rel}","templated":true}]}}