{"id":545466,"date":"2026-03-17T13:37:32","date_gmt":"2026-03-17T13:37:32","guid":{"rendered":"https:\/\/harristweed-shop.be\/product\/harris-tweed-landscape-cosmetic-bag-lichen-green\/"},"modified":"2026-04-07T04:10:37","modified_gmt":"2026-04-07T04:10:37","slug":"harris-tweed-landscape-cosmetic-bag-lichen-green","status":"publish","type":"product","link":"https:\/\/harristweed-shop.be\/fr\/produit\/trousse-de-toilette-harris-tweed-a-motif-paysage-vert-lichen\/","title":{"rendered":"Trousse de toilette Harris Tweed Paysage Vert Lichen"},"content":{"rendered":"<p>Apportez la beaut\u00e9 des saisons \u00e9cossaises \u00e0 votre quotidien avec notre trousse de toilette Paysage. Un cadeau \u00e9co-responsable id\u00e9al pour vos proches, alliant style et t\u00e9moignage d&#039;un savoir-faire artisanal respectueux de l&#039;environnement \u2013 issue de notre collection Paysage.<\/p>\n<p>Confectionn\u00e9 \u00e0 la main dans notre Harris Tweed\u00ae contemporain exclusif \u00e0 motif chevrons, ce sac arbore un design \u00e9l\u00e9gant. Sa base en tweed gris r\u00e9sistant et sa doublure imperm\u00e9able et lavable le prot\u00e8gent des taches. Fruit d&#039;une collaboration avec un tisserand, ce tweed unique capture les couleurs des paysages \u00e9cossais dans un tissu r\u00e9put\u00e9 pour sa beaut\u00e9 et sa durabilit\u00e9.<\/p>\n<p>Sp\u00e9cifications et mat\u00e9riaux du produit\u00a0:<\/p>\n<p>Dimensions : 21 cm x 11 cm x 5 cm.<\/p>\n<p>Mati\u00e8res : Tweed Harris\u00ae tiss\u00e9 \u00e0 la main<\/p>\n<p>Fermeture \u00e9clair recycl\u00e9e<\/p>\n<p>\u00c9tiquettes tiss\u00e9es recycl\u00e9es<\/p>\n<p>Fil de polyester fabriqu\u00e9 \u00e0 partir de bouteilles en plastique recycl\u00e9es 100%.<\/p>\n<\/p>\n<p>Avec ce petit portefeuille, vous affirmez un style \u00e9co-responsable et \u00e9l\u00e9gant.<\/p>\n<p>Notre Harris Tweed\u00ae est confectionn\u00e9 en pure laine vierge, il est donc pr\u00e9f\u00e9rable de le laver le moins souvent possible. Si l&#039;on vous demande comment laver votre accessoire, notre meilleure r\u00e9ponse est simple\u00a0: ce n&#039;est g\u00e9n\u00e9ralement pas n\u00e9cessaire. La laine poss\u00e8de naturellement des propri\u00e9t\u00e9s antibact\u00e9riennes et anti-odeurs, rendant le lavage superflu. Laissez simplement votre article en laine s\u00e9cher \u00e0 l&#039;air libre ou d\u00e9froissez-le l\u00e9g\u00e8rement \u00e0 la vapeur (ne repassez pas, utilisez simplement la vapeur). Au besoin, vous pouvez \u00e9galement utiliser une brosse douce pour enlever la poussi\u00e8re et les salet\u00e9s qui peuvent alt\u00e9rer l&#039;aspect des tissus en laine. <br \/>Si vous pr\u00e9f\u00e9rez laver vos accessoires en tweed, veuillez suivre les instructions de lavage ci-dessous.<\/p>\n<p>Instructions de lavage pour les accessoires Harris Tweed\u00ae\u00a0:<\/p>\n<p>\u2013 Lavage \u00e0 la main \u00e0 l\u2019eau froide et propre, maximum 30 degr\u00e9s.<br \/>\u2013 Nous recommandons l&#039;utilisation d&#039;une lessive liquide pour laine ou d&#039;un bon shampoing\/apr\u00e8s-shampoing 2 en 1.<br \/>\u2013 N\u2019utilisez jamais de lessive en poudre.<br \/>\u2013 Massez d\u00e9licatement une petite quantit\u00e9 de lessive sur le v\u00eatement. Ne tordez pas, ne frottez pas et n\u2019\u00e9tirez pas le v\u00eatement pendant le lavage.<br \/>\u2013 Rincez le v\u00eatement \u00e0 l&#039;eau claire.<br \/>\u2013 Ne soulevez pas le v\u00eatement, car le tissu mouill\u00e9 est plus lourd et s&#039;\u00e9tire.<br \/>\u2013 Enroulez d\u00e9licatement le v\u00eatement dans une serviette pour en extraire l&#039;exc\u00e9dent d&#039;eau.<br \/>\u2013 \u00c9talez le v\u00eatement \u00e0 plat sur une serviette et donnez-lui sa forme.<br \/>\u2013 Laissez le v\u00eatement s\u00e9cher \u00e0 l&#039;air libre, \u00e0 l&#039;abri des sources de chaleur directe et de la lumi\u00e8re du soleil.<br \/>\u2013 Piquez d\u00e9licatement le v\u00eatement avec un fer \u00e0 vapeur.<\/p>","protected":false},"excerpt":{"rendered":"<p>Trousse de toilette Harris Tweed Paysage Vert Lichen.<\/p>\n<p>Cet article est un cadeau durable id\u00e9al pour les amis et la famille, alliant style et un r\u00e9cit fort sur l&#039;artisanat \u00e9co-responsable \u2013 il fait partie de notre collection Paysage.<\/p>","protected":false},"featured_media":545467,"template":"","meta":[],"product_brand":[],"product_cat":[1212,1240,1162,1138,1152,1200,1221,901,808,1183],"product_tag":[],"class_list":{"0":"post-545466","1":"product","2":"type-product","3":"status-publish","4":"has-post-thumbnail","6":"product_cat-harris-tweed","7":"product_cat-harris-tweed-kulturbeutel","8":"product_cat-harris-tweed-taschen","9":"product_cat-harris-tweed-tassen","10":"product_cat-harris-tweed-toilettassen","11":"product_cat-kulturbeutel","12":"product_cat-tas-harris-tweed","13":"product_cat-taschen","14":"product_cat-tassen","15":"product_cat-toilettas","16":"pa_merk-harristweed","18":"first","19":"instock","20":"taxable","21":"shipping-taxable","22":"purchasable","23":"product-type-simple"},"df_price":39.95,"df_sale_price":"","df_regular_price":39.95,"df_image_link":"https:\/\/harristweed-shop.be\/wp-content\/uploads\/2026\/03\/7b969a31919ad8a5782a085b03489252_Harris_Tweed_Landscape_Cosmetic_Bag_Lichen_Green-300x300.jpeg","_links":{"self":[{"href":"https:\/\/harristweed-shop.be\/fr\/wp-json\/wp\/v2\/product\/545466","targetHints":{"allow":["GET"]}}],"collection":[{"href":"https:\/\/harristweed-shop.be\/fr\/wp-json\/wp\/v2\/product"}],"about":[{"href":"https:\/\/harristweed-shop.be\/fr\/wp-json\/wp\/v2\/types\/product"}],"wp:featuredmedia":[{"embeddable":true,"href":"https:\/\/harristweed-shop.be\/fr\/wp-json\/wp\/v2\/media\/545467"}],"wp:attachment":[{"href":"https:\/\/harristweed-shop.be\/fr\/wp-json\/wp\/v2\/media?parent=545466"}],"wp:term":[{"taxonomy":"product_brand","embeddable":true,"href":"https:\/\/harristweed-shop.be\/fr\/wp-json\/wp\/v2\/product_brand?post=545466"},{"taxonomy":"product_cat","embeddable":true,"href":"https:\/\/harristweed-shop.be\/fr\/wp-json\/wp\/v2\/product_cat?post=545466"},{"taxonomy":"product_tag","embeddable":true,"href":"https:\/\/harristweed-shop.be\/fr\/wp-json\/wp\/v2\/product_tag?post=545466"}],"curies":[{"name":"wp","href":"https:\/\/api.w.org\/{rel}","templated":true}]}}