{"id":545458,"date":"2026-03-17T13:36:41","date_gmt":"2026-03-17T13:36:41","guid":{"rendered":"https:\/\/harristweed-shop.be\/product\/harris-tweed-highland-range-cosmetic-bag-red-plaid\/"},"modified":"2026-04-07T04:25:16","modified_gmt":"2026-04-07T04:25:16","slug":"harris-tweed-highland-range-cosmetic-bag-red-plaid","status":"publish","type":"product","link":"https:\/\/harristweed-shop.be\/fr\/produit\/trousse-de-toilette-harris-tweed-highland-range-a-carreaux-rouges\/","title":{"rendered":"Trousse de toilette Harris Tweed Highland Range \u00e0 carreaux rouges"},"content":{"rendered":"<p>La charmante trousse de maquillage en Harris Tweed : une touche d&#039;\u00c9cosse, confectionn\u00e9e de mani\u00e8re durable<\/p>\n<p>D\u00e9couvrez l&#039;\u00e9l\u00e9gance des Highlands \u00e9cossaises avec notre magnifique trousse de maquillage en Harris Tweed. Issue de notre collection Highland, cette trousse allie avec charme le patrimoine \u00e9cossais traditionnel et le d\u00e9veloppement durable. Un petit tr\u00e9sor id\u00e9al pour se faire plaisir ou offrir un cadeau unique et touchant \u00e0 une personne ch\u00e8re.<\/p>\n<p>Con\u00e7us avec soin et inspir\u00e9s par la nature, chez Britton SCOTLAND, nous mettons tout notre c\u0153ur dans chaque pi\u00e8ce, afin que \u201c chaque produit raconte une histoire \u201d.<\/p>\n<p>Cette charmante trousse de maquillage est fabriqu\u00e9e \u00e0 la main par notre \u00e9quipe \u00e0 partir d&#039;authentique Harris Tweed\u00ae tiss\u00e9 \u00e0 la main.<\/p>\n<p>Le devant pr\u00e9sente un motif Harris Tweed classique d\u00e9clin\u00e9 dans une gamme de magnifiques couleurs, et le dos un Harris Tweed gris assorti.<\/p>\n<p>Chaque trousse de maquillage est fabriqu\u00e9e avec des fermetures \u00e9clair et des \u00e9tiquettes tiss\u00e9es recycl\u00e9es, ainsi qu&#039;avec du fil de polyester issu de bouteilles en plastique recycl\u00e9es 100%.<\/p>\n<p>C&#039;est une fa\u00e7on fantastique d&#039;organiser ses affaires du quotidien tout en ajoutant une touche de charme \u00e9cossais \u00e0 votre journ\u00e9e.<\/p>\n<\/p>\n<p>Sp\u00e9cifications et mat\u00e9riaux du produit\u00a0:<\/p>\n<p>\u2022 Dimensions : 21 cm x 11 cm x 5 cm.<\/p>\n<p>\u2022 Mati\u00e8res : Harris Tweed\u00ae tiss\u00e9 \u00e0 la main (motif classique sur le devant, gris assorti au dos),<\/p>\n<p>\u2022 Fermetures \u00e9clair recycl\u00e9es,<\/p>\n<p>\u2022 \u00c9tiquettes tiss\u00e9es fabriqu\u00e9es \u00e0 partir de mat\u00e9riaux recycl\u00e9s,<\/p>\n<p>\u2022 Fil de polyester fabriqu\u00e9 \u00e0 partir de bouteilles en plastique recycl\u00e9es 100%.<\/p>\n<\/p>\n<p>Avec ce petit portefeuille, vous affirmez un style \u00e9co-responsable et \u00e9l\u00e9gant.<\/p>\n<p>Notre Harris Tweed\u00ae est confectionn\u00e9 en pure laine vierge, il est donc pr\u00e9f\u00e9rable de le laver le moins souvent possible. Si l&#039;on vous demande comment laver votre accessoire, notre meilleure r\u00e9ponse est simple\u00a0: ce n&#039;est g\u00e9n\u00e9ralement pas n\u00e9cessaire. La laine poss\u00e8de naturellement des propri\u00e9t\u00e9s antibact\u00e9riennes et anti-odeurs, rendant le lavage superflu. Laissez simplement votre article en laine s\u00e9cher \u00e0 l&#039;air libre ou d\u00e9froissez-le l\u00e9g\u00e8rement \u00e0 la vapeur (ne repassez pas, utilisez simplement la vapeur). Au besoin, vous pouvez \u00e9galement utiliser une brosse douce pour enlever la poussi\u00e8re et les salet\u00e9s qui peuvent alt\u00e9rer l&#039;aspect des tissus en laine. <br \/>Si vous pr\u00e9f\u00e9rez laver vos accessoires en tweed, veuillez suivre les instructions de lavage ci-dessous.<\/p>\n<p>Instructions de lavage pour les accessoires Harris Tweed\u00ae\u00a0:<\/p>\n<p>\u2013 Lavage \u00e0 la main \u00e0 l\u2019eau froide et propre, maximum 30 degr\u00e9s.<br \/>\u2013 Nous recommandons l&#039;utilisation d&#039;une lessive liquide pour laine ou d&#039;un bon shampoing\/apr\u00e8s-shampoing 2 en 1.<br \/>\u2013 N\u2019utilisez jamais de lessive en poudre.<br \/>\u2013 Massez d\u00e9licatement une petite quantit\u00e9 de lessive sur le v\u00eatement. Ne tordez pas, ne frottez pas et n\u2019\u00e9tirez pas le v\u00eatement pendant le lavage.<br \/>\u2013 Rincez le v\u00eatement \u00e0 l&#039;eau claire.<br \/>\u2013 Ne soulevez pas le v\u00eatement, car le tissu mouill\u00e9 est plus lourd et s&#039;\u00e9tire.<br \/>\u2013 Enroulez d\u00e9licatement le v\u00eatement dans une serviette pour en extraire l&#039;exc\u00e9dent d&#039;eau.<br \/>\u2013 \u00c9talez le v\u00eatement \u00e0 plat sur une serviette et donnez-lui sa forme.<br \/>\u2013 Laissez le v\u00eatement s\u00e9cher \u00e0 l&#039;air libre, \u00e0 l&#039;abri des sources de chaleur directe et de la lumi\u00e8re du soleil.<br \/>\u2013 Piquez d\u00e9licatement le v\u00eatement avec un fer \u00e0 vapeur.<\/p>","protected":false},"excerpt":{"rendered":"<p>Trousse de toilette Harris Tweed Highland Range \u00e0 carreaux rouges.<\/p>\n<p>D\u00e9couvrez l&#039;\u00e9l\u00e9gance des Highlands \u00e9cossaises avec notre magnifique trousse de maquillage Harris Tweed Highland. Issue de notre collection Highland, cette trousse allie avec charme le patrimoine \u00e9cossais traditionnel et le d\u00e9veloppement durable. <\/p>","protected":false},"featured_media":545459,"template":"","meta":[],"product_brand":[],"product_cat":[1212,1240,1162,1138,1152,1200,1221,901,808,1183],"product_tag":[],"class_list":{"0":"post-545458","1":"product","2":"type-product","3":"status-publish","4":"has-post-thumbnail","6":"product_cat-harris-tweed","7":"product_cat-harris-tweed-kulturbeutel","8":"product_cat-harris-tweed-taschen","9":"product_cat-harris-tweed-tassen","10":"product_cat-harris-tweed-toilettassen","11":"product_cat-kulturbeutel","12":"product_cat-tas-harris-tweed","13":"product_cat-taschen","14":"product_cat-tassen","15":"product_cat-toilettas","16":"pa_merk-harristweed","18":"first","19":"instock","20":"taxable","21":"shipping-taxable","22":"purchasable","23":"product-type-simple"},"df_price":39.95,"df_sale_price":"","df_regular_price":39.95,"df_image_link":"https:\/\/harristweed-shop.be\/wp-content\/uploads\/2026\/03\/6c60286fc22ca26e0867c410655958c1_Harris_Tweed_Highland_Range_Cosmetic_Bag_Red_Plaid-300x300.jpeg","_links":{"self":[{"href":"https:\/\/harristweed-shop.be\/fr\/wp-json\/wp\/v2\/product\/545458","targetHints":{"allow":["GET"]}}],"collection":[{"href":"https:\/\/harristweed-shop.be\/fr\/wp-json\/wp\/v2\/product"}],"about":[{"href":"https:\/\/harristweed-shop.be\/fr\/wp-json\/wp\/v2\/types\/product"}],"wp:featuredmedia":[{"embeddable":true,"href":"https:\/\/harristweed-shop.be\/fr\/wp-json\/wp\/v2\/media\/545459"}],"wp:attachment":[{"href":"https:\/\/harristweed-shop.be\/fr\/wp-json\/wp\/v2\/media?parent=545458"}],"wp:term":[{"taxonomy":"product_brand","embeddable":true,"href":"https:\/\/harristweed-shop.be\/fr\/wp-json\/wp\/v2\/product_brand?post=545458"},{"taxonomy":"product_cat","embeddable":true,"href":"https:\/\/harristweed-shop.be\/fr\/wp-json\/wp\/v2\/product_cat?post=545458"},{"taxonomy":"product_tag","embeddable":true,"href":"https:\/\/harristweed-shop.be\/fr\/wp-json\/wp\/v2\/product_tag?post=545458"}],"curies":[{"name":"wp","href":"https:\/\/api.w.org\/{rel}","templated":true}]}}