{"id":545430,"date":"2026-03-17T13:36:23","date_gmt":"2026-03-17T13:36:23","guid":{"rendered":"https:\/\/harristweed-shop.be\/product\/harris-tweed-landscape-slim-pencil-case-heather-purple\/"},"modified":"2026-04-07T04:25:17","modified_gmt":"2026-04-07T04:25:17","slug":"harris-tweed-landscape-slim-pencil-case-heather-purple","status":"publish","type":"product","link":"https:\/\/harristweed-shop.be\/fr\/produit\/trousse-a-crayons-fine-en-tweed-harris-motif-paysage-violet-chine\/","title":{"rendered":"Trousse fine Harris Tweed Paysage Violet chin\u00e9"},"content":{"rendered":"<p>Trousse \u00e0 crayons fine en tweed Harris Tweed, motif paysage<\/p>\n<p>Apportez une touche \u00e9cossaise \u00e0 votre bureau avec la trousse fine Landscape, un cadeau \u00e9l\u00e9gant et durable pour les \u00e9tudiants, les artistes et tous les amateurs de belle papeterie. Un choix responsable qui allie fonctionnalit\u00e9 au quotidien et design \u00e9cologique.<\/p>\n<p>Cette pochette est confectionn\u00e9e \u00e0 la main dans notre tissu exclusif et contemporain Harris Tweed\u00ae \u00e0 chevrons, une \u00e9toffe r\u00e9sistante et durable que nous avons d\u00e9velopp\u00e9e en collaboration avec un tisserand pour refl\u00e9ter le cycle des saisons en \u00c9cosse. Son \u00e9l\u00e9gance intemporelle en fera un accessoire pr\u00e9cieux pour de nombreuses ann\u00e9es.<\/p>\n<p>Notre engagement en faveur du d\u00e9veloppement durable se refl\u00e8te dans chaque d\u00e9tail de cette trousse, et avec ses dimensions de 21,5 cm x 4,5 cm x 6 cm, elle est de la taille id\u00e9ale pour les stylos, les crayons, la papeterie ou m\u00eame les pinceaux de maquillage.<\/p>\n<p>Pourquoi ne pas l&#039;assortir \u00e0 un \u00e9tui \u00e0 lunettes assorti ?<\/p>\n<p>Sp\u00e9cifications et mat\u00e9riaux du produit\u00a0:<\/p>\n<p>Dimensions : 21,5 cm x 4,5 cm x 6 cm<\/p>\n<p>Mati\u00e8res : Tweed Harris\u00ae tiss\u00e9 \u00e0 la main<\/p>\n<p>Fermetures \u00e9clair fabriqu\u00e9es \u00e0 partir de mat\u00e9riaux recycl\u00e9s<\/p>\n<p>\u00c9tiquettes fabriqu\u00e9es \u00e0 partir de mat\u00e9riaux recycl\u00e9s<\/p>\n<p>Fil de polyester fabriqu\u00e9 \u00e0 partir de bouteilles en plastique recycl\u00e9es 100%<\/p>\n<p>Choisissez un cadeau qui raconte une histoire de savoir-faire m\u00e9ticuleux, de qualit\u00e9 durable et d&#039;amour pour la plan\u00e8te.<\/p>\n<\/p>\n<p>Notre Harris Tweed\u00ae est confectionn\u00e9 en pure laine vierge, il est donc pr\u00e9f\u00e9rable de le laver le moins souvent possible. Si l&#039;on vous demande comment laver votre accessoire, notre meilleure r\u00e9ponse est simple\u00a0: ce n&#039;est g\u00e9n\u00e9ralement pas n\u00e9cessaire. La laine poss\u00e8de naturellement des propri\u00e9t\u00e9s antibact\u00e9riennes et anti-odeurs, rendant le lavage superflu. Laissez simplement votre article en laine s\u00e9cher \u00e0 l&#039;air libre ou d\u00e9froissez-le l\u00e9g\u00e8rement \u00e0 la vapeur (ne repassez pas, utilisez simplement la vapeur). Au besoin, vous pouvez \u00e9galement utiliser une brosse douce pour enlever la poussi\u00e8re et les salet\u00e9s qui peuvent alt\u00e9rer l&#039;aspect des tissus en laine. <br \/>Si vous pr\u00e9f\u00e9rez laver vos accessoires en tweed, veuillez suivre les instructions de lavage ci-dessous.<\/p>\n<p>Instructions de lavage pour les accessoires Harris Tweed\u00ae\u00a0:<\/p>\n<p>\u2013 Lavage \u00e0 la main \u00e0 l\u2019eau froide et propre, maximum 30 degr\u00e9s.<br \/>\u2013 Nous recommandons l&#039;utilisation d&#039;une lessive liquide pour laine ou d&#039;un bon shampoing\/apr\u00e8s-shampoing 2 en 1.<br \/>\u2013 N\u2019utilisez jamais de lessive en poudre.<br \/>\u2013 Massez d\u00e9licatement une petite quantit\u00e9 de lessive sur le v\u00eatement. Ne tordez pas, ne frottez pas et n\u2019\u00e9tirez pas le v\u00eatement pendant le lavage.<br \/>\u2013 Rincez le v\u00eatement \u00e0 l&#039;eau claire.<br \/>\u2013 Ne soulevez pas le v\u00eatement, car le tissu mouill\u00e9 est plus lourd et s&#039;\u00e9tire.<br \/>\u2013 Enroulez d\u00e9licatement le v\u00eatement dans une serviette pour en extraire l&#039;exc\u00e9dent d&#039;eau.<br \/>\u2013 \u00c9talez le v\u00eatement \u00e0 plat sur une serviette et donnez-lui sa forme.<br \/>\u2013 Laissez le v\u00eatement s\u00e9cher \u00e0 l&#039;air libre, \u00e0 l&#039;abri des sources de chaleur directe et de la lumi\u00e8re du soleil.<br \/>\u2013 Piquez d\u00e9licatement le v\u00eatement avec un fer \u00e0 vapeur.<\/p>","protected":false},"excerpt":{"rendered":"<p>Trousse \u00e0 crayons fine Harris Tweed Landscape, violet chin\u00e9.<\/p>\n<p>Apportez une touche de nature \u00e9cossaise \u00e0 votre bureau avec la trousse fine Landscape, un cadeau \u00e9l\u00e9gant et durable pour les \u00e9tudiants, les artistes ou toute personne qui aime la belle papeterie.<\/p>","protected":false},"featured_media":545431,"template":"","meta":[],"product_brand":[],"product_cat":[1212,1250,1251,1162,1138],"product_tag":[],"class_list":{"0":"post-545430","1":"product","2":"type-product","3":"status-publish","4":"has-post-thumbnail","6":"product_cat-harris-tweed","7":"product_cat-harris-tweed-pennen-etuis","8":"product_cat-harris-tweed-stiftetui","9":"product_cat-harris-tweed-taschen","10":"product_cat-harris-tweed-tassen","11":"pa_merk-harristweed","13":"first","14":"instock","15":"taxable","16":"shipping-taxable","17":"purchasable","18":"product-type-simple"},"df_price":32.95,"df_sale_price":"","df_regular_price":32.95,"df_image_link":"https:\/\/harristweed-shop.be\/wp-content\/uploads\/2026\/03\/c0f1fd870cebaf055478c4eb8699728c_Harris_Tweed_Landscape_Slim_Pencil_Case_Heather_Purple-300x300.jpeg","_links":{"self":[{"href":"https:\/\/harristweed-shop.be\/fr\/wp-json\/wp\/v2\/product\/545430","targetHints":{"allow":["GET"]}}],"collection":[{"href":"https:\/\/harristweed-shop.be\/fr\/wp-json\/wp\/v2\/product"}],"about":[{"href":"https:\/\/harristweed-shop.be\/fr\/wp-json\/wp\/v2\/types\/product"}],"wp:featuredmedia":[{"embeddable":true,"href":"https:\/\/harristweed-shop.be\/fr\/wp-json\/wp\/v2\/media\/545431"}],"wp:attachment":[{"href":"https:\/\/harristweed-shop.be\/fr\/wp-json\/wp\/v2\/media?parent=545430"}],"wp:term":[{"taxonomy":"product_brand","embeddable":true,"href":"https:\/\/harristweed-shop.be\/fr\/wp-json\/wp\/v2\/product_brand?post=545430"},{"taxonomy":"product_cat","embeddable":true,"href":"https:\/\/harristweed-shop.be\/fr\/wp-json\/wp\/v2\/product_cat?post=545430"},{"taxonomy":"product_tag","embeddable":true,"href":"https:\/\/harristweed-shop.be\/fr\/wp-json\/wp\/v2\/product_tag?post=545430"}],"curies":[{"name":"wp","href":"https:\/\/api.w.org\/{rel}","templated":true}]}}