{"id":545425,"date":"2026-03-17T13:35:48","date_gmt":"2026-03-17T13:35:48","guid":{"rendered":"https:\/\/harristweed-shop.be\/product\/harris-tweed-highland-range-slim-pencil-case-red-plaid\/"},"modified":"2026-04-07T04:40:21","modified_gmt":"2026-04-07T04:40:21","slug":"harris-tweed-highland-range-slim-pencil-case-red-plaid","status":"publish","type":"product","link":"https:\/\/harristweed-shop.be\/fr\/produit\/trousse-fine-harris-tweed-highland-range-a-carreaux-rouges\/","title":{"rendered":"Trousse fine Harris Tweed Highland Range \u00e0 carreaux rouges"},"content":{"rendered":"<p>La pochette fine en Harris Tweed, \u00e0 la fois chic et r\u00e9sistante : l&#039;alliance parfaite de la fonctionnalit\u00e9 et du style.<\/p>\n<p>Apportez une touche d&#039;\u00c9cosse \u00e0 vos essentiels du quotidien avec notre magnifique pochette fine Harris Tweed Highland Range.<\/p>\n<p>Cet accessoire classique est con\u00e7u pour les clients qui appr\u00e9cient \u00e0 la fois l&#039;esth\u00e9tique et l&#039;\u00e9thique, et allie parfaitement fonctionnalit\u00e9 et beaut\u00e9 immacul\u00e9e des paysages \u00e9cossais.<\/p>\n<p>C&#039;est un cadeau id\u00e9al pour soi-m\u00eame, ou un pr\u00e9sent attentionn\u00e9 et pratique pour les \u00e9tudiants, les artistes ou toute personne qui aime la belle papeterie.<\/p>\n<p>Chez Britton SCOTLAND, nous pensons que \u201c chaque produit raconte une histoire \u201d, et cet exemple en dit long sur la qualit\u00e9 et le soin apport\u00e9s \u00e0 sa fabrication.<\/p>\n<p>Confectionn\u00e9es artisanalement avec soin \u00e0 partir de Harris Tweed\u00ae classique tiss\u00e9 \u00e0 la main, nos pochettes t\u00e9moignent de notre engagement en faveur du d\u00e9veloppement durable. Elles sont dot\u00e9es de fermetures \u00e9clair recycl\u00e9es, d&#039;\u00e9tiquettes en papier issues de gobelets \u00e0 caf\u00e9 recycl\u00e9s et de fil de polyester fabriqu\u00e9 \u00e0 partir de bouteilles en plastique recycl\u00e9es 100%.<\/p>\n<p>En choisissant cet article unique, vous soutenez un artisanat responsable et contribuez \u00e0 un avenir plus vert.<\/p>\n<p>Cet \u00e9tui fin est id\u00e9al pour ranger soigneusement stylos, crayons, autres fournitures scolaires ou m\u00eame maquillage. Gr\u00e2ce \u00e0 sa conception compacte et fonctionnelle, il se glisse facilement dans un sac \u00e0 main, un sac \u00e0 dos, une voiture ou un tiroir de bureau, vous permettant de garder vos essentiels organis\u00e9s et \u00e0 port\u00e9e de main.<\/p>\n<p>Sp\u00e9cifications et mat\u00e9riaux du produit\u00a0:<\/p>\n<p>\u2022 Dimensions : 21,5 cm de long x 4,5 cm de haut x 6 cm de large.<\/p>\n<p>\u2022 Mat\u00e9riaux : Harris Tweed\u00ae tiss\u00e9 \u00e0 la main, fermetures \u00e9clair recycl\u00e9es, \u00e9tiquettes tiss\u00e9es recycl\u00e9es, fil de polyester fabriqu\u00e9 \u00e0 partir de bouteilles en plastique recycl\u00e9es 100%.<\/p>\n<\/p>\n<p>Notre Harris Tweed\u00ae est confectionn\u00e9 en pure laine vierge, il est donc pr\u00e9f\u00e9rable de le laver le moins souvent possible. Si l&#039;on vous demande comment laver votre accessoire, notre meilleure r\u00e9ponse est simple\u00a0: ce n&#039;est g\u00e9n\u00e9ralement pas n\u00e9cessaire. La laine poss\u00e8de naturellement des propri\u00e9t\u00e9s antibact\u00e9riennes et anti-odeurs, rendant le lavage superflu. Laissez simplement votre article en laine s\u00e9cher \u00e0 l&#039;air libre ou d\u00e9froissez-le l\u00e9g\u00e8rement \u00e0 la vapeur (ne repassez pas, utilisez simplement la vapeur). Au besoin, vous pouvez \u00e9galement utiliser une brosse douce pour enlever la poussi\u00e8re et les salet\u00e9s qui peuvent alt\u00e9rer l&#039;aspect des tissus en laine. <br \/>Si vous pr\u00e9f\u00e9rez laver vos accessoires en tweed, veuillez suivre les instructions de lavage ci-dessous.<\/p>\n<p>Instructions de lavage pour les accessoires Harris Tweed\u00ae\u00a0:<\/p>\n<p>\u2013 Lavage \u00e0 la main \u00e0 l\u2019eau froide et propre, maximum 30 degr\u00e9s.<br \/>\u2013 Nous recommandons l&#039;utilisation d&#039;une lessive liquide pour laine ou d&#039;un bon shampoing\/apr\u00e8s-shampoing 2 en 1.<br \/>\u2013 N\u2019utilisez jamais de lessive en poudre.<br \/>\u2013 Massez d\u00e9licatement une petite quantit\u00e9 de lessive sur le v\u00eatement. Ne tordez pas, ne frottez pas et n\u2019\u00e9tirez pas le v\u00eatement pendant le lavage.<br \/>\u2013 Rincez le v\u00eatement \u00e0 l&#039;eau claire.<br \/>\u2013 Ne soulevez pas le v\u00eatement, car le tissu mouill\u00e9 est plus lourd et s&#039;\u00e9tire.<br \/>\u2013 Enroulez d\u00e9licatement le v\u00eatement dans une serviette pour en extraire l&#039;exc\u00e9dent d&#039;eau.<br \/>\u2013 \u00c9talez le v\u00eatement \u00e0 plat sur une serviette et donnez-lui sa forme.<br \/>\u2013 Laissez le v\u00eatement s\u00e9cher \u00e0 l&#039;air libre, \u00e0 l&#039;abri des sources de chaleur directe et de la lumi\u00e8re du soleil.<br \/>\u2013 Piquez d\u00e9licatement le v\u00eatement avec un fer \u00e0 vapeur.<\/p>","protected":false},"excerpt":{"rendered":"<p>Trousse \u00e0 crayons fine Harris Tweed Highland Range \u00e0 carreaux rouges.<\/p>\n<p>Cet accessoire classique est con\u00e7u pour les clients qui appr\u00e9cient \u00e0 la fois l&#039;esth\u00e9tique et l&#039;\u00e9thique, et allie parfaitement fonctionnalit\u00e9 et beaut\u00e9 immacul\u00e9e des paysages \u00e9cossais.<\/p>","protected":false},"featured_media":545426,"template":"","meta":[],"product_brand":[],"product_cat":[1212,1250,1251,1162,1138],"product_tag":[],"class_list":{"0":"post-545425","1":"product","2":"type-product","3":"status-publish","4":"has-post-thumbnail","6":"product_cat-harris-tweed","7":"product_cat-harris-tweed-pennen-etuis","8":"product_cat-harris-tweed-stiftetui","9":"product_cat-harris-tweed-taschen","10":"product_cat-harris-tweed-tassen","11":"pa_merk-harristweed","13":"first","14":"instock","15":"taxable","16":"shipping-taxable","17":"purchasable","18":"product-type-simple"},"df_price":32.95,"df_sale_price":"","df_regular_price":32.95,"df_image_link":"https:\/\/harristweed-shop.be\/wp-content\/uploads\/2026\/03\/5e5c6091861c44f84e92ed1f8e511a00_Harris_Tweed_Highland_Range_Slim_Pencil_Case_Red_Plaid-300x300.jpeg","_links":{"self":[{"href":"https:\/\/harristweed-shop.be\/fr\/wp-json\/wp\/v2\/product\/545425","targetHints":{"allow":["GET"]}}],"collection":[{"href":"https:\/\/harristweed-shop.be\/fr\/wp-json\/wp\/v2\/product"}],"about":[{"href":"https:\/\/harristweed-shop.be\/fr\/wp-json\/wp\/v2\/types\/product"}],"wp:featuredmedia":[{"embeddable":true,"href":"https:\/\/harristweed-shop.be\/fr\/wp-json\/wp\/v2\/media\/545426"}],"wp:attachment":[{"href":"https:\/\/harristweed-shop.be\/fr\/wp-json\/wp\/v2\/media?parent=545425"}],"wp:term":[{"taxonomy":"product_brand","embeddable":true,"href":"https:\/\/harristweed-shop.be\/fr\/wp-json\/wp\/v2\/product_brand?post=545425"},{"taxonomy":"product_cat","embeddable":true,"href":"https:\/\/harristweed-shop.be\/fr\/wp-json\/wp\/v2\/product_cat?post=545425"},{"taxonomy":"product_tag","embeddable":true,"href":"https:\/\/harristweed-shop.be\/fr\/wp-json\/wp\/v2\/product_tag?post=545425"}],"curies":[{"name":"wp","href":"https:\/\/api.w.org\/{rel}","templated":true}]}}