{"id":545392,"date":"2026-03-17T13:35:19","date_gmt":"2026-03-17T13:35:19","guid":{"rendered":"https:\/\/harristweed-shop.be\/product\/harris-tweed-highland-card-purse-pink-lavender-plaid\/"},"modified":"2026-04-07T04:55:44","modified_gmt":"2026-04-07T04:55:44","slug":"harris-tweed-highland-card-purse-pink-lavender-plaid","status":"publish","type":"product","link":"https:\/\/harristweed-shop.be\/fr\/produit\/porte-cartes-harris-tweed-highland-rose-a-carreaux-lavande\/","title":{"rendered":"Porte-cartes Harris Tweed Highland \u00e0 carreaux roses et lavande"},"content":{"rendered":"<p>Au c\u0153ur de notre collection Highland se trouve une histoire de tradition, de savoir-faire et de durabilit\u00e9. Inspir\u00e9e par la beaut\u00e9 immacul\u00e9e des Highlands \u00e9cossaises, chaque pi\u00e8ce est confectionn\u00e9e en Harris Tweed\u00ae tiss\u00e9 \u00e0 la main \u2013 un tissu classique sur le devant et d&#039;une nuance de gris harmonieuse au dos. Plus qu&#039;un simple tissu, c&#039;est un morceau du patrimoine naturel \u00e9cossais, tiss\u00e9 pour cr\u00e9er un objet \u00e0 la fois fonctionnel et esth\u00e9tique au quotidien.\n<\/p>\n<p>\nChaque produit que nous fabriquons raconte une histoire, du premier fil \u00e0 la derni\u00e8re couture. Ce petit portefeuille est confectionn\u00e9 \u00e0 la main avec soin et est dot\u00e9 de fermetures \u00e9clair recycl\u00e9es et d&#039;\u00e9tiquettes tiss\u00e9es. Nous croyons aux choix responsables\u00a0: c&#039;est pourquoi nos \u00e9tiquettes en papier sont fabriqu\u00e9es \u00e0 partir de gobelets \u00e0 caf\u00e9 recycl\u00e9s et le fil de polyester est issu de bouteilles en plastique recycl\u00e9es 100%. Notre engagement en faveur du d\u00e9veloppement durable fait de chaque article bien plus qu&#039;un simple accessoire\u00a0: c&#039;est un choix conscient pour un monde plus vert.\n<\/p>\n<p>\nMesurant 12 cm x 9 cm, ce petit portefeuille se glisse facilement dans une poche de veste ou un sac \u00e0 main, tout en offrant suffisamment d&#039;espace pour la monnaie, les cartes et les \u00e9couteurs. Que vous l&#039;emportiez au quotidien ou comme un souvenir des paysages \u00e9cossais qui l&#039;ont inspir\u00e9, c&#039;est une fa\u00e7on pratique et \u00e9l\u00e9gante d&#039;adopter un mode de vie durable.\n<\/p>\n<p>\n\u00c0 chaque achat, vous ne choisissez pas seulement un produit ; vous participez \u00e0 une histoire qui c\u00e9l\u00e8bre un savoir-faire m\u00e9ticuleux et r\u00e9duit les d\u00e9chets, un article magnifiquement con\u00e7u \u00e0 la fois.<\/p>\n<p>Notre Harris Tweed\u00ae est confectionn\u00e9 en pure laine vierge, il est donc pr\u00e9f\u00e9rable de le laver le moins souvent possible. Si l&#039;on vous demande comment laver votre accessoire, notre meilleure r\u00e9ponse est simple\u00a0: ce n&#039;est g\u00e9n\u00e9ralement pas n\u00e9cessaire. La laine poss\u00e8de naturellement des propri\u00e9t\u00e9s antibact\u00e9riennes et anti-odeurs, rendant le lavage superflu. Laissez simplement votre article en laine s\u00e9cher \u00e0 l&#039;air libre ou d\u00e9froissez-le l\u00e9g\u00e8rement \u00e0 la vapeur (ne repassez pas, utilisez simplement la vapeur). Au besoin, vous pouvez \u00e9galement utiliser une brosse douce pour enlever la poussi\u00e8re et les salet\u00e9s qui peuvent alt\u00e9rer l&#039;aspect des tissus en laine. <br \/>Si vous pr\u00e9f\u00e9rez laver vos accessoires en tweed, veuillez suivre les instructions de lavage ci-dessous.<\/p>\n<p>Instructions de lavage pour les accessoires Harris Tweed\u00ae\u00a0:<\/p>\n<p>\u2013 Lavage \u00e0 la main \u00e0 l\u2019eau froide et propre, maximum 30 degr\u00e9s.<br \/>\u2013 Nous recommandons l&#039;utilisation d&#039;une lessive liquide pour laine ou d&#039;un bon shampoing\/apr\u00e8s-shampoing 2 en 1.<br \/>\u2013 N\u2019utilisez jamais de lessive en poudre.<br \/>\u2013 Massez d\u00e9licatement une petite quantit\u00e9 de lessive sur le v\u00eatement. Ne tordez pas, ne frottez pas et n\u2019\u00e9tirez pas le v\u00eatement pendant le lavage.<br \/>\u2013 Rincez le v\u00eatement \u00e0 l&#039;eau claire.<br \/>\u2013 Ne soulevez pas le v\u00eatement, car le tissu mouill\u00e9 est plus lourd et s&#039;\u00e9tire.<br \/>\u2013 Enroulez d\u00e9licatement le v\u00eatement dans une serviette pour en extraire l&#039;exc\u00e9dent d&#039;eau.<br \/>\u2013 \u00c9talez le v\u00eatement \u00e0 plat sur une serviette et donnez-lui sa forme.<br \/>\u2013 Laissez le v\u00eatement s\u00e9cher \u00e0 l&#039;air libre, \u00e0 l&#039;abri des sources de chaleur directe et de la lumi\u00e8re du soleil.<br \/>\u2013 Piquez d\u00e9licatement le v\u00eatement avec un fer \u00e0 vapeur.<\/p>","protected":false},"excerpt":{"rendered":"<p>Porte-cartes Harris Tweed Highland \u00e0 carreaux roses et lavande.<\/p>\n<p>Chaque produit que nous fabriquons raconte une histoire, du premier fil \u00e0 la derni\u00e8re couture. Ce petit sac \u00e0 main est confectionn\u00e9 \u00e0 la main avec soin et est dot\u00e9 de fermetures \u00e9clair recycl\u00e9es et d&#039;\u00e9tiquettes tiss\u00e9es.<\/p>","protected":false},"featured_media":545393,"template":"","meta":[],"product_brand":[],"product_cat":[1212,1169,1241,1218,1142,1162,1138,1066,901,808],"product_tag":[],"class_list":{"0":"post-545392","1":"product","2":"type-product","3":"status-publish","4":"has-post-thumbnail","6":"product_cat-harris-tweed","7":"product_cat-harris-tweed-geldborsen","8":"product_cat-harris-tweed-kreditkartenetui-harris-tweed-taschen","9":"product_cat-harris-tweed-pasjeshouder","10":"product_cat-harris-tweed-portemonnees","11":"product_cat-harris-tweed-taschen","12":"product_cat-harris-tweed-tassen","13":"product_cat-portemonnee","14":"product_cat-taschen","15":"product_cat-tassen","16":"pa_merk-harristweed","18":"first","19":"instock","20":"taxable","21":"shipping-taxable","22":"purchasable","23":"product-type-simple"},"df_price":27.95,"df_sale_price":"","df_regular_price":27.95,"df_image_link":"https:\/\/harristweed-shop.be\/wp-content\/uploads\/2026\/03\/7c818be855f647e2052404bab2a939e6_Harris_Tweed_Highland_Card_Purse_Pink_Lavender_Plaid-300x300.jpeg","_links":{"self":[{"href":"https:\/\/harristweed-shop.be\/fr\/wp-json\/wp\/v2\/product\/545392","targetHints":{"allow":["GET"]}}],"collection":[{"href":"https:\/\/harristweed-shop.be\/fr\/wp-json\/wp\/v2\/product"}],"about":[{"href":"https:\/\/harristweed-shop.be\/fr\/wp-json\/wp\/v2\/types\/product"}],"wp:featuredmedia":[{"embeddable":true,"href":"https:\/\/harristweed-shop.be\/fr\/wp-json\/wp\/v2\/media\/545393"}],"wp:attachment":[{"href":"https:\/\/harristweed-shop.be\/fr\/wp-json\/wp\/v2\/media?parent=545392"}],"wp:term":[{"taxonomy":"product_brand","embeddable":true,"href":"https:\/\/harristweed-shop.be\/fr\/wp-json\/wp\/v2\/product_brand?post=545392"},{"taxonomy":"product_cat","embeddable":true,"href":"https:\/\/harristweed-shop.be\/fr\/wp-json\/wp\/v2\/product_cat?post=545392"},{"taxonomy":"product_tag","embeddable":true,"href":"https:\/\/harristweed-shop.be\/fr\/wp-json\/wp\/v2\/product_tag?post=545392"}],"curies":[{"name":"wp","href":"https:\/\/api.w.org\/{rel}","templated":true}]}}