{"id":545379,"date":"2026-03-17T12:06:27","date_gmt":"2026-03-17T12:06:27","guid":{"rendered":"https:\/\/harristweed-shop.be\/product\/harris-tweed-landscape-glasses-case-lichen-green\/"},"modified":"2026-03-17T12:06:29","modified_gmt":"2026-03-17T12:06:29","slug":"harris-tweed-landscape-glasses-case-lichen-green","status":"publish","type":"product","link":"https:\/\/harristweed-shop.be\/fr\/produit\/etui-a-lunettes-harris-tweed-a-motif-paysage-vert-lichen-2\/","title":{"rendered":"\u00c9tui \u00e0 lunettes Harris Tweed Paysage Vert Lichen"},"content":{"rendered":"<p>Prot\u00e9gez vos lunettes avec un morceau du patrimoine naturel \u00e9cossais. Inspir\u00e9 par le cycle des saisons des Highlands \u00e9cossaises, notre \u00e9tui \u00e0 lunettes Landscape allie la beaut\u00e9 intemporelle du Harris Tweed\u00ae \u00e0 un profond engagement en faveur du d\u00e9veloppement durable. Un cadeau unique et pr\u00e9cieux, \u00e0 s&#039;offrir ou \u00e0 offrir \u00e0 un \u00eatre cher.<\/p>\n<p>Cet \u00e9tui est confectionn\u00e9 \u00e0 la main dans notre Harris Tweed\u00ae contemporain exclusif, sp\u00e9cialement d\u00e9velopp\u00e9 pour l&#039;occasion, orn\u00e9 d&#039;un motif \u00e0 chevrons sur le devant et d&#039;un tweed gris classique au dos. Con\u00e7u pour durer, cet \u00e9l\u00e9gant \u00e9tui est doubl\u00e9 d&#039;un rembourrage en ouate de rPET (100%) issu du recyclage de bouteilles en plastique (rPET) afin de prot\u00e9ger vos lunettes.<\/p>\n<p>Notre philosophie \u00e9coresponsable se refl\u00e8te dans chaque composant, faisant de cet objet bien plus qu&#039;un simple accessoire : c&#039;est un choix conscient pour un monde plus vert.<\/p>\n<p>Sp\u00e9cifications et mat\u00e9riaux du produit\u00a0:<br \/>Dimensions : 8 cm x 18 cm.<br \/>Mati\u00e8res : Tweed Harris\u00ae tiss\u00e9 \u00e0 la main<br \/>Fermetures \u00e9clair recycl\u00e9es<br \/>\u00c9tiquettes tiss\u00e9es recycl\u00e9es<br \/>Fil de polyester fabriqu\u00e9 \u00e0 partir de bouteilles en plastique recycl\u00e9es 100%.<\/p>\n<p>Notre Harris Tweed\u00ae est confectionn\u00e9 en pure laine vierge, il est donc pr\u00e9f\u00e9rable de le laver le moins souvent possible. Si l&#039;on vous demande comment laver votre accessoire, notre meilleure r\u00e9ponse est simple\u00a0: ce n&#039;est g\u00e9n\u00e9ralement pas n\u00e9cessaire. La laine poss\u00e8de naturellement des propri\u00e9t\u00e9s antibact\u00e9riennes et anti-odeurs, rendant le lavage superflu. Laissez simplement votre article en laine s\u00e9cher \u00e0 l&#039;air libre ou d\u00e9froissez-le l\u00e9g\u00e8rement \u00e0 la vapeur (ne repassez pas, utilisez simplement la vapeur). Au besoin, vous pouvez \u00e9galement utiliser une brosse douce pour enlever la poussi\u00e8re et les salet\u00e9s qui peuvent alt\u00e9rer l&#039;aspect des tissus en laine. <br \/>Si vous pr\u00e9f\u00e9rez laver vos accessoires en tweed, veuillez suivre les instructions de lavage ci-dessous.<\/p>\n<p>Instructions de lavage pour les accessoires Harris Tweed\u00ae\u00a0:<\/p>\n<p>\u2013 Lavage \u00e0 la main \u00e0 l\u2019eau froide et propre, maximum 30 degr\u00e9s.<br \/>\u2013 Nous recommandons l&#039;utilisation d&#039;une lessive liquide pour laine ou d&#039;un bon shampoing\/apr\u00e8s-shampoing 2 en 1.<br \/>\u2013 N\u2019utilisez jamais de lessive en poudre.<br \/>\u2013 Massez d\u00e9licatement une petite quantit\u00e9 de lessive sur le v\u00eatement. Ne tordez pas, ne frottez pas et n\u2019\u00e9tirez pas le v\u00eatement pendant le lavage.<br \/>\u2013 Rincez le v\u00eatement \u00e0 l&#039;eau claire.<br \/>\u2013 Ne soulevez pas le v\u00eatement, car le tissu mouill\u00e9 est plus lourd et s&#039;\u00e9tire.<br \/>\u2013 Enroulez d\u00e9licatement le v\u00eatement dans une serviette pour en extraire l&#039;exc\u00e9dent d&#039;eau.<br \/>\u2013 \u00c9talez le v\u00eatement \u00e0 plat sur une serviette et donnez-lui sa forme.<br \/>\u2013 Laissez le v\u00eatement s\u00e9cher \u00e0 l&#039;air libre, \u00e0 l&#039;abri des sources de chaleur directe et de la lumi\u00e8re du soleil.<br \/>\u2013 Piquez d\u00e9licatement le v\u00eatement avec un fer \u00e0 vapeur.<\/p>","protected":false},"excerpt":{"rendered":"<p>\u00c9tui \u00e0 lunettes Harris Tweed Paysage Vert Lichen.<\/p>\n<p>Inspir\u00e9 par les saisons changeantes des Highlands \u00e9cossaises, notre \u00e9tui \u00e0 lunettes Landscape allie la beaut\u00e9 intemporelle du Harris Tweed\u00ae \u00e0 un profond engagement en faveur du d\u00e9veloppement durable.<\/p>","protected":false},"featured_media":545381,"template":"","meta":[],"product_brand":[],"product_cat":[1212,1229,1230],"product_tag":[],"class_list":{"0":"post-545379","1":"product","2":"type-product","3":"status-publish","4":"has-post-thumbnail","6":"product_cat-harris-tweed","7":"product_cat-harris-tweed-brillen-etui","8":"product_cat-harris-tweed-brillenetui","9":"pa_merk-harristweed","11":"first","12":"instock","13":"taxable","14":"shipping-taxable","15":"purchasable","16":"product-type-simple"},"df_price":34.95,"df_sale_price":"","df_regular_price":34.95,"df_image_link":"https:\/\/harristweed-shop.be\/wp-content\/uploads\/2026\/03\/8d1b3e7f38b026a5b3f403ac35a1e8d2_Harris_Tweed_Landscape_Glasses_Case_Lichen_Green-225x300.jpeg","_links":{"self":[{"href":"https:\/\/harristweed-shop.be\/fr\/wp-json\/wp\/v2\/product\/545379","targetHints":{"allow":["GET"]}}],"collection":[{"href":"https:\/\/harristweed-shop.be\/fr\/wp-json\/wp\/v2\/product"}],"about":[{"href":"https:\/\/harristweed-shop.be\/fr\/wp-json\/wp\/v2\/types\/product"}],"wp:featuredmedia":[{"embeddable":true,"href":"https:\/\/harristweed-shop.be\/fr\/wp-json\/wp\/v2\/media\/545381"}],"wp:attachment":[{"href":"https:\/\/harristweed-shop.be\/fr\/wp-json\/wp\/v2\/media?parent=545379"}],"wp:term":[{"taxonomy":"product_brand","embeddable":true,"href":"https:\/\/harristweed-shop.be\/fr\/wp-json\/wp\/v2\/product_brand?post=545379"},{"taxonomy":"product_cat","embeddable":true,"href":"https:\/\/harristweed-shop.be\/fr\/wp-json\/wp\/v2\/product_cat?post=545379"},{"taxonomy":"product_tag","embeddable":true,"href":"https:\/\/harristweed-shop.be\/fr\/wp-json\/wp\/v2\/product_tag?post=545379"}],"curies":[{"name":"wp","href":"https:\/\/api.w.org\/{rel}","templated":true}]}}