{"id":545363,"date":"2026-03-17T12:06:23","date_gmt":"2026-03-17T12:06:23","guid":{"rendered":"https:\/\/harristweed-shop.be\/product\/harris-tweed-highland-range-glasses-case-red-plaid\/"},"modified":"2026-03-17T12:06:24","modified_gmt":"2026-03-17T12:06:24","slug":"harris-tweed-highland-range-glasses-case-red-plaid","status":"publish","type":"product","link":"https:\/\/harristweed-shop.be\/fr\/produit\/harris-tweed-highland-range-glasses-case-red-plaid\/","title":{"rendered":"\u00c9tui \u00e0 lunettes Harris Tweed Highland Range \u00e0 carreaux rouges"},"content":{"rendered":"<p>Prot\u00e9gez votre vue, affirmez vos valeurs\u00a0: l\u2019\u00e9tui \u00e0 lunettes Harris Tweed<\/p>\n<p>Prot\u00e9gez vos lunettes avec style gr\u00e2ce \u00e0 notre \u00e9l\u00e9gant \u00e9tui \u00e0 lunettes Harris Tweed Highland Range.<\/p>\n<p>Inspir\u00e9e par les paysages \u00e9cossais \u00e0 couper le souffle, cette coque vous offre un aper\u00e7u de la beaut\u00e9 de l&#039;\u00c9cosse au quotidien. Bien plus qu&#039;un simple accessoire de protection, elle t\u00e9moigne de votre go\u00fbt pour un design intemporel, un savoir-faire m\u00e9ticuleux et une durabilit\u00e9 \u00e0 toute \u00e9preuve. Un plaisir \u00e0 s&#039;offrir ou un cadeau attentionn\u00e9 \u00e0 offrir \u00e0 un \u00eatre cher.<\/p>\n<p>Britton SCOTLAND est une marque \u00e9cossaise prim\u00e9e qui croit que \u201c chaque produit raconte une histoire \u201d. Cet \u00e9tui \u00e0 lunettes est soigneusement confectionn\u00e9 \u00e0 la main en Harris Tweed\u00ae tiss\u00e9 \u00e0 la main, un tissu \u00e9troitement li\u00e9 au patrimoine naturel de l\u2019\u00c9cosse.<\/p>\n<p>Le devant est en tweed Harris classique, tandis que le dos pr\u00e9sente un tweed contrastant assorti. Disponible en plusieurs coloris.<\/p>\n<p>Nos pochettes sont finies avec des \u00e9tiquettes tiss\u00e9es et comportent des \u00e9tiquettes en papier fabriqu\u00e9es \u00e0 partir de gobelets \u00e0 caf\u00e9 recycl\u00e9s et de fil de polyester fil\u00e9 \u00e0 partir de bouteilles en plastique recycl\u00e9es 100%.<\/p>\n<p>Notre \u00e9tui \u00e0 lunettes en Harris Tweed est id\u00e9al pour prot\u00e9ger toutes vos lunettes\u00a0: lunettes de vue, lunettes de lecture, lunettes de soleil, lunettes de rechange ou lunettes de conduite. Sa conception \u00e0 la fois r\u00e9sistante et souple assure une protection optimale de vos lunettes, tandis que son \u00e9l\u00e9gant motif apporte une touche d\u2019authenticit\u00e9 \u00e9cossaise \u00e0 votre sac ou votre bureau.<\/p>\n<\/p>\n<p>Sp\u00e9cifications et mat\u00e9riaux du produit\u00a0:<\/p>\n<p>\u2022 Dimensions : 8 cm de large x 18 cm de haut.<\/p>\n<p>\u2022 Mati\u00e8res : Tweed Harris\u00ae tiss\u00e9 \u00e0 la main (classique sur le devant, contrast\u00e9 au dos), \u00e9tiquettes tiss\u00e9es, fil de polyester fabriqu\u00e9 \u00e0 partir de bouteilles en plastique recycl\u00e9es 100%<\/p>\n<\/p>\n<p>Notre Harris Tweed\u00ae est confectionn\u00e9 en pure laine vierge, il est donc pr\u00e9f\u00e9rable de le laver le moins souvent possible. Si l&#039;on vous demande comment laver votre accessoire, notre meilleure r\u00e9ponse est simple\u00a0: ce n&#039;est g\u00e9n\u00e9ralement pas n\u00e9cessaire. La laine poss\u00e8de naturellement des propri\u00e9t\u00e9s antibact\u00e9riennes et anti-odeurs, rendant le lavage superflu. Laissez simplement votre article en laine s\u00e9cher \u00e0 l&#039;air libre ou d\u00e9froissez-le l\u00e9g\u00e8rement \u00e0 la vapeur (ne repassez pas, utilisez simplement la vapeur). Au besoin, vous pouvez \u00e9galement utiliser une brosse douce pour enlever la poussi\u00e8re et les salet\u00e9s qui peuvent alt\u00e9rer l&#039;aspect des tissus en laine. <br \/>Si vous pr\u00e9f\u00e9rez laver vos accessoires en tweed, veuillez suivre les instructions de lavage ci-dessous.<\/p>\n<p>Instructions de lavage pour les accessoires Harris Tweed\u00ae\u00a0:<\/p>\n<p>\u2013 Lavage \u00e0 la main \u00e0 l\u2019eau froide et propre, maximum 30 degr\u00e9s.<br \/>\u2013 Nous recommandons l&#039;utilisation d&#039;une lessive liquide pour laine ou d&#039;un bon shampoing\/apr\u00e8s-shampoing 2 en 1.<br \/>\u2013 N\u2019utilisez jamais de lessive en poudre.<br \/>\u2013 Massez d\u00e9licatement une petite quantit\u00e9 de lessive sur le v\u00eatement. Ne tordez pas, ne frottez pas et n\u2019\u00e9tirez pas le v\u00eatement pendant le lavage.<br \/>\u2013 Rincez le v\u00eatement \u00e0 l&#039;eau claire.<br \/>\u2013 Ne soulevez pas le v\u00eatement, car le tissu mouill\u00e9 est plus lourd et s&#039;\u00e9tire.<br \/>\u2013 Enroulez d\u00e9licatement le v\u00eatement dans une serviette pour en extraire l&#039;exc\u00e9dent d&#039;eau.<br \/>\u2013 \u00c9talez le v\u00eatement \u00e0 plat sur une serviette et donnez-lui sa forme.<br \/>\u2013 Laissez le v\u00eatement s\u00e9cher \u00e0 l&#039;air libre, \u00e0 l&#039;abri des sources de chaleur directe et de la lumi\u00e8re du soleil.<br \/>\u2013 Piquez d\u00e9licatement le v\u00eatement avec un fer \u00e0 vapeur.<\/p>","protected":false},"excerpt":{"rendered":"<p>\u00c9tui \u00e0 lunettes Harris Tweed Highland Range \u00e0 carreaux rouges.<\/p>\n<p>Inspir\u00e9e par les paysages \u00e9cossais \u00e0 couper le souffle, cette coque fait entrer la beaut\u00e9 de l&#039;\u00c9cosse dans votre quotidien. Bien plus qu&#039;un simple accessoire de protection, elle t\u00e9moigne de votre go\u00fbt pour un design intemporel, un savoir-faire m\u00e9ticuleux et une durabilit\u00e9 \u00e0 toute \u00e9preuve.<\/p>","protected":false},"featured_media":545366,"template":"","meta":[],"product_brand":[],"product_cat":[1212,1229,1230],"product_tag":[],"class_list":{"0":"post-545363","1":"product","2":"type-product","3":"status-publish","4":"has-post-thumbnail","6":"product_cat-harris-tweed","7":"product_cat-harris-tweed-brillen-etui","8":"product_cat-harris-tweed-brillenetui","9":"pa_merk-harristweed","11":"first","12":"instock","13":"taxable","14":"shipping-taxable","15":"purchasable","16":"product-type-simple"},"df_price":34.95,"df_sale_price":"","df_regular_price":34.95,"df_image_link":"https:\/\/harristweed-shop.be\/wp-content\/uploads\/2026\/03\/e1450a744e75bd6d9733bd289f8f2b9f_Harris_Tweed_Highland_Range_Glasses_Case_Red_Plaid-1-225x300.jpeg","_links":{"self":[{"href":"https:\/\/harristweed-shop.be\/fr\/wp-json\/wp\/v2\/product\/545363","targetHints":{"allow":["GET"]}}],"collection":[{"href":"https:\/\/harristweed-shop.be\/fr\/wp-json\/wp\/v2\/product"}],"about":[{"href":"https:\/\/harristweed-shop.be\/fr\/wp-json\/wp\/v2\/types\/product"}],"wp:featuredmedia":[{"embeddable":true,"href":"https:\/\/harristweed-shop.be\/fr\/wp-json\/wp\/v2\/media\/545366"}],"wp:attachment":[{"href":"https:\/\/harristweed-shop.be\/fr\/wp-json\/wp\/v2\/media?parent=545363"}],"wp:term":[{"taxonomy":"product_brand","embeddable":true,"href":"https:\/\/harristweed-shop.be\/fr\/wp-json\/wp\/v2\/product_brand?post=545363"},{"taxonomy":"product_cat","embeddable":true,"href":"https:\/\/harristweed-shop.be\/fr\/wp-json\/wp\/v2\/product_cat?post=545363"},{"taxonomy":"product_tag","embeddable":true,"href":"https:\/\/harristweed-shop.be\/fr\/wp-json\/wp\/v2\/product_tag?post=545363"}],"curies":[{"name":"wp","href":"https:\/\/api.w.org\/{rel}","templated":true}]}}